{"id":16380,"date":"2025-10-22T20:39:30","date_gmt":"2025-10-22T12:39:30","guid":{"rendered":"https:\/\/www.aokaifilters.com\/?post_type=product&#038;p=16380"},"modified":"2025-10-24T14:35:57","modified_gmt":"2025-10-24T06:35:57","slug":"api155","status":"publish","type":"product","link":"https:\/\/www.aokaifilters.com\/tr\/urun\/api155\/","title":{"rendered":"API155"},"content":{"rendered":"<div class=\"auto-hide-last-sibling-br paragraph-JOTKXA paragraph-element br-paragraph-space\"><span>Made from polyimide (PI) fibers via a needle-punching process, the PI needle-punched felt has core properties centered on &#8220;high temperature resistance, corrosion resistance, and efficient filtration,&#8221; making it suitable for high-temperature and corrosive industrial scenarios.<\/span><\/div>\n<div class=\"container-utlnW2 md-box-line-break wrapper-d0Cc1k undefined\"><\/div>\n<ul>\n<li class=\"auto-hide-last-sibling-br paragraph-JOTKXA paragraph-element br-paragraph-space\">Y\u00fcksek s\u0131cakl\u0131k dayan\u0131m\u0131<\/li>\n<li class=\"auto-hide-last-sibling-br paragraph-JOTKXA paragraph-element br-paragraph-space\">High filtration efficiency<\/li>\n<li class=\"auto-hide-last-sibling-br paragraph-JOTKXA paragraph-element br-paragraph-space\">Excellent chemical resistance<\/li>\n<li class=\"auto-hide-last-sibling-br paragraph-JOTKXA paragraph-element br-paragraph-space\">Reliable mechanical strength<\/li>\n<li class=\"auto-hide-last-sibling-br paragraph-JOTKXA paragraph-element br-paragraph-space\">Good anti-condensation performance<\/li>\n<\/ul>\n<div class=\"inter-wlTS5w\">\n<div class=\"container-QE4ayg\">\n<div class=\"item-jU10IN\">\n<div class=\"container-jODEnh chrome70-container\">\n<div class=\"inner-eE95c9 inner-item-aPP257\" data-target-id=\"message-box-target-id\" data-testid=\"union_message\">\n<div class=\"message-block-container-cloZOG\" data-testid=\"message-block-container\">\n<div class=\"message-box-ZWbBdF\" data-testid=\"receive_message\" data-message-id=\"5310900283216898\">\n<div class=\"answer-action-bar-dK8PGb bottom-action-bar-wrapper-m4142O large-space-rR3VEv answer-action-bar\" data-testid=\"message_action_bar\">\n<div class=\"container-GInBXR container-_d1kts bottom-action-bar-VbOOy3\" data-message-action-bar=\"1\"><\/div>\n<\/div>\n<\/div>\n<\/div>\n<\/div>\n<\/div>\n<\/div>\n<\/div>\n<\/div>","protected":false},"excerpt":{"rendered":"<p>Made from polyimide (PI) fibers via a needle-punching process, the PI needle-punched felt has core properties centered on &#8220;high temperature resistance, corrosion resistance, and efficient filtration,&#8221; making it suitable for high-temperature and corrosive industrial scenarios. High temperature resistance High filtration efficiency Excellent chemical resistance Reliable mechanical strength Good anti-condensation performance<\/p>","protected":false},"featured_media":16407,"template":"","meta":{"_acf_changed":false},"product_brand":[],"product_cat":[151],"product_tag":[],"class_list":{"0":"post-16380","1":"product","2":"type-product","3":"status-publish","4":"has-post-thumbnail","6":"product_cat-api","8":"first","9":"instock","10":"shipping-taxable","11":"product-type-simple"},"acf":[],"_links":{"self":[{"href":"https:\/\/www.aokaifilters.com\/tr\/wp-json\/wp\/v2\/product\/16380","targetHints":{"allow":["GET"]}}],"collection":[{"href":"https:\/\/www.aokaifilters.com\/tr\/wp-json\/wp\/v2\/product"}],"about":[{"href":"https:\/\/www.aokaifilters.com\/tr\/wp-json\/wp\/v2\/types\/product"}],"wp:featuredmedia":[{"embeddable":true,"href":"https:\/\/www.aokaifilters.com\/tr\/wp-json\/wp\/v2\/media\/16407"}],"wp:attachment":[{"href":"https:\/\/www.aokaifilters.com\/tr\/wp-json\/wp\/v2\/media?parent=16380"}],"wp:term":[{"taxonomy":"product_brand","embeddable":true,"href":"https:\/\/www.aokaifilters.com\/tr\/wp-json\/wp\/v2\/product_brand?post=16380"},{"taxonomy":"product_cat","embeddable":true,"href":"https:\/\/www.aokaifilters.com\/tr\/wp-json\/wp\/v2\/product_cat?post=16380"},{"taxonomy":"product_tag","embeddable":true,"href":"https:\/\/www.aokaifilters.com\/tr\/wp-json\/wp\/v2\/product_tag?post=16380"}],"curies":[{"name":"wp","href":"https:\/\/api.w.org\/{rel}","templated":true}]}}