{"id":12995,"date":"2025-04-16T05:07:16","date_gmt":"2025-04-16T05:07:16","guid":{"rendered":"https:\/\/www.aokaifilters.com\/?post_type=product&#038;p=12995"},"modified":"2025-10-22T20:06:27","modified_gmt":"2025-10-22T12:06:27","slug":"ps155t","status":"publish","type":"product","link":"https:\/\/www.aokaifilters.com\/tr\/urun\/ps155t\/","title":{"rendered":"PS155T"},"content":{"rendered":"<p><span>A PPS (polyphenylene sulfide) baghouse filter bag is characterized by its <\/span>excellent filtration efficiency in challenging environments, particularly due to its high-temperature resistance (up to 190\u00b0C continuous), superior chemical resistance to acids and alkalis, and good hydrolysis resistance.<\/p>\n<ul>\n<li>PTFE scrim<\/li>\n<li>Hizmet verilen sekt\u00f6rler: yenilenebilir enerji, enerji \u00fcretimi, kimya, \u00e7elik<\/li>\n<\/ul>","protected":false},"excerpt":{"rendered":"<p>A PPS (polyphenylene sulfide) baghouse filter bag is characterized by its excellent filtration efficiency in challenging environments, particularly due to its high-temperature resistance (up to 190\u00b0C continuous), superior chemical resistance to acids and alkalis, and good hydrolysis resistance. PTFE scrim Industries served: renewable energy, power generation, chemical, steel<\/p>","protected":false},"featured_media":12942,"template":"","meta":{"_acf_changed":false},"product_brand":[],"product_cat":[93],"product_tag":[],"class_list":{"0":"post-12995","1":"product","2":"type-product","3":"status-publish","4":"has-post-thumbnail","6":"product_cat-pps","8":"first","9":"instock","10":"shipping-taxable","11":"product-type-simple"},"acf":[],"_links":{"self":[{"href":"https:\/\/www.aokaifilters.com\/tr\/wp-json\/wp\/v2\/product\/12995","targetHints":{"allow":["GET"]}}],"collection":[{"href":"https:\/\/www.aokaifilters.com\/tr\/wp-json\/wp\/v2\/product"}],"about":[{"href":"https:\/\/www.aokaifilters.com\/tr\/wp-json\/wp\/v2\/types\/product"}],"wp:featuredmedia":[{"embeddable":true,"href":"https:\/\/www.aokaifilters.com\/tr\/wp-json\/wp\/v2\/media\/12942"}],"wp:attachment":[{"href":"https:\/\/www.aokaifilters.com\/tr\/wp-json\/wp\/v2\/media?parent=12995"}],"wp:term":[{"taxonomy":"product_brand","embeddable":true,"href":"https:\/\/www.aokaifilters.com\/tr\/wp-json\/wp\/v2\/product_brand?post=12995"},{"taxonomy":"product_cat","embeddable":true,"href":"https:\/\/www.aokaifilters.com\/tr\/wp-json\/wp\/v2\/product_cat?post=12995"},{"taxonomy":"product_tag","embeddable":true,"href":"https:\/\/www.aokaifilters.com\/tr\/wp-json\/wp\/v2\/product_tag?post=12995"}],"curies":[{"name":"wp","href":"https:\/\/api.w.org\/{rel}","templated":true}]}}