{"id":12963,"date":"2025-04-13T06:12:54","date_gmt":"2025-04-13T06:12:54","guid":{"rendered":"https:\/\/www.aokaifilters.com\/?post_type=product&#038;p=12963"},"modified":"2025-05-16T08:08:11","modified_gmt":"2025-05-16T08:08:11","slug":"psf158td","status":"publish","type":"product","link":"https:\/\/www.aokaifilters.com\/tr\/urun\/psf158td\/","title":{"rendered":"PSF158TD"},"content":{"rendered":"<p>Bu malzeme, daha fazla y\u00fczey alan\u0131 ve daha y\u00fcksek filtrasyon alan\u0131 sa\u011flayan s\u00fcper ince denye PPS'yi entegre eder. Temel \u00f6zellikler \u015funlard\u0131r:<\/p>\n<ul>\n<li>PTFE bez ile s\u00fcper ince denye PPS<\/li>\n<li>PTFE kaplama (i\u015flem sonras\u0131)<\/li>\n<li>Hizmet verilen sekt\u00f6rler: yenilenebilir enerji, enerji \u00fcretimi, kimya, \u00e7elik<\/li>\n<\/ul>\n<p>&nbsp;<\/p>","protected":false},"excerpt":{"rendered":"<p>This material integrates superfine denier PPS, which facilitates increased surface area, and higher filtration area. Key features include: Superfine denier PPS, with PTFE scrim PTFE coating (post-treatment) Industries served: renewable energy, power generation, chemical, steel &nbsp;<\/p>","protected":false},"featured_media":12942,"template":"","meta":{"_acf_changed":false},"product_brand":[],"product_cat":[93],"product_tag":[],"class_list":{"0":"post-12963","1":"product","2":"type-product","3":"status-publish","4":"has-post-thumbnail","6":"product_cat-pps","8":"first","9":"instock","10":"shipping-taxable","11":"product-type-simple"},"acf":[],"_links":{"self":[{"href":"https:\/\/www.aokaifilters.com\/tr\/wp-json\/wp\/v2\/product\/12963","targetHints":{"allow":["GET"]}}],"collection":[{"href":"https:\/\/www.aokaifilters.com\/tr\/wp-json\/wp\/v2\/product"}],"about":[{"href":"https:\/\/www.aokaifilters.com\/tr\/wp-json\/wp\/v2\/types\/product"}],"wp:featuredmedia":[{"embeddable":true,"href":"https:\/\/www.aokaifilters.com\/tr\/wp-json\/wp\/v2\/media\/12942"}],"wp:attachment":[{"href":"https:\/\/www.aokaifilters.com\/tr\/wp-json\/wp\/v2\/media?parent=12963"}],"wp:term":[{"taxonomy":"product_brand","embeddable":true,"href":"https:\/\/www.aokaifilters.com\/tr\/wp-json\/wp\/v2\/product_brand?post=12963"},{"taxonomy":"product_cat","embeddable":true,"href":"https:\/\/www.aokaifilters.com\/tr\/wp-json\/wp\/v2\/product_cat?post=12963"},{"taxonomy":"product_tag","embeddable":true,"href":"https:\/\/www.aokaifilters.com\/tr\/wp-json\/wp\/v2\/product_tag?post=12963"}],"curies":[{"name":"wp","href":"https:\/\/api.w.org\/{rel}","templated":true}]}}