{"id":9161,"date":"2023-08-17T14:51:11","date_gmt":"2023-08-17T14:51:11","guid":{"rendered":"https:\/\/www.aokaifilters.com\/?page_id=9161"},"modified":"2025-09-10T11:35:58","modified_gmt":"2025-09-10T03:35:58","slug":"non-ferrous-metals-industry","status":"publish","type":"page","link":"https:\/\/www.aokaifilters.com\/tr\/industries\/non-ferrous-metals-industry\/","title":{"rendered":"Demir D\u0131\u015f\u0131 Metaller Sekt\u00f6r\u00fc"},"content":{"rendered":"<section class=\"l-section wpb_row us_custom_209d813c height_custom with_img parallax_ver\"><div class=\"l-section-img\" role=\"img\" aria-label=\"Demir D\u0131\u015f\u0131 Metaller Tesisi Toz Toplama\" data-img-width=\"2560\" data-img-height=\"1435\" style=\"background-image: url(https:\/\/www.aokaifilters.com\/wp-content\/uploads\/2023\/09\/metallurgy-2-scaled.jpg);background-position: bottom center;background-repeat: no-repeat;background-size: contain;\"><\/div><div class=\"l-section-overlay\" style=\"background:rgba(0,0,0,0.20)\"><\/div><div class=\"l-section-h i-cf\"><div class=\"g-cols vc_row via_grid cols_1 laptops-cols_inherit tablets-cols_inherit mobiles-cols_1 valign_top type_default stacking_default\"><div class=\"wpb_column vc_column_container\"><div class=\"vc_column-inner\"><nav class=\"g-breadcrumbs us_custom_2509bbe8 has_text_color separator_icon align_center hide_current\" itemscope itemtype=\"http:\/\/schema.org\/BreadcrumbList\"><div class=\"g-breadcrumbs-item\" itemscope itemprop=\"itemListElement\" itemtype=\"http:\/\/schema.org\/ListItem\"><a itemprop=\"item\" href=\"https:\/\/www.aokaifilters.com\/tr\/\"><span itemprop=\"name\">Giri\u015f<\/span><\/a><meta itemprop=\"position\" content=\"1\"\/><\/div><div class=\"g-breadcrumbs-separator\"><i class=\"far fa-angle-right\"><\/i><\/div><div class=\"g-breadcrumbs-item\">Sayfalar<\/div><\/nav><div class=\"w-separator size_medium\"><\/div><h1 class=\"w-post-elm post_title us_custom_8b3d6790 has_text_color align_center entry-title color_link_inherit\">Demir D\u0131\u015f\u0131 Metaller Sekt\u00f6r\u00fc<\/h1><\/div><\/div><\/div><\/div><\/section><section class=\"l-section wpb_row height_medium\"><div class=\"l-section-h i-cf\"><div class=\"g-cols vc_row via_grid cols_2 laptops-cols_inherit tablets-cols_inherit mobiles-cols_1 valign_top type_default stacking_default\" style=\"--columns-gap:5vw;\"><div class=\"wpb_column vc_column_container\"><div class=\"vc_column-inner\"><div class=\"w-text us_custom_fedafa2a has_text_color\"><span class=\"w-text-h\"><span class=\"w-text-value\">Demir D\u0131\u015f\u0131 Metaller Sekt\u00f6r\u00fc<\/span><\/span><\/div><div class=\"wpb_text_column\"><div class=\"wpb_wrapper\"><h2>Industry Overview<\/h2>\n<p>Non-ferrous metals are metals that do not contain iron or ferrous. Non-ferrous metals include aluminum, copper, zinc, lead, nickel, titanium, tin, and precious metals such as gold and silver. Non-ferrous metals offer some compelling characteristic properties:<\/p>\n<ul>\n<li>High corrosioin and rust resistance<\/li>\n<li>Non-magnetic property<\/li>\n<li>Lower\u00a0 melting point<\/li>\n<li>Excellent thermal and electrical conductivities<\/li>\n<li>Ductility and malleability<\/li>\n<li>Lightweight<\/li>\n<li>Recyclability<\/li>\n<\/ul>\n<p>As a result, these metals find extensive applications across automotive, aerospace, defense, electronics, electricity &amp; energy, construction, healthcare and mechanical engineering industries.<\/p>\n<p>Non-ferrous metal manufacturing process is energy intensive as it takes a great amount of fuels to smelt and refine metals. In addition, acids and alkalis and other chemical reagents are often used in the main process. As a result, a significant amount of particulate emissions occurs. Therefore, non-ferrous metal plants need efficient filtratioin solutions.<\/p>\n<\/div><\/div><\/div><\/div><div class=\"wpb_column vc_column_container type_sticky\"><div class=\"vc_column-inner\"><div class=\"w-image us_custom_447bff20 has_ratio align_none\"><div class=\"w-image-h\"><div style=\"padding-bottom:66.6667%\"><\/div><img decoding=\"async\" width=\"600\" height=\"400\" src=\"https:\/\/www.aokaifilters.com\/wp-content\/uploads\/2023\/09\/metallurgy-4-600x400.jpg\" class=\"attachment-us_600_600 size-us_600_600\" alt=\"Non-Ferrous Metals Plant Dust Collection\" loading=\"lazy\" title=\"\"><\/div><\/div><\/div><\/div><\/div><\/div><\/section><section class=\"l-section wpb_row height_auto\"><div class=\"l-section-h i-cf\"><div class=\"g-cols vc_row via_grid cols_1 laptops-cols_inherit tablets-cols_inherit mobiles-cols_1 valign_top type_default stacking_default\"><div class=\"wpb_column vc_column_container\"><div class=\"vc_column-inner\"><div class=\"w-separator size_small with_line width_50 thick_2 style_solid color_border align_center\"><div class=\"w-separator-h\"><\/div><\/div><\/div><\/div><\/div><\/div><\/section><section class=\"l-section wpb_row height_medium\"><div class=\"l-section-h i-cf\"><div class=\"g-cols vc_row via_grid cols_2 laptops-cols_inherit tablets-cols_inherit mobiles-cols_1 valign_top type_default stacking_default\" style=\"--columns-gap:5vw;\"><div class=\"wpb_column vc_column_container\"><div class=\"vc_column-inner\"><div class=\"w-text us_custom_fedafa2a has_text_color\"><span class=\"w-text-h\"><span class=\"w-text-value\">Non-Ferrous Metals Industry Filtration Characteristics<\/span><\/span><\/div><div class=\"wpb_text_column\"><div class=\"wpb_wrapper\"><h2>Dust Filtration Challenges<\/h2>\n<p>Fugitive dust emissions occur at multiple points through the manufacturing processes in non-ferror metal plants. Main sources of emission include raw material storage and handling, roasting, smelting, refining, melting and casting. Main air pollutants emitted include CO<sub>2<\/sub>, CO, NO<sub>x<\/sub>, PM10, sulfur oxides (SO<sub>x<\/sub>), VOCs (volatile organic compounds), dioxins &amp; furans, NH<span style=\"font-size: 13.3333px;\"><sub>3<\/sub><\/span>,\u00a0hydrochloric acid (HCl), fluorine &amp; inorganic compounds, chlorine &amp; inorganic compounds, PAHs and PFCs. The dust ladden gas flow generated during the manufacturing processes has the following characteristics:<\/p>\n<ul>\n<li>High moisture level at high temperature<\/li>\n<li>Acid corrosive<\/li>\n<li>Fluctuated airflow velocity<\/li>\n<li>High dust density<\/li>\n<\/ul>\n<\/div><\/div><\/div><\/div><div class=\"wpb_column vc_column_container\"><div class=\"vc_column-inner\"><div class=\"w-text us_custom_fedafa2a has_text_color\"><span class=\"w-text-h\"><span class=\"w-text-value\">Non-Ferrous Metals Industry Filtration Solutions<\/span><\/span><\/div><div class=\"wpb_text_column\"><div class=\"wpb_wrapper\"><h2>Aokai Industrial Filtration Solutions<\/h2>\n<p>Aokai\u2019s depth of expertise and understanding of the unique filtration challenges that exist in the non-ferrous metals industry has seen many innovative filtration solutions developed specifically to help solve these challenges. Our primary goal is to help industrial customers keep operating and maintenance costs to a minimum with safe, clean, and efficient production using complete solutions for dust and fume filtration at all stages in the non-ferrous metal manufacturing process. Our filtration solutions have the following advantages:<\/p>\n<ul>\n<li>Increased airflow<\/li>\n<li>Reduced dust emissions<\/li>\n<li>Increased filter bag life due to reduced cleaning<\/li>\n<li>Increased energy efficiency due to reduced cleaning<\/li>\n<li>Potential decreased number of installed filter bags<\/li>\n<\/ul>\n<\/div><\/div><\/div><\/div><\/div><\/div><\/section><section class=\"l-section wpb_row height_auto\"><div class=\"l-section-h i-cf\"><div class=\"g-cols vc_row via_grid cols_1 laptops-cols_inherit tablets-cols_inherit mobiles-cols_1 valign_top type_default stacking_default\"><div class=\"wpb_column vc_column_container\"><div class=\"vc_column-inner\"><div class=\"w-separator size_small with_line width_50 thick_2 style_solid color_border align_center\"><div class=\"w-separator-h\"><\/div><\/div><\/div><\/div><\/div><\/div><\/section><section class=\"l-section wpb_row height_medium\"><div class=\"l-section-overlay\" style=\"background:var(--color-content-bg)\"><\/div><div class=\"l-section-h i-cf\"><div class=\"g-cols vc_row via_grid cols_1 laptops-cols_inherit tablets-cols_inherit mobiles-cols_1 valign_top type_default stacking_default\"><div class=\"wpb_column vc_column_container\"><div class=\"vc_column-inner\"><div class=\"w-text us_custom_39fbd8f9 has_text_color\"><span class=\"w-text-h\"><span class=\"w-text-value\">Non-Ferrous Metals Industry Filtration Solutions<\/span><\/span><\/div><div class=\"wpb_text_column\"><div class=\"wpb_wrapper\"><h2>Filter Media and Filter Bags for Non-Ferrous Metals Industry<\/h2>\n<p>Aokai baghouse filter bag products that are most commonly used in the Non-Ferrous Metals Industry.<\/p>\n<\/div><\/div><div class=\"w-separator size_large\"><\/div><div class=\"wpb_text_column\"><div class=\"wpb_wrapper\">\n<table id=\"tablepress-14\" class=\"tablepress tablepress-id-14\">\n<thead>\n<tr class=\"row-1\">\n\t<th class=\"column-1\"><strong>Characteristics<\/strong><\/th><th class=\"column-2\"><strong>Rating<\/strong><\/th><th class=\"column-3\"><strong>Rating<\/strong><\/th><th class=\"column-4\"><strong>Rating<\/strong><\/th>\n<\/tr>\n<\/thead>\n<tbody class=\"row-striping row-hover\">\n<tr class=\"row-2\">\n\t<td class=\"column-1\">Product<\/td><td class=\"column-2\">AKG075WM<\/td><td class=\"column-3\">PT180M<\/td><td class=\"column-4\">PMP565<\/td>\n<\/tr>\n<tr class=\"row-3\">\n\t<td class=\"column-1\">Fiber Content<\/td><td class=\"column-2\">100% Fiberglass<\/td><td class=\"column-3\">100% PTFE<\/td><td class=\"column-4\">Modified PPS+PTFE<\/td>\n<\/tr>\n<tr class=\"row-4\">\n\t<td class=\"column-1\">A\u011f\u0131rl\u0131k<\/td><td class=\"column-2\">750g\/m\u00b2 (22.12oz\/yd\u00b2)<\/td><td class=\"column-3\">800g\/m\u00b2 (23.60oz\/yd\u00b2)<\/td><td class=\"column-4\">650g\/m\u00b2 ( 19.17oz\/yd\u00b2)<\/td>\n<\/tr>\n<tr class=\"row-5\">\n\t<td class=\"column-1\">Kal\u0131nl\u0131k<\/td><td class=\"column-2\">1.0mm (0.039in)<\/td><td class=\"column-3\">1.2mm (0.047in)<\/td><td class=\"column-4\">2.20mm (0.086in)<\/td>\n<\/tr>\n<tr class=\"row-6\">\n\t<td class=\"column-1\">S\u00fcrekli \u00c7al\u0131\u015fma S\u0131cakl\u0131\u011f\u0131<\/td><td class=\"column-2\">260\u00b0C (500\u00b0F)<\/td><td class=\"column-3\">240\u2103 (464\u00b0F)<\/td><td class=\"column-4\">200\u00b0C (392\u00b0F)<\/td>\n<\/tr>\n<tr class=\"row-7\">\n\t<td class=\"column-1\">Maximum Surge Temperature<\/td><td class=\"column-2\">280\u00b0C (536\u00b0F)<\/td><td class=\"column-3\">260\u2103 (500\u00b0F)<\/td><td class=\"column-4\">240\u00b0C (464\u00b0F)<\/td>\n<\/tr>\n<tr class=\"row-8\">\n\t<td class=\"column-1\">A\u015f\u0131nma Direnci<\/td><td class=\"column-2\">Adil<\/td><td class=\"column-3\">\u0130yi<\/td><td class=\"column-4\">\u0130yi<\/td>\n<\/tr>\n<tr class=\"row-9\">\n\t<td class=\"column-1\">Asit Direnci<\/td><td class=\"column-2\">Adil<\/td><td class=\"column-3\">M\u00fckemmel<\/td><td class=\"column-4\">M\u00fckemmel<\/td>\n<\/tr>\n<tr class=\"row-10\">\n\t<td class=\"column-1\">Alkali Direnci<\/td><td class=\"column-2\">Adil<\/td><td class=\"column-3\">M\u00fckemmel<\/td><td class=\"column-4\">M\u00fckemmel<\/td>\n<\/tr>\n<tr class=\"row-11\">\n\t<td class=\"column-1\">Moist Heat Resistant<\/td><td class=\"column-2\">\u0130yi<\/td><td class=\"column-3\">M\u00fckemmel<\/td><td class=\"column-4\">M\u00fckemmel<\/td>\n<\/tr>\n<tr class=\"row-12\">\n\t<td class=\"column-1\">Energy Absorbsion<\/td><td class=\"column-2\">\u0130yi<\/td><td class=\"column-3\">M\u00fckemmel<\/td><td class=\"column-4\">\u0130yi<\/td>\n<\/tr>\n<tr class=\"row-13\">\n\t<td class=\"column-1\">Filtration Property<\/td><td class=\"column-2\">99.99%<\/td><td class=\"column-3\">99.999%<\/td><td class=\"column-4\">99.99%<\/td>\n<\/tr>\n<\/tbody>\n<\/table>\n<!-- #tablepress-14 from cache -->\n<\/div><\/div><\/div><\/div><\/div><\/div><\/section>","protected":false},"excerpt":{"rendered":"Giri\u015fSayfalarNon-Ferrous Metals IndustryNon-Ferrous Metals IndustryIndustry Overview Non-ferrous metals are metals that do not contain iron or ferrous. Non-ferrous metals include aluminum, copper, zinc, lead, nickel, titanium, tin, and precious metals such as gold and silver. Non-ferrous metals offer some compelling characteristic properties: High corrosioin and rust resistance Non-magnetic property Lower\u00a0 melting point Excellent thermal and...","protected":false},"author":1,"featured_media":0,"parent":2069,"menu_order":0,"comment_status":"closed","ping_status":"closed","template":"","meta":{"_acf_changed":false,"footnotes":""},"class_list":["post-9161","page","type-page","status-publish","hentry"],"acf":[],"_links":{"self":[{"href":"https:\/\/www.aokaifilters.com\/tr\/wp-json\/wp\/v2\/pages\/9161","targetHints":{"allow":["GET"]}}],"collection":[{"href":"https:\/\/www.aokaifilters.com\/tr\/wp-json\/wp\/v2\/pages"}],"about":[{"href":"https:\/\/www.aokaifilters.com\/tr\/wp-json\/wp\/v2\/types\/page"}],"author":[{"embeddable":true,"href":"https:\/\/www.aokaifilters.com\/tr\/wp-json\/wp\/v2\/users\/1"}],"replies":[{"embeddable":true,"href":"https:\/\/www.aokaifilters.com\/tr\/wp-json\/wp\/v2\/comments?post=9161"}],"version-history":[{"count":0,"href":"https:\/\/www.aokaifilters.com\/tr\/wp-json\/wp\/v2\/pages\/9161\/revisions"}],"up":[{"embeddable":true,"href":"https:\/\/www.aokaifilters.com\/tr\/wp-json\/wp\/v2\/pages\/2069"}],"wp:attachment":[{"href":"https:\/\/www.aokaifilters.com\/tr\/wp-json\/wp\/v2\/media?parent=9161"}],"curies":[{"name":"wp","href":"https:\/\/api.w.org\/{rel}","templated":true}]}}