{"id":9158,"date":"2023-08-17T14:49:44","date_gmt":"2023-08-17T14:49:44","guid":{"rendered":"https:\/\/www.aokaifilters.com\/?page_id=9158"},"modified":"2026-04-14T16:42:14","modified_gmt":"2026-04-14T08:42:14","slug":"power-generation-industry","status":"publish","type":"page","link":"https:\/\/www.aokaifilters.com\/tr\/industries\/power-generation-industry\/","title":{"rendered":"Filter Bags For Power Generation Industry"},"content":{"rendered":"<section class=\"l-section wpb_row us_custom_209d813c height_custom with_img parallax_ver\"><div class=\"l-section-img\" role=\"img\" aria-label=\"Filter bags for boiler\" data-img-width=\"1401\" data-img-height=\"667\" style=\"background-image: url(https:\/\/www.aokaifilters.com\/wp-content\/uploads\/2023\/09\/power-plant-7.jpg);background-position: top center;background-repeat: no-repeat;background-size: contain;\"><\/div><div class=\"l-section-overlay\" style=\"background:rgba(0,0,0,0.20)\"><\/div><div class=\"l-section-h i-cf\"><div class=\"g-cols vc_row via_grid cols_1 laptops-cols_inherit tablets-cols_inherit mobiles-cols_1 valign_top type_default stacking_default\"><div class=\"wpb_column vc_column_container\"><div class=\"vc_column-inner\"><nav class=\"g-breadcrumbs us_custom_2509bbe8 has_text_color separator_icon align_center hide_current\" itemscope itemtype=\"http:\/\/schema.org\/BreadcrumbList\"><div class=\"g-breadcrumbs-item\" itemscope itemprop=\"itemListElement\" itemtype=\"http:\/\/schema.org\/ListItem\"><a itemprop=\"item\" href=\"https:\/\/www.aokaifilters.com\/tr\/\"><span itemprop=\"name\">Giri\u015f<\/span><\/a><meta itemprop=\"position\" content=\"1\"\/><\/div><div class=\"g-breadcrumbs-separator\"><i class=\"far fa-angle-right\"><\/i><\/div><div class=\"g-breadcrumbs-item\">Sayfalar<\/div><\/nav><div class=\"w-separator size_medium\"><\/div><h1 class=\"w-post-elm post_title us_custom_8b3d6790 has_text_color align_center entry-title color_link_inherit\">Filter Bags For Power Generation Industry<\/h1><\/div><\/div><\/div><\/div><\/section><section class=\"l-section wpb_row height_medium\"><div class=\"l-section-h i-cf\"><div class=\"g-cols vc_row via_grid cols_2 laptops-cols_inherit tablets-cols_inherit mobiles-cols_1 valign_top type_default stacking_default\" style=\"--columns-gap:5vw;\"><div class=\"wpb_column vc_column_container\"><div class=\"vc_column-inner\"><div class=\"w-text us_custom_fedafa2a has_text_color\"><span class=\"w-text-h\"><span class=\"w-text-value\">Enerji \u00dcretim End\u00fcstrisi<\/span><\/span><\/div><div class=\"wpb_text_column\"><div class=\"wpb_wrapper\"><h2>Industry Overview<\/h2>\n<p>Power Generation Industry is all about generating electricity from primary energy sources, such as coal, natural gas, nuclear, solar, wind and hydro power. All power plants are created with one particular goal: to produce electric power as efficiently as possible. There are several types of power plants depending mainly on the sources of energy that are used. Among them, solar, wind and hydro energy are considered as the clean, sustainable and renewable energy.<\/p>\n<p>The percentage of electricity generated by the clean energy sources is on the rise as governments around the world are making the Net Zero Emission committments by 2050. However, fosil fuels are still the dominant energy source currently. In 2022, more than 60% of electricity was generated by Thermal Power Plants by burning fosil fuels (natural gas, coal and oil), and only 27% of electricity was generated by clean energy sources.<\/p>\n<p>Air pollution from Thermal Power Plants contains more than 80 hazardous air pollutants, including arsenic, chromium, lead, formaldehyde, acid gases, dioxins and furans. These pollutants cause cancer; damage the eyes, skin and breathing passages; harm the kidneys, lungs, and nervous system; cause cardiovascular disease. They harm people not only near the plants, but also hundreds of miles away. Thermal Power Plants also emit mercury into the air, which falls into waterways and accumulates in fish that families eat. This potent neurotoxin causes permanent damage to the brains of babies and children, leading to developmental delays, learning disabilities and birth defects. Less talked about are the impacts of the acid gases these plants emit. They spew out of the smokestacks as gases but change into deadly\u00a0particle pollution\u00a0in the atmosphere. Particle pollution alone worsens asthma, triggers heart attacks, causes lung cancer and shortens lives.<\/p>\n<p>It&#8217;s crucially important to keep the dust collection systems at their peak performance at Thermal Power Plants in order to keep the dust emission contained and controlled.<\/p>\n<\/div><\/div><\/div><\/div><div class=\"wpb_column vc_column_container type_sticky\"><div class=\"vc_column-inner\"><div class=\"w-image us_custom_447bff20 has_ratio align_none\"><div class=\"w-image-h\"><div style=\"padding-bottom:100%\"><\/div><img decoding=\"async\" width=\"600\" height=\"336\" src=\"https:\/\/www.aokaifilters.com\/wp-content\/uploads\/2023\/08\/power-plant-4-scaled.jpg\" class=\"attachment-us_600_600 size-us_600_600\" alt=\"Power Plant Dust Collection\" loading=\"lazy\" title=\"\"><\/div><\/div><\/div><\/div><\/div><\/div><\/section><section class=\"l-section wpb_row height_auto\"><div class=\"l-section-h i-cf\"><div class=\"g-cols vc_row via_grid cols_1 laptops-cols_inherit tablets-cols_inherit mobiles-cols_1 valign_top type_default stacking_default\"><div class=\"wpb_column vc_column_container\"><div class=\"vc_column-inner\"><div class=\"w-separator size_small with_line width_50 thick_2 style_solid color_border align_center\"><div class=\"w-separator-h\"><\/div><\/div><\/div><\/div><\/div><\/div><\/section><section class=\"l-section wpb_row height_medium\"><div class=\"l-section-h i-cf\"><div class=\"g-cols vc_row via_grid cols_2 laptops-cols_inherit tablets-cols_inherit mobiles-cols_1 valign_top type_default stacking_default\" style=\"--columns-gap:5vw;\"><div class=\"wpb_column vc_column_container\"><div class=\"vc_column-inner\"><div class=\"w-text us_custom_fedafa2a has_text_color\"><span class=\"w-text-h\"><span class=\"w-text-value\">Power Generation Industry Filtration Characteristics<\/span><\/span><\/div><div class=\"wpb_text_column\"><div class=\"wpb_wrapper\"><h2>Dust Filtration Challenges<\/h2>\n<p>In thermal power plants coal is burnt to heat the boiler to a high temperature to produce steam. This super heated steam is used to rotate a steam turbine to which a power generator is connected resulting in the generation of electricity.<\/p>\n<p>To generate electricity power plants use different processes which result in the particulate matter being released into the environment causing a high degree of air pollution. Thermal power plants are a major source of air pollution in many countries across the globe. The pollution caused by these power plants is severe enough people who are residing near power plants are more prone to respiratory illnesses as they have a comparatively higher exposure to particulate matter. The PM 10 and PM 2.5 levels of the surrounding area are usually higher than the prescribed limits.<\/p>\n<p>Coal storage, coal handling, boiler, ash handling, ash storage, ash discharge and transportation are the major contributors to the release of particulate matter from thermal power plants. Dust emissions from thermal power plants usually have the following characteristics:<\/p>\n<ul>\n<li>Massive discharge mainly at the fuel combustion stage<\/li>\n<li>Complex composition: more than 80 hazardous air pollutants, including sulfur dioxide (SO<sub>2<\/sub>), nitrogen oxides (NO<span style=\"font-size: 13.3333px;\">x<\/span>), carbon dioxide (CO<sub>2<\/sub>), acid gases and mercury<\/li>\n<li>High moisture at high temperature<\/li>\n<\/ul>\n<\/div><\/div><\/div><\/div><div class=\"wpb_column vc_column_container\"><div class=\"vc_column-inner\"><div class=\"w-text us_custom_fedafa2a has_text_color\"><span class=\"w-text-h\"><span class=\"w-text-value\">Power Generation Industry Filtration Solutions<\/span><\/span><\/div><div class=\"wpb_text_column\"><div class=\"wpb_wrapper\"><h2>Aokai Industrial Filtration Solutions<\/h2>\n<p>For almost 20 years, we\u2019ve earned a reputation for reliability in power generation plants. Our customers count on us in the most challenging applications where failure is not an option. Our products work as intended the first time, and consistently every time. But our value doesn\u2019t stop there. We consistently develop innovative, high-performance, and long-lasting filtration products that meet high emission standards. Focusing on industry specific emission control requirements, our Power Generation Industry filtration solutions have the following advantages:<\/p>\n<ul>\n<li>Effectively capture fine dust and particles<\/li>\n<li>Corrosion resistance<\/li>\n<li>Increased energy efficiency due to reduced cleaning<\/li>\n<li>Effectively maintain a low differential pressure<\/li>\n<\/ul>\n<\/div><\/div><\/div><\/div><\/div><\/div><\/section><section class=\"l-section wpb_row height_auto\"><div class=\"l-section-h i-cf\"><div class=\"g-cols vc_row via_grid cols_1 laptops-cols_inherit tablets-cols_inherit mobiles-cols_1 valign_top type_default stacking_default\"><div class=\"wpb_column vc_column_container\"><div class=\"vc_column-inner\"><div class=\"w-separator size_small with_line width_50 thick_2 style_solid color_border align_center\"><div class=\"w-separator-h\"><\/div><\/div><\/div><\/div><\/div><\/div><\/section><section class=\"l-section wpb_row height_medium\"><div class=\"l-section-overlay\" style=\"background:var(--color-content-bg)\"><\/div><div class=\"l-section-h i-cf\"><div class=\"g-cols vc_row via_grid cols_1 laptops-cols_inherit tablets-cols_inherit mobiles-cols_1 valign_top type_default stacking_default\"><div class=\"wpb_column vc_column_container\"><div class=\"vc_column-inner\"><div class=\"w-text us_custom_39fbd8f9 has_text_color\"><span class=\"w-text-h\"><span class=\"w-text-value\">Power Generation Industry Filtration Solutions<\/span><\/span><\/div><div class=\"wpb_text_column\"><div class=\"wpb_wrapper\"><h2><a href=\"https:\/\/www.aokaifilters.com\/tr\/pps-filter-bag\/\">Filter Media and Filter Bags for Power Plants<\/a><\/h2>\n<p>Aokai baghouse filter bag products that are most commonly used in the Power Generation Industry:<\/p>\n<\/div><\/div><div class=\"w-separator size_medium\"><\/div><div class=\"wpb_text_column us_custom_e90633e5 has_text_color\"><div class=\"wpb_wrapper\">\n<table id=\"tablepress-12\" class=\"tablepress tablepress-id-12\">\n<thead>\n<tr class=\"row-1\">\n\t<th class=\"column-1\"><strong>Characteristics<\/strong><\/th><th class=\"column-2\"><strong>Rating<\/strong><\/th><th class=\"column-3\"><strong>Rating<\/strong><\/th><th class=\"column-4\"><strong>Rating<\/strong><\/th><th class=\"column-5\"><strong>Rating<\/strong><\/th>\n<\/tr>\n<\/thead>\n<tbody class=\"row-striping row-hover\">\n<tr class=\"row-2\">\n\t<td class=\"column-1\">Product<\/td><td class=\"column-2\">PS155<\/td><td class=\"column-3\">PSF158<\/td><td class=\"column-4\">PMP465<\/td><td class=\"column-5\">PMP565<\/td>\n<\/tr>\n<tr class=\"row-3\">\n\t<td class=\"column-1\">Fiber Content<\/td><td class=\"column-2\">100% PPS<\/td><td class=\"column-3\">PPS &amp; Superfine Fiber Blend<\/td><td class=\"column-4\">PPS &amp; PTFE Blend<\/td><td class=\"column-5\">Modified PPS &amp; PTFE Blend<\/td>\n<\/tr>\n<tr class=\"row-4\">\n\t<td class=\"column-1\">A\u011f\u0131rl\u0131k<\/td><td class=\"column-2\">550g\/m\u00b2 (16.22oz\/yd\u00b2)<\/td><td class=\"column-3\">580g\/m\u00b2 (17.11oz\/yd\u00b2)<\/td><td class=\"column-4\">650g\/m\u00b2 (19.17oz\/yd\u00b2)<\/td><td class=\"column-5\">650g\/m\u00b2 (19.17oz\/yd\u00b2)<\/td>\n<\/tr>\n<tr class=\"row-5\">\n\t<td class=\"column-1\">Kal\u0131nl\u0131k<\/td><td class=\"column-2\">2.20mm (0.086in)<\/td><td class=\"column-3\">2.20mm (0.086in)<\/td><td class=\"column-4\">2.0mm (0.086in)<\/td><td class=\"column-5\">2.20mm (0.086in)<\/td>\n<\/tr>\n<tr class=\"row-6\">\n\t<td class=\"column-1\">S\u00fcrekli \u00c7al\u0131\u015fma S\u0131cakl\u0131\u011f\u0131<\/td><td class=\"column-2\">160\u00b0C (320\u00b0F)<\/td><td class=\"column-3\">160\u00b0C (320\u00b0F)<\/td><td class=\"column-4\">170\u00b0C (338\u00b0F)<\/td><td class=\"column-5\">200\u00b0C (392\u00b0F)<\/td>\n<\/tr>\n<tr class=\"row-7\">\n\t<td class=\"column-1\">Maximum Surge Temperature<\/td><td class=\"column-2\">190\u00b0C (374\u00b0F)<\/td><td class=\"column-3\">190\u00b0C (374\u00b0F)<\/td><td class=\"column-4\">200\u00b0C (392\u00b0F)<\/td><td class=\"column-5\">240\u00b0C (464\u00b0F)<\/td>\n<\/tr>\n<tr class=\"row-8\">\n\t<td class=\"column-1\">A\u015f\u0131nma Direnci<\/td><td class=\"column-2\">\u0130yi<\/td><td class=\"column-3\">\u0130yi<\/td><td class=\"column-4\">\u0130yi<\/td><td class=\"column-5\">\u0130yi<\/td>\n<\/tr>\n<tr class=\"row-9\">\n\t<td class=\"column-1\">Asit Direnci<\/td><td class=\"column-2\">M\u00fckemmel<\/td><td class=\"column-3\">M\u00fckemmel<\/td><td class=\"column-4\">M\u00fckemmel<\/td><td class=\"column-5\">M\u00fckemmel<\/td>\n<\/tr>\n<tr class=\"row-10\">\n\t<td class=\"column-1\">Alkali Direnci<\/td><td class=\"column-2\">M\u00fckemmel<\/td><td class=\"column-3\">M\u00fckemmel<\/td><td class=\"column-4\">M\u00fckemmel<\/td><td class=\"column-5\">M\u00fckemmel<\/td>\n<\/tr>\n<tr class=\"row-11\">\n\t<td class=\"column-1\">Moist Heat Resistant<\/td><td class=\"column-2\">M\u00fckemmel<\/td><td class=\"column-3\">M\u00fckemmel<\/td><td class=\"column-4\">M\u00fckemmel<\/td><td class=\"column-5\">M\u00fckemmel<\/td>\n<\/tr>\n<tr class=\"row-12\">\n\t<td class=\"column-1\">Energy Absorbsion<\/td><td class=\"column-2\">\u0130yi<\/td><td class=\"column-3\">\u0130yi<\/td><td class=\"column-4\">\u0130yi<\/td><td class=\"column-5\">\u0130yi<\/td>\n<\/tr>\n<tr class=\"row-13\">\n\t<td class=\"column-1\">Filtration Property<\/td><td class=\"column-2\">99.99%<\/td><td class=\"column-3\">99.999%<\/td><td class=\"column-4\">99.99%<\/td><td class=\"column-5\">99.99%<\/td>\n<\/tr>\n<\/tbody>\n<\/table>\n<!-- #tablepress-12 from cache -->\n<\/div><\/div><\/div><\/div><\/div><\/div><\/section><section class=\"l-section wpb_row height_custom\"><div class=\"l-section-h i-cf\"><div class=\"g-cols vc_row via_grid cols_1 laptops-cols_inherit tablets-cols_inherit mobiles-cols_1 valign_top type_default stacking_default\"><div class=\"wpb_column vc_column_container\"><div class=\"vc_column-inner\"><h2 class=\"w-text\"><span class=\"w-text-h\"><span class=\"w-text-value\">Practical Application Case of Filter Bags in boiler Industry<\/span><\/span><\/h2><div class=\"g-cols wpb_row us_custom_50cc7d67 via_grid cols_2 laptops-cols_inherit tablets-cols_inherit mobiles-cols_1 valign_top type_default stacking_default\" style=\"--columns-gap:3rem;\"><div class=\"wpb_column vc_column_container\"><div class=\"vc_column-inner\"><div class=\"w-image has_ratio align_none\"><div class=\"w-image-h\"><div style=\"padding-bottom:66.6667%\"><\/div><img decoding=\"async\" width=\"1024\" height=\"547\" src=\"https:\/\/www.aokaifilters.com\/wp-content\/uploads\/2023\/08\/power-plant-3-1024x547.jpg\" class=\"attachment-large size-large\" alt=\"Power Plant Dust Collection\" loading=\"lazy\" title=\"\"><\/div><\/div><\/div><\/div><div class=\"wpb_column vc_column_container\"><div class=\"vc_column-overlay\" style=\"background:var(--color-header-middle-bg)\"><\/div><div class=\"vc_column-inner\"><div class=\"wpb_text_column us_custom_b3b487a8 has_text_color\"><div class=\"wpb_wrapper\"><p>Case of thermal power plant<\/p>\n<\/div><\/div><div class=\"wpb_text_column us_custom_cc196872 has_text_color\"><div class=\"wpb_wrapper\"><p>Handling air volume\uff08m3\/h\uff09\uff1a260,000<\/p>\n<\/div><\/div><div class=\"wpb_text_column us_custom_cc196872 has_text_color\"><div class=\"wpb_wrapper\"><p>Combustion medium\uff1a10% sludge+90% coal<\/p>\n<\/div><\/div><div class=\"wpb_text_column us_custom_cc196872 has_text_color\"><div class=\"wpb_wrapper\"><p>FGDD\uff1aLimestone-gypsum wet FGD+SNCR<\/p>\n<\/div><\/div><div class=\"wpb_text_column us_custom_cc196872 has_text_color\"><div class=\"wpb_wrapper\"><p>Coal quality with sulfur content(%)\uff1a\uff1c1.0<\/p>\n<\/div><\/div><div class=\"wpb_text_column us_custom_cc196872 has_text_color\"><div class=\"wpb_wrapper\"><p>Maximum Surge Temperature\uff08\u2103\uff09\uff1a160<\/p>\n<\/div><\/div><div class=\"wpb_text_column us_custom_cc196872 has_text_color\"><div class=\"wpb_wrapper\"><p>Gas Composition\uff1aSO2\uff1c200mg\/m3 NOx\uff1c400mg\/m3 O2\uff1c12%<\/p>\n<\/div><\/div><div class=\"wpb_text_column us_custom_cc196872 has_text_color\"><div class=\"wpb_wrapper\"><p>Bag size\uff1a160\u00d78000 mm<\/p>\n<\/div><\/div><div class=\"wpb_text_column us_custom_cc196872 has_text_color\"><div class=\"wpb_wrapper\"><p>Filter bag\uff1aCareClean\u00ae Low Resistance Filter Bags<\/p>\n<\/div><\/div><div class=\"wpb_text_column us_custom_cc196872 has_text_color\"><div class=\"wpb_wrapper\"><p>Emission\uff1a\uff1c10mg\/m3<\/p>\n<\/div><\/div><\/div><\/div><\/div><div class=\"g-cols wpb_row us_custom_50cc7d67 via_grid cols_2 laptops-cols_inherit tablets-cols_inherit mobiles-cols_1 valign_top type_default stacking_default\" style=\"--columns-gap:3rem;\"><div class=\"wpb_column vc_column_container\"><div class=\"vc_column-inner\"><div class=\"w-image has_ratio align_none\"><div class=\"w-image-h\"><div style=\"padding-bottom:71.4286%\"><\/div><img decoding=\"async\" width=\"983\" height=\"567\" src=\"https:\/\/www.aokaifilters.com\/wp-content\/uploads\/2023\/08\/power-plant-1.jpg\" class=\"attachment-large size-large\" alt=\"Power Plant Dust Collection\" loading=\"lazy\" title=\"\"><\/div><\/div><\/div><\/div><div class=\"wpb_column vc_column_container\"><div class=\"vc_column-inner\"><div class=\"wpb_text_column us_custom_b3b487a8 has_text_color\"><div class=\"wpb_wrapper\"><p>Case of thermal power plant<\/p>\n<\/div><\/div><div class=\"wpb_text_column us_custom_cc196872 has_text_color\"><div class=\"wpb_wrapper\"><p>Handling air volume\uff08m3\/h\uff09\uff1a13.8 \/ 23\u4e07<\/p>\n<\/div><\/div><div class=\"wpb_text_column us_custom_cc196872 has_text_color\"><div class=\"wpb_wrapper\"><p>Combustion medium\uff1acoal<\/p>\n<\/div><\/div><div class=\"wpb_text_column us_custom_cc196872 has_text_color\"><div class=\"wpb_wrapper\"><p>FGDD\uff1aSemi-dry FGD\u200b+SNCR\/SCR<\/p>\n<\/div><\/div><div class=\"wpb_text_column us_custom_cc196872 has_text_color\"><div class=\"wpb_wrapper\"><p>Coal quality with sulfur content(%)\uff1a\uff1c0.5<\/p>\n<\/div><\/div><div class=\"wpb_text_column us_custom_cc196872 has_text_color\"><div class=\"wpb_wrapper\"><p>Continuous Temperature\uff08\u2103\uff09\uff1a\uff1c100<\/p>\n<\/div><\/div><div class=\"wpb_text_column us_custom_cc196872 has_text_color\"><div class=\"wpb_wrapper\"><p>Maximum Surge Temperature\uff08\u2103\uff09\uff1a160<\/p>\n<\/div><\/div><div class=\"wpb_text_column us_custom_cc196872 has_text_color\"><div class=\"wpb_wrapper\"><p>Bag size\uff1a\u03a6127\u00d78110 \/ \u03a6160*6300 mm<\/p>\n<\/div><\/div><div class=\"wpb_text_column us_custom_cc196872 has_text_color\"><div class=\"wpb_wrapper\"><p>Filter bag\uff1aCareClean\u00ae Low Resistance Filter Bags<\/p>\n<\/div><\/div><div class=\"wpb_text_column us_custom_cc196872 has_text_color\"><div class=\"wpb_wrapper\"><p>Emission\uff1a\uff1c3mg\/m3<\/p>\n<\/div><\/div><\/div><\/div><\/div><\/div><\/div><\/div><\/div><\/section><section class=\"l-section wpb_row height_custom\"><div class=\"l-section-h i-cf\"><div class=\"g-cols vc_row via_grid cols_1 laptops-cols_inherit tablets-cols_inherit mobiles-cols_1 valign_top type_default stacking_default\"><div class=\"wpb_column vc_column_container\"><div class=\"vc_column-inner\"><div class=\"wpb_text_column us_custom_8d5aa4e2\"><div class=\"wpb_wrapper\"><h2>Uygulama<strong data-start=\"130\" data-end=\"187\"> Case Studies in the Power Boiler Industry<\/strong><\/h2>\n<\/div><\/div><div class=\"wpb_text_column us_custom_8d5aa4e2\"><div class=\"wpb_wrapper\"><p>After approximately one year of operation with Careclean\u00ae resistance filter bags at a CFB boiler in a Zhejiang-based thermal power plant, particulate matter tests conducted at one month and six months of operation both showed outlet concentrations around 1 mg\/m\u00b3. The system also demonstrated low operating resistance, receiving positive feedback from the customer.<\/p>\n<\/div><\/div><div class=\"wpb_text_column us_custom_e90633e5 has_text_color\"><div class=\"wpb_wrapper\">\n<table id=\"tablepress-61\" class=\"tablepress tablepress-id-61\">\n<thead>\n<tr class=\"row-1\">\n\t<th class=\"column-1\">\u00d6\u011fe<\/th><th class=\"column-2\">Before(PPS filter media)<\/th><th class=\"column-3\">Before Replacement(Careclean\u00ae)<\/th><th class=\"column-4\">Operation Effect<\/th>\n<\/tr>\n<\/thead>\n<tbody class=\"row-striping row-hover\">\n<tr class=\"row-2\">\n\t<td class=\"column-1\">Operating resistance (pa)<\/td><td class=\"column-2\">1200-1500<\/td><td class=\"column-3\">520-600<\/td><td class=\"column-4\">differential pressure drop 50%<\/td>\n<\/tr>\n<tr class=\"row-3\">\n\t<td class=\"column-1\">Outlet concentration (mg\/m3)<\/td><td class=\"column-2\">6.8<\/td><td class=\"column-3\"><1<\/td><td class=\"column-4\">Near zero emissions<\/td>\n<\/tr>\n<tr class=\"row-4\">\n\t<td class=\"column-1\">Save electricity costs per year<\/td><td class=\"column-2\">\/<\/td><td class=\"column-3\">>\u00a58,000 (estimate)<\/td><td class=\"column-4\">\u00a50.4.kW.h<\/td>\n<\/tr>\n<tr class=\"row-5\">\n\t<td class=\"column-1\">Save electricity costs (Within its lifespan)<\/td><td class=\"column-2\">\/<\/td><td class=\"column-3\">\u00a5260,000 (estimate)<\/td><td class=\"column-4\">4years<\/td>\n<\/tr>\n<\/tbody>\n<\/table>\n<!-- #tablepress-61 from cache -->\n<\/div><\/div><\/div><\/div><\/div><\/div><\/section>","protected":false},"excerpt":{"rendered":"Giri\u015fSayfalarFilter Bags For Power Generation IndustryPower Generation IndustryIndustry Overview Power Generation Industry is all about generating electricity from primary energy sources, such as coal, natural gas, nuclear, solar, wind and hydro power. All power plants are created with one particular goal: to produce electric power as efficiently as possible. There are several types of power...","protected":false},"author":1,"featured_media":9582,"parent":2069,"menu_order":0,"comment_status":"closed","ping_status":"closed","template":"","meta":{"_acf_changed":false,"footnotes":""},"class_list":["post-9158","page","type-page","status-publish","has-post-thumbnail","hentry"],"acf":[],"_links":{"self":[{"href":"https:\/\/www.aokaifilters.com\/tr\/wp-json\/wp\/v2\/pages\/9158","targetHints":{"allow":["GET"]}}],"collection":[{"href":"https:\/\/www.aokaifilters.com\/tr\/wp-json\/wp\/v2\/pages"}],"about":[{"href":"https:\/\/www.aokaifilters.com\/tr\/wp-json\/wp\/v2\/types\/page"}],"author":[{"embeddable":true,"href":"https:\/\/www.aokaifilters.com\/tr\/wp-json\/wp\/v2\/users\/1"}],"replies":[{"embeddable":true,"href":"https:\/\/www.aokaifilters.com\/tr\/wp-json\/wp\/v2\/comments?post=9158"}],"version-history":[{"count":0,"href":"https:\/\/www.aokaifilters.com\/tr\/wp-json\/wp\/v2\/pages\/9158\/revisions"}],"up":[{"embeddable":true,"href":"https:\/\/www.aokaifilters.com\/tr\/wp-json\/wp\/v2\/pages\/2069"}],"wp:featuredmedia":[{"embeddable":true,"href":"https:\/\/www.aokaifilters.com\/tr\/wp-json\/wp\/v2\/media\/9582"}],"wp:attachment":[{"href":"https:\/\/www.aokaifilters.com\/tr\/wp-json\/wp\/v2\/media?parent=9158"}],"curies":[{"name":"wp","href":"https:\/\/api.w.org\/{rel}","templated":true}]}}