{"id":9020,"date":"2023-08-12T02:10:18","date_gmt":"2023-08-12T02:10:18","guid":{"rendered":"https:\/\/www.aokaifilters.com\/?page_id=9020"},"modified":"2025-09-10T11:18:44","modified_gmt":"2025-09-10T03:18:44","slug":"polyester-filter-bags","status":"publish","type":"page","link":"https:\/\/www.aokaifilters.com\/tr\/products\/filter-bags\/polyester-filter-bags\/","title":{"rendered":"Polyester Filtre Torbalar\u0131"},"content":{"rendered":"<section class=\"l-section wpb_row us_custom_209d813c height_custom with_img parallax_ver\"><div class=\"l-section-img\" role=\"img\" aria-label=\"Aokai Filtre Torbas\u0131 \u00dcretimi\" data-img-width=\"2000\" data-img-height=\"1333\" style=\"background-image: url(https:\/\/www.aokaifilters.com\/wp-content\/uploads\/2023\/09\/filter-bag-production-5.jpg);background-position: bottom center;background-repeat: no-repeat;background-size: auto;\"><\/div><div class=\"l-section-overlay\" style=\"background:rgba(58,61,37,0.45)\"><\/div><div class=\"l-section-h i-cf\"><div class=\"g-cols vc_row via_grid cols_1 laptops-cols_inherit tablets-cols_inherit mobiles-cols_1 valign_top type_default stacking_default\"><div class=\"wpb_column vc_column_container\"><div class=\"vc_column-inner\"><nav class=\"g-breadcrumbs us_custom_2509bbe8 has_text_color separator_icon align_center hide_current\" itemscope itemtype=\"http:\/\/schema.org\/BreadcrumbList\"><div class=\"g-breadcrumbs-item\" itemscope itemprop=\"itemListElement\" itemtype=\"http:\/\/schema.org\/ListItem\"><a itemprop=\"item\" href=\"https:\/\/www.aokaifilters.com\/tr\/\"><span itemprop=\"name\">Giri\u015f<\/span><\/a><meta itemprop=\"position\" content=\"1\"\/><\/div><div class=\"g-breadcrumbs-separator\"><i class=\"far fa-angle-right\"><\/i><\/div><div class=\"g-breadcrumbs-item\">Sayfalar<\/div><\/nav><div class=\"w-separator size_medium\"><\/div><h1 class=\"w-post-elm post_title us_custom_8b3d6790 has_text_color align_center entry-title color_link_inherit\">Polyester Filtre Torbalar\u0131<\/h1><\/div><\/div><\/div><\/div><\/section><section class=\"l-section wpb_row height_medium\"><div class=\"l-section-h i-cf\"><div class=\"g-cols vc_row via_grid cols_2 laptops-cols_inherit tablets-cols_inherit mobiles-cols_1 valign_top type_default stacking_default\" style=\"--columns-gap:5vw;\"><div class=\"wpb_column vc_column_container\"><div class=\"vc_column-inner\"><div class=\"w-text us_custom_fedafa2a has_text_color\"><span class=\"w-text-h\"><span class=\"w-text-value\">AoKai Filter Bags<\/span><\/span><\/div><div class=\"wpb_text_column\"><div class=\"wpb_wrapper\"><h2>Polyester Filtre Torbalar\u0131<\/h2>\n<p>Polyester filter bags are one of the most widely used filter bags in industrial dust collection applications. They are constructed using high-quality polyester fabric, which provides robustness and dimensional stability. As a filtration media, polyester has the following characteristics:<\/p>\n<ul>\n<li>\n<div data-slate-type=\"paragraph\"><strong>Filtreleme Verimlili\u011fi<\/strong> &#8211; The tight polyester fabric structure traps even the smallest particles, ensuring a high level of filtration efficiency. This makes polyester filter bags particularly effective in removing fine particles and dust from dust-laden gas.<\/div>\n<\/li>\n<li>\n<div data-slate-type=\"paragraph\"><strong>Excellent Tensile Strength and Abrasion Resistance<\/strong> &#8211; This allows them to withstand high-flow rates and pressure differentials without tearing or disintegrating.<\/div>\n<\/li>\n<li>\n<div data-slate-type=\"paragraph\"><strong>Excellent Mechanical &amp; Dimensional Stability<\/strong> &#8211; Polyester filter bags are dimensionally stable and have low shrinkage properties. This ensures that they maintain their shape and size even under high-temperature conditions.<\/div>\n<\/li>\n<li><strong>Easy Cleaning<\/strong> &#8211; Polyester filter bags can be easily cleaned and reused, reducing the need for frequent replacements and minimizing waste.<\/li>\n<\/ul>\n<p>In addition to these filtration characteristics, polyester filter bags also offer a number of other advantages, such as:<\/p>\n<ul>\n<li data-slate-type=\"paragraph\"><strong>Long Service Life<\/strong> &#8211; The durability of polyester filter bags results in longer service life, reducing the need for frequent bag replacements.<\/li>\n<li data-slate-type=\"paragraph\"><strong>Easy Maintenance <\/strong>&#8211; Polyester filter bags are easy to clean and maintain, allowing for efficient and convenient filter bag cleaning processes with minimum maintenance costs.<\/li>\n<li data-slate-type=\"paragraph\"><strong>Versatility<\/strong> &#8211; Polyester filter bags are available in various sizes, shapes, and configurations, making them suitable for a wide range of industrial filtration applications.<\/li>\n<li data-slate-type=\"paragraph\"><strong>Cost Effective<\/strong> &#8211; Polyester filter bags are relatively affordable compared to other filter bag materials, making them a cost-effective choice for filtration applications.<\/li>\n<\/ul>\n<p>Scrim-supported felt is used exclusively in the production of our polyester filter bags in order to improve filtration efficiency and extend the filter bag life.<\/p>\n<\/div><\/div><\/div><\/div><div class=\"wpb_column vc_column_container type_sticky\"><div class=\"vc_column-inner\"><div class=\"w-image us_custom_447bff20 has_ratio align_none\"><div class=\"w-image-h\"><div style=\"padding-bottom:66.6667%\"><\/div><img decoding=\"async\" width=\"600\" height=\"400\" src=\"https:\/\/www.aokaifilters.com\/wp-content\/uploads\/2023\/12\/Polyester-Filter-Bags-600x400.jpg\" class=\"attachment-us_600_600 size-us_600_600\" alt=\"Polyester Filter Bag\" loading=\"lazy\" title=\"\"><\/div><\/div><\/div><\/div><\/div><\/div><\/section><section class=\"l-section wpb_row height_auto\"><div class=\"l-section-h i-cf\"><div class=\"g-cols vc_row via_grid cols_1 laptops-cols_inherit tablets-cols_inherit mobiles-cols_1 valign_top type_default stacking_default\"><div class=\"wpb_column vc_column_container\"><div class=\"vc_column-inner\"><div class=\"w-separator size_small with_line width_50 thick_2 style_solid color_border align_center\"><div class=\"w-separator-h\"><\/div><\/div><\/div><\/div><\/div><\/div><\/section><section class=\"l-section wpb_row height_medium\"><div class=\"l-section-overlay\" style=\"background:var(--color-content-bg)\"><\/div><div class=\"l-section-h i-cf\"><div class=\"g-cols vc_row via_grid cols_1 laptops-cols_inherit tablets-cols_inherit mobiles-cols_1 valign_top type_default stacking_default\"><div class=\"wpb_column vc_column_container\"><div class=\"vc_column-inner\"><div class=\"w-text us_custom_39fbd8f9 has_text_color\"><span class=\"w-text-h\"><span class=\"w-text-value\">Polyester Filtre Torbalar\u0131<\/span><\/span><\/div><div class=\"wpb_text_column\"><div class=\"wpb_wrapper\"><h2>Polyester Filter Bag Dust Collection Characteristics<\/h2>\n<p>Polyester filter bag is relatively low-cost and widely available. In addition, it has good overall qualities to resist abrasion and perform well under dry conditions. Therefore, it is a general-purpose baghouse filter media commonly used in a variety of industries.<\/p>\n<\/div><\/div><div class=\"w-separator size_large\"><\/div><div class=\"g-cols wpb_row via_grid cols_2 laptops-cols_inherit tablets-cols_inherit mobiles-cols_1 valign_top type_default stacking_default\" style=\"--columns-gap:3rem;\"><div class=\"wpb_column vc_column_container\"><div class=\"vc_column-inner\"><div class=\"wpb_text_column\"><div class=\"wpb_wrapper\">\n<table id=\"tablepress-3\" class=\"tablepress tablepress-id-3\">\n<thead>\n<tr class=\"row-1\">\n\t<th class=\"column-1\"><strong>Characteristics<\/strong><\/th><th class=\"column-2\"><strong>Rating<\/strong><\/th>\n<\/tr>\n<\/thead>\n<tbody class=\"row-striping row-hover\">\n<tr class=\"row-2\">\n\t<td class=\"column-1\">Fiber Content<\/td><td class=\"column-2\">100 % Polyester<\/td>\n<\/tr>\n<tr class=\"row-3\">\n\t<td class=\"column-1\">A\u011f\u0131rl\u0131k<\/td><td class=\"column-2\">550g\/m\u00b2 (16.22oz\/yd\u00b2)<\/td>\n<\/tr>\n<tr class=\"row-4\">\n\t<td class=\"column-1\">Kal\u0131nl\u0131k<\/td><td class=\"column-2\">2.20mm (0.087in)<\/td>\n<\/tr>\n<tr class=\"row-5\">\n\t<td class=\"column-1\">Fabric Construction<\/td><td class=\"column-2\">Needlefelt<\/td>\n<\/tr>\n<tr class=\"row-6\">\n\t<td class=\"column-1\">S\u00fcrekli \u00c7al\u0131\u015fma S\u0131cakl\u0131\u011f\u0131<\/td><td class=\"column-2\">135\u00b0C (275\u00b0F)<\/td>\n<\/tr>\n<tr class=\"row-7\">\n\t<td class=\"column-1\">Maximum Surge Temperature<\/td><td class=\"column-2\">150\u00b0C (302\u00b0F)<\/td>\n<\/tr>\n<tr class=\"row-8\">\n\t<td class=\"column-1\">A\u015f\u0131nma Direnci<\/td><td class=\"column-2\">M\u00fckemmel<\/td>\n<\/tr>\n<tr class=\"row-9\">\n\t<td class=\"column-1\">Asit Direnci<\/td><td class=\"column-2\">Adil<\/td>\n<\/tr>\n<tr class=\"row-10\">\n\t<td class=\"column-1\">Alkali Direnci<\/td><td class=\"column-2\">\u0130yi<\/td>\n<\/tr>\n<tr class=\"row-11\">\n\t<td class=\"column-1\">Moist Heat Resistant<\/td><td class=\"column-2\">Zay\u0131f<\/td>\n<\/tr>\n<tr class=\"row-12\">\n\t<td class=\"column-1\">Energy Absorbsion<\/td><td class=\"column-2\">M\u00fckemmel<\/td>\n<\/tr>\n<tr class=\"row-13\">\n\t<td class=\"column-1\">Filtration Property<\/td><td class=\"column-2\">M\u00fckemmel<\/td>\n<\/tr>\n<tr class=\"row-14\">\n\t<td class=\"column-1\">Oksijen (15%+)<\/td><td class=\"column-2\">M\u00fckemmel<\/td>\n<\/tr>\n<\/tbody>\n<\/table>\n<!-- #tablepress-3 from cache -->\n<\/div><\/div><\/div><\/div><div class=\"wpb_column vc_column_container\"><div class=\"vc_column-inner\"><div class=\"w-iconbox iconpos_left style_default color_custom align_left\"><a href=\"#\" class=\"w-iconbox-link\" aria-label=\"Pros\"><div class=\"w-iconbox-icon\" style=\"font-size:2rem;--icon-color:#074ef2;\"><i class=\"fas fa-thumbs-up\"><\/i><\/div><\/a><div class=\"w-iconbox-meta\"><h3 class=\"w-iconbox-title\" style=\"font-size:1.5rem;\"><a href=\"#\" class=\"w-iconbox-link\" aria-label=\"Pros\">Pros<\/a><\/h3><div class=\"w-iconbox-text\"><p>Low cost and widely available, excellent abrasion and oxidation resistance, greeat mechanical and dimensional stability.<\/p>\n<\/div><\/div><\/div><div class=\"w-separator size_medium\"><\/div><div class=\"w-iconbox iconpos_left style_default color_custom align_left\"><a href=\"#\" class=\"w-iconbox-link\" aria-label=\"Cons\"><div class=\"w-iconbox-icon\" style=\"font-size:2rem;--icon-color:#074ef2;\"><i class=\"fas fa-thumbs-down\"><\/i><\/div><\/a><div class=\"w-iconbox-meta\"><h3 class=\"w-iconbox-title\" style=\"font-size:1.5rem;\"><a href=\"#\" class=\"w-iconbox-link\" aria-label=\"Cons\">Cons<\/a><\/h3><div class=\"w-iconbox-text\"><p>Poor moist heat resistance.<\/p>\n<\/div><\/div><\/div><div class=\"w-separator size_medium\"><\/div><div class=\"w-iconbox iconpos_left style_default color_custom align_left\"><div class=\"w-iconbox-icon\" style=\"font-size:2rem;--icon-color:#074ef2;\"><i class=\"fas fa-clipboard-list-check\"><\/i><\/div><div class=\"w-iconbox-meta\"><h3 class=\"w-iconbox-title\" style=\"font-size:1.5rem;\">End\u00fcstri ve Uygulama<\/h3><div class=\"w-iconbox-text\"><p>Food Processing Industry, Cement Industry, Woodworking Industry, Metalworking Industry, Quarry Industry.<\/p>\n<\/div><\/div><\/div><\/div><\/div><\/div><\/div><\/div><\/div><\/div><\/section><section class=\"l-section wpb_row height_auto\"><div class=\"l-section-h i-cf\"><div class=\"g-cols vc_row via_grid cols_1 laptops-cols_inherit tablets-cols_inherit mobiles-cols_1 valign_top type_default stacking_default\"><div class=\"wpb_column vc_column_container\"><div class=\"vc_column-inner\"><div class=\"w-separator size_small with_line width_50 thick_2 style_solid color_border align_center\"><div class=\"w-separator-h\"><\/div><\/div><\/div><\/div><\/div><\/div><\/section><section class=\"l-section wpb_row height_medium\"><div class=\"l-section-h i-cf\"><div class=\"g-cols vc_row via_grid cols_1 laptops-cols_inherit tablets-cols_inherit mobiles-cols_1 valign_top type_default stacking_default\"><div class=\"wpb_column vc_column_container\"><div class=\"vc_column-inner\"><div class=\"w-text us_custom_39fbd8f9 has_text_color\"><span class=\"w-text-h\"><span class=\"w-text-value\">Polyester Filtre Torbalar\u0131<\/span><\/span><\/div><div class=\"wpb_text_column\"><div class=\"wpb_wrapper\"><h2>Polyester Filter Bag Construction &amp; Treatment<\/h2>\n<p>Polyester filter media can be constructed and treated with various options so that they become best suited for various operating conditions, applications, and industries.<\/p>\n<\/div><\/div><div class=\"w-separator size_medium\"><\/div><div class=\"g-cols wpb_row via_grid cols_2 laptops-cols_inherit tablets-cols_inherit mobiles-cols_1 valign_top type_default stacking_default\" style=\"--columns-gap:3rem;\"><div class=\"wpb_column vc_column_container\"><div class=\"vc_column-inner\"><h3 class=\"w-text\"><span class=\"w-text-h\"><span class=\"w-text-value\">Filtre Malzemesi Yap\u0131s\u0131<\/span><\/span><\/h3><div class=\"w-separator size_medium\"><\/div><div class=\"w-iconbox iconpos_left style_default color_custom align_left\"><div class=\"w-iconbox-icon\" style=\"font-size:2rem;--icon-color:#074ef2;\"><i class=\"fas fa-clipboard-list-check\"><\/i><\/div><div class=\"w-iconbox-meta\"><h4 class=\"w-iconbox-title\">Needle Felting<\/h4><div class=\"w-iconbox-text\"><p><strong>Needle Felting<\/strong> is a traditional non-woven fabrication process by punching a fiber batt into itself to hook and entangle fibers which then form a thin, relatively dense structure, either with or without a light woven support scrim. Needlefelt filter media have smooth surfaces and offer good depth filtration and particle capture. To further improve filtration efficiency and filter bag life, Aokai custom designs and manufactures <strong>Dual-Density Polyester Filter Media<\/strong>. In a genuine dual-density filter media, two layers of media of different density are separated by a scrim in the middle that provides dimensional stability and a densified central core which improves filtration efficiency by minimizing dust migration through the felt. The scrim structure offers a clear advantage over unsupported felts (without scrim) which are produced in a single process with a homogeneous fiber blend and filtration characteristics only.<\/p>\n<\/div><\/div><\/div><div class=\"w-separator size_small\"><\/div><div class=\"w-grid us_carousel us_custom_135d577c type_carousel layout_gallery_cropped preload_style_spinner ratio_16x9\" id=\"us_grid_1\" style=\"--item-ratio:0.5625;\"><style>.layout_gallery_cropped .w-grid-item-h{}.layout_gallery_cropped .usg_post_image_1{position:absolute!important;left:0!important;top:0!important;bottom:0!important;right:0!important}<\/style><div class=\"w-grid-list owl-carousel valign_middle dotstyle_circle navstyle_circle arrows-ver-pos_middle arrows-hor-pos_on_sides_inside arrows-disabled_hide owl-responsive-2000 with_dots with_arrows\" style=\"--transition-duration:350ms;--arrows-size:1.5rem;--arrows-hor-offset:calc(0px - 0px);--arrows-gap:10px;\">\t<article class=\"w-grid-item post-10308 attachment type-attachment status-inherit hentry\" data-id=\"10308\">\r\n\t\t<div class=\"w-grid-item-h\">\r\n\t\t\t\t\t\t<div class=\"w-post-elm post_image usg_post_image_1 stretched\"><img loading=\"lazy\" decoding=\"async\" width=\"446\" height=\"271\" src=\"https:\/\/www.aokaifilters.com\/wp-content\/uploads\/2023\/09\/filter-media-dual-density-structure.png\" class=\"attachment-us_600_600 size-us_600_600\" alt=\"Dual-Density Needlefelt Filter Media\" srcset=\"https:\/\/www.aokaifilters.com\/wp-content\/uploads\/2023\/09\/filter-media-dual-density-structure.png 446w, https:\/\/www.aokaifilters.com\/wp-content\/uploads\/2023\/09\/filter-media-dual-density-structure-300x182.png 300w\" sizes=\"auto, (max-width: 446px) 100vw, 446px\" title=\"\"><\/div>\t\t<\/div>\r\n\t\t\t<\/article>\r\n\t<article class=\"w-grid-item post-9601 attachment type-attachment status-inherit hentry\" data-id=\"9601\">\r\n\t\t<div class=\"w-grid-item-h\">\r\n\t\t\t\t\t\t<div class=\"w-post-elm post_image usg_post_image_1 stretched\"><img loading=\"lazy\" decoding=\"async\" width=\"600\" height=\"300\" src=\"https:\/\/www.aokaifilters.com\/wp-content\/uploads\/2023\/08\/filter-media-6.jpg\" class=\"attachment-us_600_600 size-us_600_600\" alt=\"Filter Media Needle Felting\" srcset=\"https:\/\/www.aokaifilters.com\/wp-content\/uploads\/2023\/08\/filter-media-6.jpg 1300w, https:\/\/www.aokaifilters.com\/wp-content\/uploads\/2023\/08\/filter-media-6-600x300.jpg 600w, https:\/\/www.aokaifilters.com\/wp-content\/uploads\/2023\/08\/filter-media-6-300x150.jpg 300w, https:\/\/www.aokaifilters.com\/wp-content\/uploads\/2023\/08\/filter-media-6-1024x513.jpg 1024w\" sizes=\"auto, (max-width: 600px) 100vw, 600px\" title=\"\"><\/div>\t\t<\/div>\r\n\t\t\t<\/article>\r\n<\/div><div class=\"w-grid-carousel-json hidden\" onclick='return {&quot;carousel_settings&quot;:{&quot;aria_labels&quot;:{&quot;prev&quot;:&quot;\\u00d6nceki&quot;,&quot;next&quot;:&quot;Sonraki&quot;},&quot;autoplayContinual&quot;:false,&quot;autoplayHoverPause&quot;:false,&quot;autoplayTimeout&quot;:3000,&quot;autoWidth&quot;:false,&quot;smartSpeed&quot;:350,&quot;margin&quot;:0,&quot;mouseDrag&quot;:true,&quot;rtl&quot;:false,&quot;slideBy&quot;:&quot;1&quot;,&quot;touchDrag&quot;:true,&quot;slideTransition&quot;:&quot;&quot;,&quot;responsive&quot;:{&quot;0&quot;:{&quot;autoHeight&quot;:false,&quot;autoplay&quot;:false,&quot;autoWidth&quot;:false,&quot;center&quot;:false,&quot;dots&quot;:false,&quot;items&quot;:1,&quot;loop&quot;:false,&quot;nav&quot;:false,&quot;stagePadding&quot;:0,&quot;slideBy&quot;:&quot;1&quot;},&quot;601&quot;:{&quot;items&quot;:1,&quot;autoplay&quot;:true,&quot;center&quot;:false,&quot;dots&quot;:true,&quot;nav&quot;:true,&quot;autoHeight&quot;:false,&quot;autoWidth&quot;:false,&quot;loop&quot;:true,&quot;stagePadding&quot;:0}}}}'><\/div><\/div><div class=\"w-separator size_medium\"><\/div><div class=\"w-iconbox iconpos_left style_default color_custom align_left\"><div class=\"w-iconbox-icon\" style=\"font-size:2rem;--icon-color:#074ef2;\"><i class=\"fas fa-clipboard-list-check\"><\/i><\/div><div class=\"w-iconbox-meta\"><h4 class=\"w-iconbox-title\">Spunlacing (hydro-entagling)<\/h4><div class=\"w-iconbox-text\"><p>Spunlacing is a revolutionary hydro-entangling nonwoven fabrication process that is used to entangle fibers with high-pressure water jets. The spunlacing process creates a unique balance of lower mean pore size in a mass-efficient structure, which delivers industry-leading dust collection performance. It represents a new paradigm in filtration media by delivering a product with dramatically improved filtration efficiency, an inherent ability to promote surface dust collection, lower pressure drop over time, and a reduction in pulse cleaning cycle times.<\/p>\n<\/div><\/div><\/div><\/div><\/div><div class=\"wpb_column vc_column_container\"><div class=\"vc_column-inner\"><h3 class=\"w-text\"><span class=\"w-text-h\"><span class=\"w-text-value\">Filtre Ortam\u0131 Ar\u0131t\u0131m\u0131<\/span><\/span><\/h3><div class=\"w-separator size_medium\"><\/div><div class=\"w-tabs us_custom_07146db5 has_text_color style_default switch_click accordion remove_indents\"><div class=\"w-tabs-sections titles-align_none icon_chevron cpos_right\"><div class=\"w-tabs-section\" id=\"h87e\"><button class=\"w-tabs-section-header\" aria-controls=\"content-h87e\" aria-expanded=\"false\"><h4 class=\"w-tabs-section-title\">ePTFE Membran<\/h4><div class=\"w-tabs-section-control\"><\/div><\/button><div  class=\"w-tabs-section-content us_custom_fca8cc99\" id=\"content-h87e\"><div class=\"w-tabs-section-content-h i-cf\"><div class=\"wpb_text_column\"><div class=\"wpb_wrapper\"><p>Adding an ePTFE membrane to a polyester filter bag allows the membrane to act as the filter cake. Dust stays on the surface of the membrane and does not get entrained into the fibers of the filter bag, which lengthens the life of your filter bag. It also reduces wear and tear, lower maintenance costs, and energy costs due to easy dust cake release during the cleaning cycle.<\/p>\n<\/div><\/div><\/div><\/div><\/div><div class=\"w-tabs-section\" id=\"b9dd\"><button class=\"w-tabs-section-header\" aria-controls=\"content-b9dd\" aria-expanded=\"false\"><h4 class=\"w-tabs-section-title\">Hidro-Oleofobik Kaplama<\/h4><div class=\"w-tabs-section-control\"><\/div><\/button><div  class=\"w-tabs-section-content\" id=\"content-b9dd\"><div class=\"w-tabs-section-content-h i-cf\"><div class=\"wpb_text_column\"><div class=\"wpb_wrapper\"><p>This coating adds resistance to water and oils, and improves cake release.<\/p>\n<\/div><\/div><\/div><\/div><\/div><div class=\"w-tabs-section\" id=\"qb3e\"><button class=\"w-tabs-section-header\" aria-controls=\"content-qb3e\" aria-expanded=\"false\"><h4 class=\"w-tabs-section-title\">Static Resistant<\/h4><div class=\"w-tabs-section-control\"><\/div><\/button><div  class=\"w-tabs-section-content\" id=\"content-qb3e\"><div class=\"w-tabs-section-content-h i-cf\"><div class=\"wpb_text_column\"><div class=\"wpb_wrapper\"><div id=\"ted2\" class=\"w-tabs-section active usb_custom_1lcfrplas\" data-=\"\">\n<div id=\"content-ted2\" class=\"w-tabs-section-content\">\n<div class=\"w-tabs-section-content-h i-cf\">\n<div class=\"wpb_text_column usb_custom_59uyzft17\" data-=\"\">\n<div class=\"wpb_wrapper\">\n<p>Helps to ground the filter bag to eliminate sparks that might cause combustion explosions.<\/p>\n<\/div>\n<\/div>\n<\/div>\n<\/div>\n<\/div>\n<\/div><\/div><\/div><\/div><\/div><div class=\"w-tabs-section\" id=\"cc8e\"><button class=\"w-tabs-section-header\" aria-controls=\"content-cc8e\" aria-expanded=\"false\"><h4 class=\"w-tabs-section-title\">Singe<\/h4><div class=\"w-tabs-section-control\"><\/div><\/button><div  class=\"w-tabs-section-content\" id=\"content-cc8e\"><div class=\"w-tabs-section-content-h i-cf\"><div class=\"wpb_text_column\"><div class=\"wpb_wrapper\"><p>Singeing, filtre medyas\u0131n\u0131n y\u00fczeyinin bir aleve veya s\u0131cak gaza maruz b\u0131rak\u0131larak ince ve da\u011f\u0131n\u0131k elyaflar\u0131n yak\u0131ld\u0131\u011f\u0131 bir sonland\u0131rma i\u015flemidir ve bu sayede daha d\u00fczg\u00fcn ve p\u00fcr\u00fczs\u00fcz bir y\u00fczey alan\u0131 elde edilir, bu da kek sal\u0131n\u0131m\u0131n\u0131, geli\u015fmi\u015f filtrasyon verimlili\u011fini ve daha iyi hava ge\u00e7irgenli\u011fini art\u0131r\u0131r.<\/p>\n<p>Yakma i\u015flemi tipik olarak kuma\u015f\u0131n a\u00e7\u0131k bir alevin \u00fczerinden veya \u0131s\u0131t\u0131lm\u0131\u015f bir odadan ge\u00e7irilmesini i\u00e7erir. Is\u0131, kuma\u015f\u0131n ana yap\u0131s\u0131na zarar vermeden \u00e7\u0131k\u0131nt\u0131 yapan lifleri yakar. H\u0131z ve s\u0131cakl\u0131k gibi proses parametreleri, istenen p\u00fcr\u00fczs\u00fczl\u00fck ve finisaj seviyesine ula\u015fmak i\u00e7in dikkatlice kontrol edilir.<\/p>\n<\/div><\/div><\/div><\/div><\/div><div class=\"w-tabs-section\" id=\"udd3\"><button class=\"w-tabs-section-header\" aria-controls=\"content-udd3\" aria-expanded=\"false\"><h4 class=\"w-tabs-section-title\">Glazing<\/h4><div class=\"w-tabs-section-control\"><\/div><\/button><div  class=\"w-tabs-section-content\" id=\"content-udd3\"><div class=\"w-tabs-section-content-h i-cf\"><div class=\"wpb_text_column\"><div class=\"wpb_wrapper\"><p>Glazing, also known as calendering, is the high-pressure pressing of the fabric by rollers to flatten or smooth the surface. Glazing pushes the surface fibers down onto the body of the filter media to increase and uniform surface life, improve stability, reduce shrinkage, and improve dust cake release.<\/p>\n<\/div><\/div><\/div><\/div><\/div><\/div><\/div><\/div><\/div><\/div><\/div><\/div><\/div><\/div><\/section>","protected":false},"excerpt":{"rendered":"Choosing the right filter media with its corresponding characteristics that are best suited for your application can help boost the performance and longevity of your dust filtration system. Contact Aokai to learn more about filtration characteristics of the most commonly used filter medias available.","protected":false},"author":1,"featured_media":9788,"parent":1953,"menu_order":0,"comment_status":"closed","ping_status":"closed","template":"","meta":{"_acf_changed":false,"footnotes":""},"class_list":["post-9020","page","type-page","status-publish","has-post-thumbnail","hentry"],"acf":[],"_links":{"self":[{"href":"https:\/\/www.aokaifilters.com\/tr\/wp-json\/wp\/v2\/pages\/9020","targetHints":{"allow":["GET"]}}],"collection":[{"href":"https:\/\/www.aokaifilters.com\/tr\/wp-json\/wp\/v2\/pages"}],"about":[{"href":"https:\/\/www.aokaifilters.com\/tr\/wp-json\/wp\/v2\/types\/page"}],"author":[{"embeddable":true,"href":"https:\/\/www.aokaifilters.com\/tr\/wp-json\/wp\/v2\/users\/1"}],"replies":[{"embeddable":true,"href":"https:\/\/www.aokaifilters.com\/tr\/wp-json\/wp\/v2\/comments?post=9020"}],"version-history":[{"count":0,"href":"https:\/\/www.aokaifilters.com\/tr\/wp-json\/wp\/v2\/pages\/9020\/revisions"}],"up":[{"embeddable":true,"href":"https:\/\/www.aokaifilters.com\/tr\/wp-json\/wp\/v2\/pages\/1953"}],"wp:featuredmedia":[{"embeddable":true,"href":"https:\/\/www.aokaifilters.com\/tr\/wp-json\/wp\/v2\/media\/9788"}],"wp:attachment":[{"href":"https:\/\/www.aokaifilters.com\/tr\/wp-json\/wp\/v2\/media?parent=9020"}],"curies":[{"name":"wp","href":"https:\/\/api.w.org\/{rel}","templated":true}]}}