{"id":8958,"date":"2023-08-07T03:41:49","date_gmt":"2023-08-07T03:41:49","guid":{"rendered":"https:\/\/www.aokaifilters.com\/?page_id=8958"},"modified":"2025-09-10T11:35:37","modified_gmt":"2025-09-10T03:35:37","slug":"renewable-energy-industry","status":"publish","type":"page","link":"https:\/\/www.aokaifilters.com\/tr\/industries\/renewable-energy-industry\/","title":{"rendered":"Yenilenebilir Enerji Sekt\u00f6r\u00fc"},"content":{"rendered":"<section class=\"l-section wpb_row us_custom_209d813c height_custom with_img parallax_ver\"><div class=\"l-section-img\" role=\"img\" aria-label=\"Renewable Energy Industry Dust Collection\" data-img-width=\"1164\" data-img-height=\"544\" style=\"background-image: url(https:\/\/www.aokaifilters.com\/wp-content\/uploads\/2023\/09\/renewable-energy-industry-1.jpg);background-position: top center;background-repeat: no-repeat;background-size: contain;\"><\/div><div class=\"l-section-overlay\" style=\"background:rgba(0,0,0,0.20)\"><\/div><div class=\"l-section-h i-cf\"><div class=\"g-cols vc_row via_grid cols_1 laptops-cols_inherit tablets-cols_inherit mobiles-cols_1 valign_top type_default stacking_default\"><div class=\"wpb_column vc_column_container\"><div class=\"vc_column-inner\"><nav class=\"g-breadcrumbs us_custom_2509bbe8 has_text_color separator_icon align_center hide_current\" itemscope itemtype=\"http:\/\/schema.org\/BreadcrumbList\"><div class=\"g-breadcrumbs-item\" itemscope itemprop=\"itemListElement\" itemtype=\"http:\/\/schema.org\/ListItem\"><a itemprop=\"item\" href=\"https:\/\/www.aokaifilters.com\/tr\/\"><span itemprop=\"name\">Giri\u015f<\/span><\/a><meta itemprop=\"position\" content=\"1\"\/><\/div><div class=\"g-breadcrumbs-separator\"><i class=\"far fa-angle-right\"><\/i><\/div><div class=\"g-breadcrumbs-item\">Sayfalar<\/div><\/nav><div class=\"w-separator size_medium\"><\/div><h1 class=\"w-post-elm post_title us_custom_8b3d6790 has_text_color align_center entry-title color_link_inherit\">Yenilenebilir Enerji Sekt\u00f6r\u00fc<\/h1><\/div><\/div><\/div><\/div><\/section><section class=\"l-section wpb_row height_medium\"><div class=\"l-section-h i-cf\"><div class=\"g-cols vc_row via_grid cols_2 laptops-cols_inherit tablets-cols_inherit mobiles-cols_1 valign_top type_default stacking_default\" style=\"--columns-gap:5vw;\"><div class=\"wpb_column vc_column_container\"><div class=\"vc_column-inner\"><div class=\"w-text us_custom_fedafa2a has_text_color\"><span class=\"w-text-h\"><span class=\"w-text-value\">Yenilenebilir Enerji Sekt\u00f6r\u00fc<\/span><\/span><\/div><div class=\"wpb_text_column\"><div class=\"wpb_wrapper\"><h2>Industry Overview<\/h2>\n<p>Lithium batteries are increasingly becoming the power source of automotives, and the common power storage media for vast commercial and household applications. It is now the integral part of modern society\u2019s move toward a lower carbon economic model. <span lang=\"EN-US\" xml:lang=\"EN-US\" data-contrast=\"none\">It is estimated that the global lithium mining market is projected to grow at least 6% for the next several years, and the lithium-ion battery market will grow at a CAGR of 30% through 2030.<\/span><\/p>\n<p><span data-contrast=\"none\">At many points of raw material processing, and battery manufacturing, particularly the milling &amp; grinding of lithium raw material processing, and electrode production of battery manufacturing, <\/span><span data-contrast=\"none\">fine and combustible dust is generated, posing significant safety and health risks. <\/span>Specific regulations require lithium facilities to rigorously test and control dust emissions.<\/p>\n<\/div><\/div><\/div><\/div><div class=\"wpb_column vc_column_container type_sticky\"><div class=\"vc_column-inner\"><div class=\"w-image us_custom_447bff20 has_ratio align_none\"><div class=\"w-image-h\"><div style=\"padding-bottom:66.6667%\"><\/div><img decoding=\"async\" width=\"600\" height=\"361\" src=\"https:\/\/www.aokaifilters.com\/wp-content\/uploads\/2023\/09\/lithium-plant-2.jpg\" class=\"attachment-us_600_600 size-us_600_600\" alt=\"Lithium Plant Dust Collection\" loading=\"lazy\" title=\"\"><\/div><\/div><\/div><\/div><\/div><\/div><\/section><section class=\"l-section wpb_row height_auto\"><div class=\"l-section-h i-cf\"><div class=\"g-cols vc_row via_grid cols_1 laptops-cols_inherit tablets-cols_inherit mobiles-cols_1 valign_top type_default stacking_default\"><div class=\"wpb_column vc_column_container\"><div class=\"vc_column-inner\"><div class=\"w-separator size_small with_line width_50 thick_2 style_solid color_border align_center\"><div class=\"w-separator-h\"><\/div><\/div><\/div><\/div><\/div><\/div><\/section><section class=\"l-section wpb_row height_medium\"><div class=\"l-section-h i-cf\"><div class=\"g-cols vc_row via_grid cols_2 laptops-cols_inherit tablets-cols_inherit mobiles-cols_1 valign_top type_default stacking_default\" style=\"--columns-gap:5vw;\"><div class=\"wpb_column vc_column_container\"><div class=\"vc_column-inner\"><div class=\"w-text us_custom_fedafa2a has_text_color\"><span class=\"w-text-h\"><span class=\"w-text-value\">Renewable Energy Industry Filtration Characteristics<\/span><\/span><\/div><div class=\"wpb_text_column\"><div class=\"wpb_wrapper\"><h2>Dust Filtration Challenges<\/h2>\n<p>Raw material handling and processing for lithium-ion and other types of batteries create significant hazards and challenges. Mining, processing, and preparing materials for battery production, such as lithium, cobalt, nickel, graphite, and copper, can involve large quantities of toxic, fine, and combustible dust. In addition, electrode production is one of the dustiest parts of the battery manufacturing process. Dust is created during several processes for both cathode and anode preparation, including material preparation and mixing, slurry preparation, calendering, and slitting. <span data-contrast=\"none\">Lithium dust is both combustible and reactive. This fine particulate material has the following characteristics:<\/span><\/p>\n<\/div><\/div><div class=\"w-separator size_medium\"><\/div><div class=\"w-tabs us_custom_07146db5 has_text_color style_default switch_click accordion remove_indents\" style=\"--sections-title-size:24px\"><div class=\"w-tabs-sections titles-align_none icon_chevron cpos_right\"><div class=\"w-tabs-section\" id=\"j8c4\"><button class=\"w-tabs-section-header\" aria-controls=\"content-j8c4\" aria-expanded=\"false\"><h3 class=\"w-tabs-section-title\">Fine Particle Size<\/h3><div class=\"w-tabs-section-control\"><\/div><\/button><div  class=\"w-tabs-section-content\" id=\"content-j8c4\"><div class=\"w-tabs-section-content-h i-cf\"><div class=\"wpb_text_column\"><div class=\"wpb_wrapper\"><p><span data-ccp-props=\"{&quot;201341983&quot;:0,&quot;335559739&quot;:0,&quot;335559740&quot;:240}\">While the extra-fine particulates and nanomaterials are increasingly used to improve energy density and performance of lithium-ion batteries, the manufacturing process also creates lithium particles that measures less than 5 microns, making particle capturing challenging. <\/span><span data-ccp-props=\"{&quot;201341983&quot;:0,&quot;335559685&quot;:720,&quot;335559739&quot;:0,&quot;335559740&quot;:240}\">Smaller particles alao create higher specific surface area. Combining with its high flammbility and reactivity characteristics, this\u00a0<\/span><span data-contrast=\"none\">specific surface increases <\/span>the risk of explosions or fires when in the presence of ignition sources.<\/p>\n<\/div><\/div><\/div><\/div><\/div><div class=\"w-tabs-section\" id=\"saaa\"><button class=\"w-tabs-section-header\" aria-controls=\"content-saaa\" aria-expanded=\"false\"><h3 class=\"w-tabs-section-title\">Lighweight<\/h3><div class=\"w-tabs-section-control\"><\/div><\/button><div  class=\"w-tabs-section-content\" id=\"content-saaa\"><div class=\"w-tabs-section-content-h i-cf\"><div class=\"wpb_text_column\"><div class=\"wpb_wrapper\"><p>With about half the density of water, lithium is the lightest of all metals.\u00a0Lithium dust can easily be dispersed into the air and remain suspended for extended periods. Its suspension also increases the risk of inhalation or accumulation into a cloud ripe for combustion.<\/p>\n<\/div><\/div><\/div><\/div><\/div><div class=\"w-tabs-section\" id=\"kc76\"><button class=\"w-tabs-section-header\" aria-controls=\"content-kc76\" aria-expanded=\"false\"><h3 class=\"w-tabs-section-title\">Poor Flow Characteristics<\/h3><div class=\"w-tabs-section-control\"><\/div><\/button><div  class=\"w-tabs-section-content us_custom_fca8cc99\" id=\"content-kc76\"><div class=\"w-tabs-section-content-h i-cf\"><div class=\"wpb_text_column\"><div class=\"wpb_wrapper\"><p><span data-contrast=\"none\">This property makes lithium dust more likely to cling to surfaces or equipment.\u202f<\/span><span data-ccp-props=\"{&quot;201341983&quot;:0,&quot;335559739&quot;:0,&quot;335559740&quot;:240}\">\u00a0<\/span><\/p>\n<\/div><\/div><\/div><\/div><\/div><div class=\"w-tabs-section\" id=\"se4e\"><button class=\"w-tabs-section-header\" aria-controls=\"content-se4e\" aria-expanded=\"false\"><h3 class=\"w-tabs-section-title\">Reactivity<\/h3><div class=\"w-tabs-section-control\"><\/div><\/button><div  class=\"w-tabs-section-content\" id=\"content-se4e\"><div class=\"w-tabs-section-content-h i-cf\"><div class=\"wpb_text_column\"><div class=\"wpb_wrapper\"><p>Lithium is a highly reactive substance that responds vigorously to water, steam, or moisture in the air, producing flammable hydrogen gas. This reactivity increases the risk of explosions or fires when in the presence of ignition sources.<\/p>\n<\/div><\/div><\/div><\/div><\/div><div class=\"w-tabs-section\" id=\"q00f\"><button class=\"w-tabs-section-header\" aria-controls=\"content-q00f\" aria-expanded=\"false\"><h3 class=\"w-tabs-section-title\">Flammbility<\/h3><div class=\"w-tabs-section-control\"><\/div><\/button><div  class=\"w-tabs-section-content\" id=\"content-q00f\"><div class=\"w-tabs-section-content-h i-cf\"><div class=\"wpb_text_column\"><div class=\"wpb_wrapper\"><p><span data-contrast=\"none\">Fine lithium dust can ignite spontaneously in the presence of air or moisture, which greatly increases the risk of combustion explosion.\u202f<\/span><span data-ccp-props=\"{&quot;201341983&quot;:0,&quot;335559739&quot;:0,&quot;335559740&quot;:240}\">\u00a0<\/span><\/p>\n<\/div><\/div><\/div><\/div><\/div><div class=\"w-tabs-section\" id=\"h1cd\"><button class=\"w-tabs-section-header\" aria-controls=\"content-h1cd\" aria-expanded=\"false\"><h3 class=\"w-tabs-section-title\">Health Hazards<\/h3><div class=\"w-tabs-section-control\"><\/div><\/button><div  class=\"w-tabs-section-content us_custom_fca8cc99\" id=\"content-h1cd\"><div class=\"w-tabs-section-content-h i-cf\"><div class=\"wpb_text_column\"><div class=\"wpb_wrapper\"><p>Smaller lithium particles can penetrate more deeply into the lungs if inhaled. It can also\u00a0cause various health issues, including skin and eye irritation or respiratory ailments.<\/p>\n<\/div><\/div><\/div><\/div><\/div><\/div><\/div><div class=\"w-separator size_medium\"><\/div><div class=\"wpb_text_column\"><div class=\"wpb_wrapper\"><p>The challenges of lithium dust require careful design and planning to build a proficient dust collection system to control it.<\/p>\n<\/div><\/div><\/div><\/div><div class=\"wpb_column vc_column_container\"><div class=\"vc_column-inner\"><div class=\"w-text us_custom_fedafa2a has_text_color\"><span class=\"w-text-h\"><span class=\"w-text-value\">Renewable Energy Industry Filtration Solutions<\/span><\/span><\/div><div class=\"wpb_text_column\"><div class=\"wpb_wrapper\"><h2>Aokai Industrial Filtration Solutions<\/h2>\n<p><span data-contrast=\"none\">Lithium processors and battery manufacturers require a high-performance industrial dust collection system that is customizable to respond to lithium dust&#8217;s unique characteristics, and maintain safety. <\/span>Effective industrial dust removal improves plant safety, assists with plant maintenance, improves air quality, and decreases potential health hazards.<\/p>\n<p>Aokai offers robust and innovative dust filtration solutions for all stages of raw material handling and battery production. We are continuing to innovate to meet the needs of the growing and evolving battery manufacturing industry, including solutions for EV battery and energy storage battery manufacturers.<\/p>\n<p>Aokai offers specialized and engineered solutions that consider factors such as filter media selection, air-to-cloth ratio, and interstitial velocity, among others, based on operating conditions like moisture levels, particle sizes, or timing for cleaning cycles. Focusing on lithium dust&#8217;s unique characteristics and industry-specific emission control requirements, our lithium dust filtration solution has the following advantages:<\/p>\n<ul>\n<li>Reduced dust emissions<\/li>\n<li>High temperature and corrosion resistance<\/li>\n<li>Easy dust cake release and longer cleaning cycle due to smooth surface of low coefficient friction<\/li>\n<li>Increased energy efficiency due to reduced cleaning<\/li>\n<\/ul>\n<\/div><\/div><\/div><\/div><\/div><\/div><\/section><section class=\"l-section wpb_row height_auto\"><div class=\"l-section-h i-cf\"><div class=\"g-cols vc_row via_grid cols_1 laptops-cols_inherit tablets-cols_inherit mobiles-cols_1 valign_top type_default stacking_default\"><div class=\"wpb_column vc_column_container\"><div class=\"vc_column-inner\"><div class=\"w-separator size_small with_line width_50 thick_2 style_solid color_border align_center\"><div class=\"w-separator-h\"><\/div><\/div><\/div><\/div><\/div><\/div><\/section><section class=\"l-section wpb_row height_medium\"><div class=\"l-section-overlay\" style=\"background:var(--color-content-bg)\"><\/div><div class=\"l-section-h i-cf\"><div class=\"g-cols vc_row via_grid cols_1 laptops-cols_inherit tablets-cols_inherit mobiles-cols_1 valign_top type_default stacking_default\"><div class=\"wpb_column vc_column_container\"><div class=\"vc_column-inner\"><div class=\"w-text us_custom_39fbd8f9 has_text_color\"><span class=\"w-text-h\"><span class=\"w-text-value\">Renewable Energy Industry Filtration Solutions<\/span><\/span><\/div><div class=\"wpb_text_column\"><div class=\"wpb_wrapper\"><h2>Filter Media and Filter Bags for Renewable Energy Industry<\/h2>\n<p>Aokai baghouse filter bag products that are most commonly used in the Renewable Energy Industry:<\/p>\n<\/div><\/div><div class=\"w-separator size_medium\"><\/div><div class=\"wpb_text_column\"><div class=\"wpb_wrapper\">\n<table id=\"tablepress-13\" class=\"tablepress tablepress-id-13\">\n<thead>\n<tr class=\"row-1\">\n\t<th class=\"column-1\"><strong>Characteristics<\/strong><\/th><th class=\"column-2\"><strong>Rating<\/strong><\/th><th class=\"column-3\"><strong>Rating<\/strong><\/th><th class=\"column-4\"><strong>Rating<\/strong><\/th>\n<\/tr>\n<\/thead>\n<tbody class=\"row-striping row-hover\">\n<tr class=\"row-2\">\n\t<td class=\"column-1\">Product<\/td><td class=\"column-2\">PT175M<\/td><td class=\"column-3\">PT180M<\/td><td class=\"column-4\">PT380<\/td>\n<\/tr>\n<tr class=\"row-3\">\n\t<td class=\"column-1\">Fiber Content<\/td><td class=\"column-2\">100% PTFE<\/td><td class=\"column-3\">100% PTFE<\/td><td class=\"column-4\">PTFE Blend Fiberglass<\/td>\n<\/tr>\n<tr class=\"row-4\">\n\t<td class=\"column-1\">A\u011f\u0131rl\u0131k<\/td><td class=\"column-2\">750g\/m\u00b2 (22.12oz\/yd\u00b2)<\/td><td class=\"column-3\">800g\/m\u00b2 (23.60oz\/yd\u00b2)<\/td><td class=\"column-4\">800g\/m\u00b2 (23.60oz\/yd\u00b2)<\/td>\n<\/tr>\n<tr class=\"row-5\">\n\t<td class=\"column-1\">Kal\u0131nl\u0131k<\/td><td class=\"column-2\">1.0mm (0.039in)<\/td><td class=\"column-3\">1.2mm (0.047in)<\/td><td class=\"column-4\">1.6mm (0.063in)<\/td>\n<\/tr>\n<tr class=\"row-6\">\n\t<td class=\"column-1\">S\u00fcrekli \u00c7al\u0131\u015fma S\u0131cakl\u0131\u011f\u0131<\/td><td class=\"column-2\">240\u00b0C (464\u00b0F)<\/td><td class=\"column-3\">240\u00b0C (464\u00b0F)<\/td><td class=\"column-4\">240\u00b0C (464\u00b0F)<\/td>\n<\/tr>\n<tr class=\"row-7\">\n\t<td class=\"column-1\">Maximum Surge Temperature<\/td><td class=\"column-2\">260\u00b0C (500\u00b0F)<\/td><td class=\"column-3\">260\u00b0C (500\u00b0F)<\/td><td class=\"column-4\">260\u00b0C (500\u00b0F)<\/td>\n<\/tr>\n<tr class=\"row-8\">\n\t<td class=\"column-1\">Emission<\/td><td class=\"column-2\">10mg\/Nm\u00b3<\/td><td class=\"column-3\">10mg\/Nm\u00b3<\/td><td class=\"column-4\">10mg\/Nm\u00b3<\/td>\n<\/tr>\n<tr class=\"row-9\">\n\t<td class=\"column-1\">A\u015f\u0131nma Direnci<\/td><td class=\"column-2\">\u0130yi<\/td><td class=\"column-3\">\u0130yi<\/td><td class=\"column-4\">M\u00fckemmel<\/td>\n<\/tr>\n<tr class=\"row-10\">\n\t<td class=\"column-1\">Asit Direnci<\/td><td class=\"column-2\">M\u00fckemmel<\/td><td class=\"column-3\">M\u00fckemmel<\/td><td class=\"column-4\">\u0130yi<\/td>\n<\/tr>\n<tr class=\"row-11\">\n\t<td class=\"column-1\">Alkali Direnci<\/td><td class=\"column-2\">M\u00fckemmel<\/td><td class=\"column-3\">M\u00fckemmel<\/td><td class=\"column-4\">M\u00fckemmel<\/td>\n<\/tr>\n<tr class=\"row-12\">\n\t<td class=\"column-1\">Moist Heat Resistant<\/td><td class=\"column-2\">M\u00fckemmel<\/td><td class=\"column-3\">M\u00fckemmel<\/td><td class=\"column-4\">M\u00fckemmel<\/td>\n<\/tr>\n<tr class=\"row-13\">\n\t<td class=\"column-1\">Energy Absorbsion<\/td><td class=\"column-2\">M\u00fckemmel<\/td><td class=\"column-3\">M\u00fckemmel<\/td><td class=\"column-4\">M\u00fckemmel<\/td>\n<\/tr>\n<tr class=\"row-14\">\n\t<td class=\"column-1\">Filtration Property<\/td><td class=\"column-2\">99.99%<\/td><td class=\"column-3\">99.99%<\/td><td class=\"column-4\">99.99%<\/td>\n<\/tr>\n<\/tbody>\n<\/table>\n<!-- #tablepress-13 from cache -->\n<\/div><\/div><\/div><\/div><\/div><\/div><\/section>","protected":false},"excerpt":{"rendered":"Giri\u015fSayfalarRenewable Energy IndustryRenewable Energy IndustryIndustry Overview Lithium batteries are increasingly becoming the power source of automotives, and the common power storage media for vast commercial and household applications. It is now the integral part of modern society\u2019s move toward a lower carbon economic model. It is estimated that the global lithium mining market is projected...","protected":false},"author":1,"featured_media":0,"parent":2069,"menu_order":0,"comment_status":"closed","ping_status":"closed","template":"","meta":{"_acf_changed":false,"footnotes":""},"class_list":["post-8958","page","type-page","status-publish","hentry"],"acf":[],"_links":{"self":[{"href":"https:\/\/www.aokaifilters.com\/tr\/wp-json\/wp\/v2\/pages\/8958","targetHints":{"allow":["GET"]}}],"collection":[{"href":"https:\/\/www.aokaifilters.com\/tr\/wp-json\/wp\/v2\/pages"}],"about":[{"href":"https:\/\/www.aokaifilters.com\/tr\/wp-json\/wp\/v2\/types\/page"}],"author":[{"embeddable":true,"href":"https:\/\/www.aokaifilters.com\/tr\/wp-json\/wp\/v2\/users\/1"}],"replies":[{"embeddable":true,"href":"https:\/\/www.aokaifilters.com\/tr\/wp-json\/wp\/v2\/comments?post=8958"}],"version-history":[{"count":0,"href":"https:\/\/www.aokaifilters.com\/tr\/wp-json\/wp\/v2\/pages\/8958\/revisions"}],"up":[{"embeddable":true,"href":"https:\/\/www.aokaifilters.com\/tr\/wp-json\/wp\/v2\/pages\/2069"}],"wp:attachment":[{"href":"https:\/\/www.aokaifilters.com\/tr\/wp-json\/wp\/v2\/media?parent=8958"}],"curies":[{"name":"wp","href":"https:\/\/api.w.org\/{rel}","templated":true}]}}