{"id":8721,"date":"2023-07-24T04:55:35","date_gmt":"2023-07-24T04:55:35","guid":{"rendered":"https:\/\/www.aokaifilters.com\/?page_id=8721"},"modified":"2024-10-18T15:39:10","modified_gmt":"2024-10-18T15:39:10","slug":"customer-cases","status":"publish","type":"page","link":"https:\/\/www.aokaifilters.com\/tr\/resources\/customer-cases\/","title":{"rendered":"M\u00fc\u015fteri Vakalar\u0131"},"content":{"rendered":"<section class=\"l-section wpb_row us_custom_209d813c height_medium\"><div class=\"l-section-h i-cf\"><div class=\"g-cols vc_row via_grid cols_1 laptops-cols_inherit tablets-cols_inherit mobiles-cols_1 valign_top type_default stacking_default\"><div class=\"wpb_column vc_column_container\"><div class=\"vc_column-inner\"><h2 class=\"w-post-elm post_title us_custom_1ba5c71d has_text_color align_left entry-title color_link_inherit\">Customer Cases<\/h2><div class=\"w-separator size_small\"><\/div><form class=\"w-filter for_grid state_desktop us-field-style_1 layout_hor items_2 mod_dropdown dropdown_style_trendy align_none drop_on_hover hide_item_title\" action onsubmit=\"return false;\" onclick='return {&quot;filterPrefix&quot;:&quot;filter&quot;,&quot;hideDisabledValues&quot;:false,&quot;layout&quot;:&quot;hor&quot;,&quot;mobileWidth&quot;:600,&quot;use_grid&quot;:&quot;first&quot;,&quot;gridNotFoundMessage&quot;:&quot;Nothing to filter. Add a suitable Grid to this page.&quot;}'><div class=\"w-filter-list\"><div class=\"w-filter-list-title\">Filtreler<\/div><button class=\"w-filter-list-closer\" title=\"Kapat\" aria-label=\"Kapat\"><\/button><div class=\"w-filter-item type_checkbox\" data-source=\"tax|us_portfolio_category\"><button class=\"w-filter-item-title\">Portfolio Category<span><\/span><\/button><a class=\"w-filter-item-reset\" href=\"#\" title=\"S\u0131f\u0131rla\"><span>S\u0131f\u0131rla<\/span><\/a><div class=\"w-filter-item-content\"><div class=\"w-filter-item-values\" data-maxheight=\"40vh\" style=\"max-height:40vh\"><div class=\"w-filter-item-value\" data-item-amount=\"1\"><label><input type=\"checkbox\" value=\"asphalt\" name=\"filter_us_portfolio_category\"><span class=\"w-filter-item-value-label\">Asphalt<\/span><span class=\"w-filter-item-value-amount\">1<\/span><\/label><\/div><div class=\"w-filter-item-value\" data-item-amount=\"1\"><label><input type=\"checkbox\" value=\"cement\" name=\"filter_us_portfolio_category\"><span class=\"w-filter-item-value-label\">Cement<\/span><span class=\"w-filter-item-value-amount\">1<\/span><\/label><\/div><div class=\"w-filter-item-value\" data-item-amount=\"1\"><label><input type=\"checkbox\" value=\"power-generation\" name=\"filter_us_portfolio_category\"><span class=\"w-filter-item-value-label\">Power Generation<\/span><span class=\"w-filter-item-value-amount\">1<\/span><\/label><\/div><div class=\"w-filter-item-value\" data-item-amount=\"1\"><label><input type=\"checkbox\" value=\"waste-incineration\" name=\"filter_us_portfolio_category\"><span class=\"w-filter-item-value-label\">Waste Incineration<\/span><span class=\"w-filter-item-value-amount\">1<\/span><\/label><\/div><\/div><\/div><\/div><\/div><div class=\"w-filter-list-panel\"><button class=\"w-btn us-btn-style_1\"><span class=\"w-btn-label\">Uygula<\/span><\/button><\/div><style>@media( max-width:600px ){.w-filter.state_desktop .w-filter-list,.w-filter-item-title>span{display:none}.w-filter-opener{display:inline-block}}<\/style><button class=\"w-filter-opener\"><span>Filtreler<\/span><\/button><div class=\"w-filter-json-filters-args hidden\" onclick='return {&quot;taxonomies_query_args&quot;:{&quot;tax|us_portfolio_category&quot;:{&quot;asphalt&quot;:{&quot;fields&quot;:&quot;ids&quot;,&quot;nopaging&quot;:true,&quot;post_status&quot;:[&quot;publish&quot;,&quot;acf-disabled&quot;,&quot;inherit&quot;],&quot;post_type&quot;:[],&quot;posts_per_page&quot;:1,&quot;suppress_filters&quot;:true,&quot;tax_query&quot;:[{&quot;taxonomy&quot;:&quot;us_portfolio_category&quot;,&quot;field&quot;:&quot;slug&quot;,&quot;terms&quot;:&quot;asphalt&quot;}]},&quot;cement&quot;:{&quot;fields&quot;:&quot;ids&quot;,&quot;nopaging&quot;:true,&quot;post_status&quot;:[&quot;publish&quot;,&quot;acf-disabled&quot;,&quot;inherit&quot;],&quot;post_type&quot;:[],&quot;posts_per_page&quot;:1,&quot;suppress_filters&quot;:true,&quot;tax_query&quot;:[{&quot;taxonomy&quot;:&quot;us_portfolio_category&quot;,&quot;field&quot;:&quot;slug&quot;,&quot;terms&quot;:&quot;cement&quot;}]},&quot;mining-metallurgy&quot;:{&quot;fields&quot;:&quot;ids&quot;,&quot;nopaging&quot;:true,&quot;post_status&quot;:[&quot;publish&quot;,&quot;acf-disabled&quot;,&quot;inherit&quot;],&quot;post_type&quot;:[],&quot;posts_per_page&quot;:1,&quot;suppress_filters&quot;:true,&quot;tax_query&quot;:[{&quot;taxonomy&quot;:&quot;us_portfolio_category&quot;,&quot;field&quot;:&quot;slug&quot;,&quot;terms&quot;:&quot;mining-metallurgy&quot;}]},&quot;new-energy&quot;:{&quot;fields&quot;:&quot;ids&quot;,&quot;nopaging&quot;:true,&quot;post_status&quot;:[&quot;publish&quot;,&quot;acf-disabled&quot;,&quot;inherit&quot;],&quot;post_type&quot;:[],&quot;posts_per_page&quot;:1,&quot;suppress_filters&quot;:true,&quot;tax_query&quot;:[{&quot;taxonomy&quot;:&quot;us_portfolio_category&quot;,&quot;field&quot;:&quot;slug&quot;,&quot;terms&quot;:&quot;new-energy&quot;}]},&quot;power-generation&quot;:{&quot;fields&quot;:&quot;ids&quot;,&quot;nopaging&quot;:true,&quot;post_status&quot;:[&quot;publish&quot;,&quot;acf-disabled&quot;,&quot;inherit&quot;],&quot;post_type&quot;:[],&quot;posts_per_page&quot;:1,&quot;suppress_filters&quot;:true,&quot;tax_query&quot;:[{&quot;taxonomy&quot;:&quot;us_portfolio_category&quot;,&quot;field&quot;:&quot;slug&quot;,&quot;terms&quot;:&quot;power-generation&quot;}]},&quot;renewable-energy&quot;:{&quot;fields&quot;:&quot;ids&quot;,&quot;nopaging&quot;:true,&quot;post_status&quot;:[&quot;publish&quot;,&quot;acf-disabled&quot;,&quot;inherit&quot;],&quot;post_type&quot;:[],&quot;posts_per_page&quot;:1,&quot;suppress_filters&quot;:true,&quot;tax_query&quot;:[{&quot;taxonomy&quot;:&quot;us_portfolio_category&quot;,&quot;field&quot;:&quot;slug&quot;,&quot;terms&quot;:&quot;renewable-energy&quot;}]},&quot;waste-incineration&quot;:{&quot;fields&quot;:&quot;ids&quot;,&quot;nopaging&quot;:true,&quot;post_status&quot;:[&quot;publish&quot;,&quot;acf-disabled&quot;,&quot;inherit&quot;],&quot;post_type&quot;:[],&quot;posts_per_page&quot;:1,&quot;suppress_filters&quot;:true,&quot;tax_query&quot;:[{&quot;taxonomy&quot;:&quot;us_portfolio_category&quot;,&quot;field&quot;:&quot;slug&quot;,&quot;terms&quot;:&quot;waste-incineration&quot;}]}},&quot;tax|us_portfolio_tag&quot;:{&quot;filter-bag&quot;:{&quot;fields&quot;:&quot;ids&quot;,&quot;nopaging&quot;:true,&quot;post_status&quot;:[&quot;publish&quot;,&quot;acf-disabled&quot;,&quot;inherit&quot;],&quot;post_type&quot;:[],&quot;posts_per_page&quot;:1,&quot;suppress_filters&quot;:true,&quot;tax_query&quot;:[{&quot;taxonomy&quot;:&quot;us_portfolio_tag&quot;,&quot;field&quot;:&quot;slug&quot;,&quot;terms&quot;:&quot;filter-bag&quot;}]},&quot;filter-cloth&quot;:{&quot;fields&quot;:&quot;ids&quot;,&quot;nopaging&quot;:true,&quot;post_status&quot;:[&quot;publish&quot;,&quot;acf-disabled&quot;,&quot;inherit&quot;],&quot;post_type&quot;:[],&quot;posts_per_page&quot;:1,&quot;suppress_filters&quot;:true,&quot;tax_query&quot;:[{&quot;taxonomy&quot;:&quot;us_portfolio_tag&quot;,&quot;field&quot;:&quot;slug&quot;,&quot;terms&quot;:&quot;filter-cloth&quot;}]}}}}'><\/div><\/form><div class=\"w-separator size_small\"><\/div><div class=\"w-grid us_grid type_grid layout_1674 cols_3 overflow_hidden preload_style_spinner\" id=\"us_grid_1\" style=\"--columns:3;--gap:1rem;\" data-filterable=\"true\"><style>@media (max-width:1024px){#us_grid_1{--columns:2!important}}@media (max-width:600px){#us_grid_1{--columns:1!important}}.layout_1674 .w-grid-item-h{background:var(--color-content-bg-alt)}.layout_1674 .usg_post_image_1{transition-duration:0.3s;transform-origin:50% 100%;transform:scale(1) translate(0%,0%)}.layout_1674 .w-grid-item-h:focus-within .usg_post_image_1,.layout_1674 .w-grid-item-h:hover .usg_post_image_1{transform:scale(1.15) translate(0%,0%);opacity:1}.layout_1674 .usg_vwrapper_1{padding:1.5rem 2.5rem 2rem 2rem!important}.layout_1674 .usg_post_image_1{border-radius:5px!important}.layout_1674 .usg_post_date_1{font-size:14px!important}<\/style><div class=\"w-grid-list\">\t<article class=\"w-grid-item size_1x1 post-18688 us_portfolio type-us_portfolio status-publish has-post-thumbnail hentry us_portfolio_category-cement\" data-id=\"18688\">\r\n\t\t<div class=\"w-grid-item-h\">\r\n\t\t\t\t\t\t\t<a href=\"https:\/\/www.aokaifilters.com\/tr\/portfolio\/filter-bags-for-cement\/\" class=\"w-grid-item-anchor\" aria-label=\"Filter Bags For Cement\"><\/a>\r\n\t\t\t\t\t\t<div class=\"w-post-elm post_image usg_post_image_1 has_ratio\"><img loading=\"lazy\" decoding=\"async\" width=\"1024\" height=\"512\" src=\"https:\/\/www.aokaifilters.com\/wp-content\/uploads\/\u6c34\u6ce5-1024x512.webp\" class=\"attachment-large size-large wp-post-image\" alt=\"filter bags for cement\" title=\"\"><div style=\"padding-bottom:56.25%\"><\/div><\/div><div class=\"w-vwrapper usg_vwrapper_1 align_none valign_top\" style=\"--vwrapper-gap:1rem\"><div class=\"w-hwrapper usg_hwrapper_1 align_none valign_middle wrap\" style=\"--hwrapper-gap:1rem\"><time class=\"w-post-elm post_date usg_post_date_1 entry-date published\" datetime=\"2026-04-09T13:02:05+08:00\">Nisan 9, 2026<\/time><\/div><h4 class=\"w-post-elm post_title usg_post_title_1 entry-title color_link_inherit\">Filter Bags For Cement<\/h4><div class=\"w-post-elm post_content usg_post_content_1\">BackgroundTrends As the world&#8217;s largest producer and consumer of cement, China&#8217;s market landscape is undergoing profound&hellip;<\/div><\/div>\t\t<\/div>\r\n\t\t\t<\/article>\r\n\t<article class=\"w-grid-item size_1x1 post-8792 us_portfolio type-us_portfolio status-publish has-post-thumbnail hentry us_portfolio_category-asphalt\" data-id=\"8792\">\r\n\t\t<div class=\"w-grid-item-h\">\r\n\t\t\t\t\t\t\t<a href=\"https:\/\/www.aokaifilters.com\/tr\/portfolio\/filter-bags-for-asphalt-mixing-plant\/\" class=\"w-grid-item-anchor\" aria-label=\"Filter bags for Asphalt Mixing Plant\"><\/a>\r\n\t\t\t\t\t\t<div class=\"w-post-elm post_image usg_post_image_1 has_ratio\"><img loading=\"lazy\" decoding=\"async\" width=\"518\" height=\"707\" src=\"https:\/\/www.aokaifilters.com\/wp-content\/uploads\/2023\/09\/emission-analysis-1.jpeg\" class=\"attachment-large size-large wp-post-image\" alt=\"Filter bags for Asphalt Mixing Plant\" title=\"\"><div style=\"padding-bottom:56.25%\"><\/div><\/div><div class=\"w-vwrapper usg_vwrapper_1 align_none valign_top\" style=\"--vwrapper-gap:1rem\"><div class=\"w-hwrapper usg_hwrapper_1 align_none valign_middle wrap\" style=\"--hwrapper-gap:1rem\"><time class=\"w-post-elm post_date usg_post_date_1 entry-date published\" datetime=\"2023-07-26T03:04:54+08:00\">Temmuz 26, 2023<\/time><\/div><h4 class=\"w-post-elm post_title usg_post_title_1 entry-title color_link_inherit\">Filter bags for Asphalt Mixing Plant<\/h4><div class=\"w-post-elm post_content usg_post_content_1\">An asphalt mixing plant in Northern China had experienced emissions at 45 mg\/m\u00b3 and above, which&hellip;<\/div><\/div>\t\t<\/div>\r\n\t\t\t<\/article>\r\n\t<article class=\"w-grid-item size_1x1 post-13838 us_portfolio type-us_portfolio status-publish has-post-thumbnail hentry us_portfolio_category-waste-incineration\" data-id=\"13838\">\r\n\t\t<div class=\"w-grid-item-h\">\r\n\t\t\t\t\t\t\t<a href=\"https:\/\/www.aokaifilters.com\/tr\/portfolio\/waste-incineration-plant-maintains-low-emissions\/\" class=\"w-grid-item-anchor\" aria-label=\"Waste Incineration Plant Achieves 3 mg\/m\u00b3 Emissions with Cabture\u00ae PT Series\"><\/a>\r\n\t\t\t\t\t\t<div class=\"w-post-elm post_image usg_post_image_1 has_ratio\"><img loading=\"lazy\" decoding=\"async\" width=\"507\" height=\"306\" src=\"https:\/\/www.aokaifilters.com\/wp-content\/uploads\/\u5317\u4eac\u67d0\u5783\u573e\u711a\u70e7\u884c\u4e1a.png\" class=\"attachment-large size-large wp-post-image\" alt=\"\" title=\"\"><div style=\"padding-bottom:56.25%\"><\/div><\/div><div class=\"w-vwrapper usg_vwrapper_1 align_none valign_top\" style=\"--vwrapper-gap:1rem\"><div class=\"w-hwrapper usg_hwrapper_1 align_none valign_middle wrap\" style=\"--hwrapper-gap:1rem\"><time class=\"w-post-elm post_date usg_post_date_1 entry-date published\" datetime=\"2025-06-07T03:33:00+08:00\">Haziran 7, 2025<\/time><\/div><h4 class=\"w-post-elm post_title usg_post_title_1 entry-title color_link_inherit\">Waste Incineration Plant Achieves 3 mg\/m\u00b3 Emissions with Cabture\u00ae PT Series<\/h4><div class=\"w-post-elm post_content usg_post_content_1\">Aokai Environtec is at the forefront of helping waste incineration plants achieve ultra-low emissions. For example,&hellip;<\/div><\/div>\t\t<\/div>\r\n\t\t\t<\/article>\r\n\t<article class=\"w-grid-item size_1x1 post-13568 us_portfolio type-us_portfolio status-publish has-post-thumbnail hentry us_portfolio_category-power-generation\" data-id=\"13568\">\r\n\t\t<div class=\"w-grid-item-h\">\r\n\t\t\t\t\t\t\t<a href=\"https:\/\/www.aokaifilters.com\/tr\/portfolio\/power-plant-zero-emissions\/\" class=\"w-grid-item-anchor\" aria-label=\"Power Plant Achieves Near-Zero Emissions\"><\/a>\r\n\t\t\t\t\t\t<div class=\"w-post-elm post_image usg_post_image_1 has_ratio\"><img loading=\"lazy\" decoding=\"async\" width=\"1024\" height=\"574\" src=\"https:\/\/www.aokaifilters.com\/wp-content\/uploads\/2023\/08\/power-plant-4-1024x574.jpg\" class=\"attachment-large size-large wp-post-image\" alt=\"Power Plant Dust Collection\" title=\"\"><div style=\"padding-bottom:56.25%\"><\/div><\/div><div class=\"w-vwrapper usg_vwrapper_1 align_none valign_top\" style=\"--vwrapper-gap:1rem\"><div class=\"w-hwrapper usg_hwrapper_1 align_none valign_middle wrap\" style=\"--hwrapper-gap:1rem\"><time class=\"w-post-elm post_date usg_post_date_1 entry-date published\" datetime=\"2025-05-29T09:25:26+08:00\">May\u0131s 29, 2025<\/time><\/div><h4 class=\"w-post-elm post_title usg_post_title_1 entry-title color_link_inherit\">Power Plant Achieves Near-Zero Emissions<\/h4><div class=\"w-post-elm post_content usg_post_content_1\">Facing strict new environmental regulations, a major power plant in Eastern China transformed its operations with&hellip;<\/div><\/div>\t\t<\/div>\r\n\t\t\t<\/article>\r\n<\/div>\t<div class=\"w-grid-preloader\">\r\n\t\t<div class=\"g-preloader type_1\">\r\n\t\t\t<div><\/div>\r\n\t\t<\/div>\r\n\t<\/div>\r\n\t\t<div class=\"w-grid-json hidden\" onclick='return {&quot;action&quot;:&quot;us_ajax_grid&quot;,&quot;infinite_scroll&quot;:0,&quot;max_num_pages&quot;:1,&quot;pagination&quot;:&quot;none&quot;,&quot;template_vars&quot;:{&quot;columns&quot;:&quot;3&quot;,&quot;exclude_items&quot;:&quot;none&quot;,&quot;img_size&quot;:&quot;default&quot;,&quot;ignore_items_size&quot;:0,&quot;items_layout&quot;:&quot;1674&quot;,&quot;items_offset&quot;:&quot;1&quot;,&quot;load_animation&quot;:&quot;none&quot;,&quot;overriding_link&quot;:&quot;%7B%22type%22%3A%22post%22%7D&quot;,&quot;post_id&quot;:0,&quot;query_args&quot;:{&quot;post_type&quot;:[&quot;us_portfolio&quot;],&quot;post_status&quot;:[&quot;publish&quot;,&quot;acf-disabled&quot;],&quot;posts_per_page&quot;:&quot;10&quot;},&quot;orderby_query_args&quot;:{&quot;orderby&quot;:{&quot;modified&quot;:&quot;DESC&quot;,&quot;date&quot;:&quot;DESC&quot;}},&quot;type&quot;:&quot;grid&quot;,&quot;us_grid_post_type&quot;:&quot;us_portfolio&quot;,&quot;us_grid_ajax_index&quot;:1,&quot;us_grid_filter_query_string&quot;:null,&quot;us_grid_index&quot;:1,&quot;page_args&quot;:[]}}'><\/div>\r\n\t<\/div><\/div><\/div><\/div><\/div><\/section>\n","protected":false},"excerpt":{"rendered":"Facing strict new environmental regulations, a major power plant in Eastern China transformed its operations with Aokai&#8217;s CareClean\u00ae series filter bags. The plant dramatically reduced particulate emissions from 6.8 mg\/m\u00b3 to a consistent 1.5 mg\/m\u00b3 over 18 months, resulting in a reduction of operational resistance (differential pressure) by over 50%. This success ensures compliance and...","protected":false},"author":1,"featured_media":0,"parent":8778,"menu_order":0,"comment_status":"closed","ping_status":"closed","template":"","meta":{"_acf_changed":false,"footnotes":""},"class_list":["post-8721","page","type-page","status-publish","hentry"],"acf":[],"_links":{"self":[{"href":"https:\/\/www.aokaifilters.com\/tr\/wp-json\/wp\/v2\/pages\/8721","targetHints":{"allow":["GET"]}}],"collection":[{"href":"https:\/\/www.aokaifilters.com\/tr\/wp-json\/wp\/v2\/pages"}],"about":[{"href":"https:\/\/www.aokaifilters.com\/tr\/wp-json\/wp\/v2\/types\/page"}],"author":[{"embeddable":true,"href":"https:\/\/www.aokaifilters.com\/tr\/wp-json\/wp\/v2\/users\/1"}],"replies":[{"embeddable":true,"href":"https:\/\/www.aokaifilters.com\/tr\/wp-json\/wp\/v2\/comments?post=8721"}],"version-history":[{"count":0,"href":"https:\/\/www.aokaifilters.com\/tr\/wp-json\/wp\/v2\/pages\/8721\/revisions"}],"up":[{"embeddable":true,"href":"https:\/\/www.aokaifilters.com\/tr\/wp-json\/wp\/v2\/pages\/8778"}],"wp:attachment":[{"href":"https:\/\/www.aokaifilters.com\/tr\/wp-json\/wp\/v2\/media?parent=8721"}],"curies":[{"name":"wp","href":"https:\/\/api.w.org\/{rel}","templated":true}]}}