{"id":2046,"date":"2023-07-22T10:16:50","date_gmt":"2023-07-22T10:16:50","guid":{"rendered":"https:\/\/www.aokaifilters.com\/?page_id=2046"},"modified":"2025-09-10T11:17:58","modified_gmt":"2025-09-10T03:17:58","slug":"partners","status":"publish","type":"page","link":"https:\/\/www.aokaifilters.com\/tr\/company\/partners\/","title":{"rendered":"Ortaklar\u0131m\u0131z"},"content":{"rendered":"<section class=\"l-section wpb_row us_custom_209d813c height_custom with_img parallax_ver\"><div class=\"l-section-img\" role=\"img\" aria-label=\"Aokai Environtec ile \u0130\u015f Orta\u011f\u0131\" data-img-width=\"1920\" data-img-height=\"625\" style=\"background-image: url(https:\/\/www.aokaifilters.com\/wp-content\/uploads\/2023\/09\/partner-5.jpg);background-repeat: no-repeat;background-size: auto;\"><\/div><div class=\"l-section-overlay\" style=\"background:rgba(0,0,0,0.25)\"><\/div><div class=\"l-section-h i-cf\"><div class=\"g-cols vc_row via_grid cols_1 laptops-cols_inherit tablets-cols_inherit mobiles-cols_1 valign_top type_default stacking_default\"><div class=\"wpb_column vc_column_container\"><div class=\"vc_column-inner\"><nav class=\"g-breadcrumbs us_custom_2509bbe8 has_text_color separator_icon align_center hide_current\" itemscope itemtype=\"http:\/\/schema.org\/BreadcrumbList\"><div class=\"g-breadcrumbs-item\" itemscope itemprop=\"itemListElement\" itemtype=\"http:\/\/schema.org\/ListItem\"><a itemprop=\"item\" href=\"https:\/\/www.aokaifilters.com\/tr\/\"><span itemprop=\"name\">Giri\u015f<\/span><\/a><meta itemprop=\"position\" content=\"1\"\/><\/div><div class=\"g-breadcrumbs-separator\"><i class=\"far fa-angle-right\"><\/i><\/div><div class=\"g-breadcrumbs-item\">Sayfalar<\/div><\/nav><div class=\"w-separator size_medium\"><\/div><h1 class=\"w-post-elm post_title us_custom_8b3d6790 has_text_color align_center entry-title color_link_inherit\">Ortaklar\u0131m\u0131z<\/h1><\/div><\/div><\/div><\/div><\/section><section class=\"l-section wpb_row height_medium\"><div class=\"l-section-h i-cf\"><div class=\"g-cols vc_row via_grid cols_1 laptops-cols_inherit tablets-cols_inherit mobiles-cols_1 valign_top type_default stacking_default\"><div class=\"wpb_column vc_column_container\"><div class=\"vc_column-inner\"><div class=\"g-cols wpb_row via_grid cols_2-1 laptops-cols_inherit tablets-cols_inherit mobiles-cols_1 valign_top type_default stacking_default\" style=\"--columns-gap:5rem;\"><div class=\"wpb_column vc_column_container\"><div class=\"vc_column-inner\"><div class=\"w-text us_custom_fedafa2a has_text_color\"><span class=\"w-text-h\"><span class=\"w-text-value\">Aokai Tedarik\u00e7i Ortaklar\u0131<\/span><\/span><\/div><div class=\"wpb_text_column\"><div class=\"wpb_wrapper\"><h2>Kaliteli Tedarik\u00e7iler Ar\u0131yoruz<\/h2>\n<p>Her zaman d\u00fcnya \u00e7ap\u0131nda kalite odakl\u0131, uygun maliyetli ve g\u00fcvenilir birka\u00e7 tedarik\u00e7i ar\u0131yoruz. Amac\u0131m\u0131z maliyetleri optimize etmek ve \u00fcr\u00fcn ve hizmet tekliflerimizin kalitesini s\u00fcrekli olarak iyile\u015ftirmektir.<\/p>\n<p>Aokai, malzeme ve bile\u015fen tedarikinde y\u00fcksek standartlar belirler ve t\u00fcm tedarik\u00e7ilerimizden profesyonel standartlar talep ederiz. \u00c7evreye ve topluma kar\u015f\u0131 sorumluysan\u0131z, y\u00fcksek kalite ve profesyonel standart gerekliliklerinin zorlu\u011funa haz\u0131rsan\u0131z ve a\u015fa\u011f\u0131daki \u00fcr\u00fcnlere sahipseniz, bug\u00fcn bizimle ileti\u015fime ge\u00e7in!<\/p>\n<\/div><\/div><\/div><\/div><div class=\"wpb_column vc_column_container\"><div class=\"vc_column-inner\"><div class=\"w-iconbox iconpos_left style_default color_custom align_left\"><a href=\"tel:+86 18552696052\" class=\"w-iconbox-link\" aria-label=\"Bizi aray\u0131n,\"><div class=\"w-iconbox-icon\" style=\"font-size:2rem;--icon-color:#074ef2;\"><i class=\"fas fa-phone-alt\"><\/i><\/div><\/a><div class=\"w-iconbox-meta\"><h4 class=\"w-iconbox-title\"><a href=\"tel:+86 18552696052\" class=\"w-iconbox-link\" aria-label=\"Bizi aray\u0131n,\">Bizi aray\u0131n,<\/a><\/h4><div class=\"w-iconbox-text\"><p>+86 18552696052<\/p>\n<\/div><\/div><\/div><div class=\"w-separator size_small\"><\/div><div class=\"w-iconbox iconpos_left style_default color_custom align_left\"><a href=\"mailto:info@aokaifilters.com\" class=\"w-iconbox-link\" aria-label=\"veya Bug\u00fcn Bize E-posta G\u00f6nderin!\"><div class=\"w-iconbox-icon\" style=\"font-size:2rem;--icon-color:#074ef2;\"><i class=\"fas fa-fas fa-mail-bulk\"><\/i><\/div><\/a><div class=\"w-iconbox-meta\"><h4 class=\"w-iconbox-title\"><a href=\"mailto:info@aokaifilters.com\" class=\"w-iconbox-link\" aria-label=\"veya Bug\u00fcn Bize E-posta G\u00f6nderin!\">veya Bug\u00fcn Bize E-posta G\u00f6nderin!<\/a><\/h4><div class=\"w-iconbox-text\"><p>info@aokaifilters.com<\/p>\n<\/div><\/div><\/div><\/div><\/div><\/div><div class=\"w-separator size_medium\"><\/div><div class=\"g-cols wpb_row via_grid cols_2 laptops-cols_2 tablets-cols_inherit mobiles-cols_1 valign_top type_default\" style=\"--columns-gap:3rem;\"><div class=\"wpb_column vc_column_container\"><div class=\"vc_column-inner\"><div class=\"w-ibanner us_custom_ebfad66c animation_phorcys ratio_2x1 easing_ease\"><div class=\"w-ibanner-h\"><div class=\"w-ibanner-image\" style=\"background-image: url(https:\/\/www.aokaifilters.com\/wp-content\/uploads\/2023\/09\/treatment-9.jpg)\"><\/div><div class=\"w-ibanner-content\"><div class=\"w-ibanner-content-h\"><h3 class=\"w-ibanner-title\">ePTFE Membran<\/h3><div class=\"w-ibanner-desc\"><p>Filtre torbalar\u0131, \u00e7al\u0131\u015fma ko\u015fullar\u0131na, emisyon kontrol gereksinimlerine, toz toplay\u0131c\u0131 tiplerine ve tam fiziksel \u00f6zelliklere g\u00f6re \u00f6zel olarak \u00fcretilir.<\/p>\n<\/div><\/div><\/div><\/div><\/div><\/div><\/div><div class=\"wpb_column vc_column_container\"><div class=\"vc_column-inner\"><div class=\"w-ibanner us_custom_ebfad66c animation_phorcys ratio_2x1 easing_ease\"><div class=\"w-ibanner-h\"><div class=\"w-ibanner-image\" style=\"background-image: url(https:\/\/www.aokaifilters.com\/wp-content\/uploads\/2023\/09\/spunlace-filter-media-1.jpg)\"><\/div><div class=\"w-ibanner-content\"><div class=\"w-ibanner-content-h\"><h3 class=\"w-ibanner-title\">Spunlace Kuma\u015f<\/h3><div class=\"w-ibanner-desc\"><p>Y\u00fczey veya derinlik filtreleme ortamlar\u0131n\u0131 filtreleyin, ister korozyon, \u0131s\u0131, a\u015f\u0131nma, statik diren\u00e7li veya su ve ya\u011f itici olsun, siz isteyin, biz \u00f6zel olarak yapal\u0131m!<\/p>\n<\/div><\/div><\/div><\/div><\/div><\/div><\/div><div class=\"wpb_column vc_column_container\"><div class=\"vc_column-inner\"><div class=\"w-ibanner us_custom_ebfad66c animation_phorcys ratio_2x1 easing_ease\"><div class=\"w-ibanner-h\"><div class=\"w-ibanner-image\" style=\"background-image: url(https:\/\/www.aokaifilters.com\/wp-content\/uploads\/2023\/09\/aramid-fiber-1.jpg)\"><\/div><div class=\"w-ibanner-content\"><div class=\"w-ibanner-content-h\"><h3 class=\"w-ibanner-title\">Aramid Elyaf<\/h3><div class=\"w-ibanner-desc\"><p>Filtre kafesleri, m\u00fckemmel ba\u011flant\u0131lar sa\u011flamak i\u00e7in \u015firket i\u00e7inde \u00fcretilmektedir. Her t\u00fcrl\u00fc end\u00fcstrideki en zorlu ko\u015fullara dayanabilmeleri i\u00e7in \u00e7e\u015fitli yap\u0131 ve kaplamalarla \u00fcretilirler.<\/p>\n<\/div><\/div><\/div><\/div><\/div><\/div><\/div><\/div><\/div><\/div><\/div><\/div><\/section><section class=\"l-section wpb_row height_auto\"><div class=\"l-section-h i-cf\"><div class=\"g-cols vc_row via_grid cols_1 laptops-cols_inherit tablets-cols_inherit mobiles-cols_1 valign_top type_default stacking_default\"><div class=\"wpb_column vc_column_container\"><div class=\"vc_column-inner\"><div class=\"w-separator size_small with_line width_50 thick_2 style_solid color_border align_center\"><div class=\"w-separator-h\"><\/div><\/div><\/div><\/div><\/div><\/div><\/section><section class=\"l-section wpb_row height_medium\"><div class=\"l-section-h i-cf\"><div class=\"g-cols vc_row via_grid cols_1 laptops-cols_inherit tablets-cols_inherit mobiles-cols_1 valign_top type_default stacking_default\"><div class=\"wpb_column vc_column_container\"><div class=\"vc_column-inner\"><div class=\"g-cols wpb_row via_grid cols_2-1 laptops-cols_inherit tablets-cols_inherit mobiles-cols_1 valign_top type_default stacking_default\" style=\"--columns-gap:5rem;\"><div class=\"wpb_column vc_column_container\"><div class=\"vc_column-inner\"><div class=\"w-text us_custom_fedafa2a has_text_color\"><span class=\"w-text-h\"><span class=\"w-text-value\">Aokai Da\u011f\u0131t\u0131m Ortaklar\u0131<\/span><\/span><\/div><div class=\"wpb_text_column\"><div class=\"wpb_wrapper\"><h2>D\u00fcnya \u00c7ap\u0131nda Distrib\u00fct\u00f6r \u0130\u015fe Alma<\/h2>\n<p>\u0130\u015fimizi yeni pazarlara ve \u00fclkelere geni\u015fletmek i\u00e7in s\u00fcrekli f\u0131rsatlar ar\u0131yoruz ve bunu yerel distrib\u00fct\u00f6rlerle i\u015fbirli\u011fi yaparak yap\u0131yoruz. Siz de bizim gibi temiz havaya \u00f6nem veriyorsan\u0131z ve toz filtreleme ve toplama end\u00fcstrilerinde uzmanl\u0131\u011fa ve kaynaklara sahipseniz, bizimle ileti\u015fime ge\u00e7in! Aokai'nin Ar-Ge kabiliyeti ve \u00fcretim kapasitesinden yararlanarak, birlikte d\u00fcnyay\u0131 daha temiz ve daha iyi bir yer haline getirebiliriz.<\/p>\n<p>Distrib\u00fct\u00f6rlerimiz a\u015fa\u011f\u0131dakilerden biri olabilir, ancak bunlarla s\u0131n\u0131rl\u0131 de\u011fildir:<\/p>\n<\/div><\/div><\/div><\/div><div class=\"wpb_column vc_column_container\"><div class=\"vc_column-inner\"><div class=\"w-iconbox iconpos_left style_default color_custom align_left\"><a href=\"mailto:nora@aokaifilters.com\" class=\"w-iconbox-link\" aria-label=\"Bug\u00fcn Bize E-posta G\u00f6nderin!\"><div class=\"w-iconbox-icon\" style=\"font-size:2rem;--icon-color:#074ef2;\"><i class=\"fas fa-fas fa-mail-bulk\"><\/i><\/div><\/a><div class=\"w-iconbox-meta\"><h4 class=\"w-iconbox-title\"><a href=\"mailto:nora@aokaifilters.com\" class=\"w-iconbox-link\" aria-label=\"Bug\u00fcn Bize E-posta G\u00f6nderin!\">Bug\u00fcn Bize E-posta G\u00f6nderin!<\/a><\/h4><div class=\"w-iconbox-text\"><p>nora@aokaifilters.com<\/p>\n<\/div><\/div><\/div><div class=\"w-separator size_medium\"><\/div><div class=\"w-image us_custom_447bff20 has_ratio align_none\"><div class=\"w-image-h\"><div style=\"padding-bottom:56.25%\"><\/div><img decoding=\"async\" width=\"600\" height=\"348\" src=\"https:\/\/www.aokaifilters.com\/wp-content\/uploads\/2023\/09\/partner-1.jpg\" class=\"attachment-us_600_600 size-us_600_600\" alt=\"Partner with Aokai Environtec\" loading=\"lazy\" title=\"\"><\/div><\/div><\/div><\/div><\/div><div class=\"w-separator size_medium\"><\/div><div class=\"g-cols wpb_row via_grid cols_3 laptops-cols_inherit tablets-cols_inherit mobiles-cols_1 valign_top type_default stacking_default\" style=\"--columns-gap:3rem;\"><div class=\"wpb_column vc_column_container\"><div class=\"vc_column-inner\"><div class=\"w-iconbox iconpos_left style_default color_custom align_none\"><a href=\"#\" class=\"w-iconbox-link\" aria-label=\"Filtre Torbas\u0131 \u00dcreticileri\"><div class=\"w-iconbox-icon\" style=\"font-size:30px;--icon-color:#074ef2;\"><i class=\"fas fa-check-circle\"><\/i><\/div><\/a><div class=\"w-iconbox-meta\"><h4 class=\"w-iconbox-title\"><a href=\"#\" class=\"w-iconbox-link\" aria-label=\"Filtre Torbas\u0131 \u00dcreticileri\">Filtre Torbas\u0131 \u00dcreticileri<\/a><\/h4><div class=\"w-iconbox-text\"><p>Yerel bir filtre torbas\u0131 \u00fcreticisi olarak, filtre medyas\u0131 teknolojilerimizden, \u00fcretim kapasitemizden ve envanterimizden yararlanarak istikrarl\u0131 bir tedarik zinciri s\u00fcrd\u00fcrmek istiyorsunuz.<\/p>\n<\/div><\/div><\/div><\/div><\/div><div class=\"wpb_column vc_column_container\"><div class=\"vc_column-inner\"><div class=\"w-iconbox iconpos_left style_default color_custom align_none\"><div class=\"w-iconbox-icon\" style=\"font-size:30px;--icon-color:#074ef2;\"><i class=\"fas fa-check-circle\"><\/i><\/div><div class=\"w-iconbox-meta\"><h4 class=\"w-iconbox-title\">Torba \u00dcreticileri<\/h4><div class=\"w-iconbox-text\"><p>Aokai, torbal\u0131 evinize (toz toplay\u0131c\u0131) m\u00fckemmel bir uyum sa\u011flamak i\u00e7in \u00f6zel olarak belirli yap\u0131 ve boyutlarda filtre torbalar\u0131 \u00fcretir.<\/p>\n<\/div><\/div><\/div><\/div><\/div><div class=\"wpb_column vc_column_container\"><div class=\"vc_column-inner\"><div class=\"w-iconbox iconpos_left style_default color_custom align_none\"><a href=\"#\" class=\"w-iconbox-link\" aria-label=\"Filtrasyon Hizmet Sa\u011flay\u0131c\u0131lar\u0131\"><div class=\"w-iconbox-icon\" style=\"font-size:30px;--icon-color:#074ef2;\"><i class=\"fas fa-check-circle\"><\/i><\/div><\/a><div class=\"w-iconbox-meta\"><h4 class=\"w-iconbox-title\"><a href=\"#\" class=\"w-iconbox-link\" aria-label=\"Filtrasyon Hizmet Sa\u011flay\u0131c\u0131lar\u0131\">Filtrasyon Hizmet Sa\u011flay\u0131c\u0131lar\u0131<\/a><\/h4><div class=\"w-iconbox-text\"><div id=\"content\" class=\"site-content\">\n<div class=\"elementor elementor-1733\" data-elementor-type=\"wp-page\" data-elementor-id=\"1733\">\n<div class=\"elementor-element elementor-element-0a6af17 e-grid e-con-boxed e-con\" data-id=\"0a6af17\" data-element_type=\"container\" data-settings=\"{&quot;grid_columns_grid_tablet&quot;:{&quot;unit&quot;:&quot;fr&quot;,&quot;size&quot;:2,&quot;sizes&quot;:&#091;&#093;},&quot;grid_rows_grid&quot;:{&quot;unit&quot;:&quot;fr&quot;,&quot;size&quot;:1,&quot;sizes&quot;:&#091;&#093;},&quot;content_width&quot;:&quot;boxed&quot;,&quot;grid_outline&quot;:&quot;yes&quot;,&quot;grid_columns_grid&quot;:{&quot;unit&quot;:&quot;fr&quot;,&quot;size&quot;:3,&quot;sizes&quot;:&#091;&#093;},&quot;grid_columns_grid_mobile&quot;:{&quot;unit&quot;:&quot;fr&quot;,&quot;size&quot;:1,&quot;sizes&quot;:&#091;&#093;},&quot;grid_rows_grid_tablet&quot;:{&quot;unit&quot;:&quot;fr&quot;,&quot;size&quot;:&quot;&quot;,&quot;sizes&quot;:&#091;&#093;},&quot;grid_rows_grid_mobile&quot;:{&quot;unit&quot;:&quot;fr&quot;,&quot;size&quot;:&quot;&quot;,&quot;sizes&quot;:&#091;&#093;}}\">\n<div class=\"e-con-inner\">\n<div class=\"elementor-element elementor-element-ed79163 e-con-full e-flex e-con\" data-id=\"ed79163\" data-element_type=\"container\" data-settings=\"{&quot;content_width&quot;:&quot;full&quot;}\">\n<div class=\"elementor-element elementor-element-73a4fc9 elementor-widget elementor-widget-text-editor\" data-id=\"73a4fc9\" data-element_type=\"widget\" data-widget_type=\"text-editor.default\">\n<div class=\"elementor-widget-container\">\n<p>T\u00fcm b\u00fcy\u00fck end\u00fcstrilerdeki m\u00fc\u015fterilerinize hizmet verirken, \u00e7e\u015fitli filtre ortamlar\u0131 ve yap\u0131lar\u0131ndan olu\u015fan \u00f6zel yap\u0131m filtre torbalar\u0131 i\u00e7in g\u00fcvenilir bir kaynak istersiniz.<\/p>\n<\/div>\n<\/div>\n<\/div>\n<\/div>\n<\/div>\n<\/div>\n<\/div>\n<\/div><\/div><\/div><\/div><\/div><\/div><\/div><\/div><\/div><\/div><\/section>","protected":false},"excerpt":{"rendered":"Giri\u015fSayfalarOur PartnersAokai Supplier PartnersLooking for Quality Suppliers We are always searching worldwide for a few quality-oriented, cost-effective, and reliable suppliers. Our goal is to optimize costs and to continuously improve the quality of our product and service offerings. Aokai sets high standards in material and component procurement, and we require professional standards from all our...","protected":false},"author":1,"featured_media":0,"parent":979,"menu_order":0,"comment_status":"closed","ping_status":"closed","template":"","meta":{"_acf_changed":false,"footnotes":""},"class_list":["post-2046","page","type-page","status-publish","hentry"],"acf":[],"_links":{"self":[{"href":"https:\/\/www.aokaifilters.com\/tr\/wp-json\/wp\/v2\/pages\/2046","targetHints":{"allow":["GET"]}}],"collection":[{"href":"https:\/\/www.aokaifilters.com\/tr\/wp-json\/wp\/v2\/pages"}],"about":[{"href":"https:\/\/www.aokaifilters.com\/tr\/wp-json\/wp\/v2\/types\/page"}],"author":[{"embeddable":true,"href":"https:\/\/www.aokaifilters.com\/tr\/wp-json\/wp\/v2\/users\/1"}],"replies":[{"embeddable":true,"href":"https:\/\/www.aokaifilters.com\/tr\/wp-json\/wp\/v2\/comments?post=2046"}],"version-history":[{"count":0,"href":"https:\/\/www.aokaifilters.com\/tr\/wp-json\/wp\/v2\/pages\/2046\/revisions"}],"up":[{"embeddable":true,"href":"https:\/\/www.aokaifilters.com\/tr\/wp-json\/wp\/v2\/pages\/979"}],"wp:attachment":[{"href":"https:\/\/www.aokaifilters.com\/tr\/wp-json\/wp\/v2\/media?parent=2046"}],"curies":[{"name":"wp","href":"https:\/\/api.w.org\/{rel}","templated":true}]}}