{"id":2031,"date":"2023-07-22T09:03:49","date_gmt":"2023-07-22T09:03:49","guid":{"rendered":"https:\/\/www.aokaifilters.com\/?page_id=2031"},"modified":"2025-09-10T11:26:31","modified_gmt":"2025-09-10T03:26:31","slug":"services","status":"publish","type":"page","link":"https:\/\/www.aokaifilters.com\/tr\/services\/","title":{"rendered":"Hizmetler"},"content":{"rendered":"<section class=\"l-section wpb_row us_custom_209d813c height_custom with_img parallax_ver\"><div class=\"l-section-img\" role=\"img\" aria-label=\"Torba Kontrol ve Bak\u0131m\u0131\" data-img-width=\"1544\" data-img-height=\"621\" style=\"background-image: url(https:\/\/www.aokaifilters.com\/wp-content\/uploads\/2023\/08\/service-5.jpg);background-position: top center;background-repeat: no-repeat;background-size: contain;\"><\/div><div class=\"l-section-overlay\" style=\"background:rgba(0,0,0,0.15)\"><\/div><div class=\"l-section-h i-cf\"><div class=\"g-cols vc_row via_grid cols_1 laptops-cols_inherit tablets-cols_inherit mobiles-cols_1 valign_top type_default stacking_default\"><div class=\"wpb_column vc_column_container\"><div class=\"vc_column-inner\"><nav class=\"g-breadcrumbs us_custom_2509bbe8 has_text_color separator_icon align_center hide_current\" itemscope itemtype=\"http:\/\/schema.org\/BreadcrumbList\"><div class=\"g-breadcrumbs-item\" itemscope itemprop=\"itemListElement\" itemtype=\"http:\/\/schema.org\/ListItem\"><a itemprop=\"item\" href=\"https:\/\/www.aokaifilters.com\/tr\/\"><span itemprop=\"name\">Giri\u015f<\/span><\/a><meta itemprop=\"position\" content=\"1\"\/><\/div><div class=\"g-breadcrumbs-separator\"><i class=\"far fa-angle-right\"><\/i><\/div><div class=\"g-breadcrumbs-item\">Sayfalar<\/div><\/nav><div class=\"w-separator size_medium\"><\/div><h1 class=\"w-post-elm post_title us_custom_8b3d6790 has_text_color align_center entry-title color_link_inherit\">Hizmetler<\/h1><\/div><\/div><\/div><\/div><\/section><section class=\"l-section wpb_row height_medium\"><div class=\"l-section-h i-cf\"><div class=\"g-cols vc_row via_grid cols_2 laptops-cols_inherit tablets-cols_1 mobiles-cols_1 valign_middle type_default\"><div class=\"wpb_column vc_column_container\"><div class=\"vc_column-inner\"><div class=\"w-text us_custom_39fbd8f9 has_text_color\"><span class=\"w-text-h\"><span class=\"w-text-value\">Aokai Hizmetleri<\/span><\/span><\/div><div class=\"wpb_text_column\"><div class=\"wpb_wrapper\"><h2>Ya\u015fam D\u00f6ng\u00fcs\u00fc Deste\u011fi ve Hizmetleri<\/h2>\n<p>\u0130ster \u00fccretsiz dan\u0131\u015fmanl\u0131k, ister \u00f6zel tasar\u0131m, \u00fcretim, kurulum, bak\u0131m veya optimizasyon hizmetleri olsun, ba\u015f\u0131ndan sonuna kadar m\u00fc\u015fterilerimizin yan\u0131nday\u0131z. Toz toplama sisteminizin g\u00fcvenilir ve verimli kalmas\u0131n\u0131 sa\u011fl\u0131yoruz:<\/p>\n<\/div><\/div><div class=\"w-separator size_small\"><\/div><div class=\"w-hwrapper us_custom_7b59516b valign_baseline wrap align_none\" style=\"--hwrapper-gap:1rem\"><div class=\"w-text us_custom_b2cae649 has_text_color no_text icon_atleft\"><span class=\"w-text-h\"><i class=\"fas fa-check-circle\"><\/i><span class=\"w-text-value\"><\/span><\/span><\/div><div class=\"w-text\"><span class=\"w-text-h\"><span class=\"w-text-value\">Daha y\u00fcksek toz toplama verimlili\u011fi<\/span><\/span><\/div><\/div><div class=\"w-separator size_custom\" style=\"height:1rem\"><\/div><div class=\"w-hwrapper us_custom_7b59516b valign_baseline wrap align_none\" style=\"--hwrapper-gap:1rem\"><div class=\"w-text us_custom_b2cae649 has_text_color no_text icon_atleft\"><span class=\"w-text-h\"><i class=\"fas fa-check-circle\"><\/i><span class=\"w-text-value\"><\/span><\/span><\/div><div class=\"w-text\"><span class=\"w-text-h\"><span class=\"w-text-value\">Daha uzun \u00f6m\u00fcrl\u00fc filtre torbas\u0131 kullan\u0131m \u00f6mr\u00fc<\/span><\/span><\/div><\/div><div class=\"w-separator size_custom\" style=\"height:1rem\"><\/div><div class=\"w-hwrapper us_custom_7b59516b valign_baseline wrap align_none\" style=\"--hwrapper-gap:1rem\"><div class=\"w-text us_custom_b2cae649 has_text_color no_text icon_atleft\"><span class=\"w-text-h\"><i class=\"fas fa-check-circle\"><\/i><span class=\"w-text-value\"><\/span><\/span><\/div><div class=\"w-text\"><span class=\"w-text-h\"><span class=\"w-text-value\">Azalt\u0131lm\u0131\u015f \u00fcretim ve bak\u0131m duru\u015f s\u00fcresi<\/span><\/span><\/div><\/div><div class=\"w-separator size_custom\" style=\"height:1rem\"><\/div><div class=\"w-hwrapper us_custom_7b59516b valign_baseline wrap align_none\" style=\"--hwrapper-gap:1rem\"><div class=\"w-text us_custom_b2cae649 has_text_color no_text icon_atleft\"><span class=\"w-text-h\"><i class=\"fas fa-check-circle\"><\/i><span class=\"w-text-value\"><\/span><\/span><\/div><div class=\"w-text\"><span class=\"w-text-h\"><span class=\"w-text-value\">Daha d\u00fc\u015f\u00fck toplam sahip olma maliyeti (TCO)<\/span><\/span><\/div><\/div><div class=\"w-separator size_custom\" style=\"height:1rem\"><\/div><div class=\"w-hwrapper us_custom_7b59516b valign_baseline wrap align_none\" style=\"--hwrapper-gap:1rem\"><div class=\"w-text us_custom_b2cae649 has_text_color no_text icon_atleft\"><span class=\"w-text-h\"><i class=\"fas fa-check-circle\"><\/i><span class=\"w-text-value\"><\/span><\/span><\/div><div class=\"w-text\"><span class=\"w-text-h\"><span class=\"w-text-value\">Daha y\u00fcksek toz emisyon standartlar\u0131<\/span><\/span><\/div><\/div><\/div><\/div><div class=\"wpb_column vc_column_container\"><div class=\"vc_column-inner\"><div class=\"w-image us_custom_447bff20 has_ratio align_none\"><div class=\"w-image-h\"><div style=\"padding-bottom:56.25%\"><\/div><img decoding=\"async\" width=\"600\" height=\"241\" src=\"https:\/\/www.aokaifilters.com\/wp-content\/uploads\/2023\/08\/service-5.jpg\" class=\"attachment-us_600_600 size-us_600_600\" alt=\"Baghouse Inspection &amp; Maintenance\" loading=\"lazy\" title=\"\"><\/div><\/div><\/div><\/div><\/div><\/div><\/section><section class=\"l-section wpb_row us_custom_ba8e023c height_custom with_img parallax_ver\"><div class=\"l-section-img\" role=\"img\" aria-label=\"\u00c7imento Fabrikas\u0131 Toz Toplama\" data-img-width=\"2000\" data-img-height=\"947\" style=\"background-image: url(https:\/\/www.aokaifilters.com\/wp-content\/uploads\/2023\/09\/cement-plant-6.jpg);background-repeat: no-repeat;\"><\/div><div class=\"l-section-overlay\" style=\"background:rgba(12,13,2,0.40)\"><\/div><div class=\"l-section-h i-cf\"><div class=\"g-cols vc_row via_grid cols_1 laptops-cols_inherit tablets-cols_inherit mobiles-cols_1 valign_top type_default stacking_default\"><div class=\"wpb_column vc_column_container\"><div class=\"vc_column-inner\"><div class=\"w-text us_custom_f582adfb has_text_color\"><span class=\"w-text-h\"><span class=\"w-text-value\">End\u00fcstriyel Hizmetler<\/span><\/span><\/div><div class=\"wpb_text_column us_custom_8b3d6790 has_text_color\"><div class=\"wpb_wrapper\"><h2>Ya\u015fam D\u00f6ng\u00fcs\u00fc Destek ve Hizmetleri<\/h2>\n<p>Aokai hizmetleri, torbal\u0131k ve filtre torbalar\u0131n\u0131z\u0131n verimli, g\u00fcvenilir ve uzun \u00f6m\u00fcrl\u00fc kalmas\u0131n\u0131 sa\u011flar.<\/p>\n<\/div><\/div><div class=\"w-separator size_medium\"><\/div><div class=\"g-cols wpb_row via_grid cols_3 laptops-cols_inherit tablets-cols_2 mobiles-cols_1 valign_top type_default\" style=\"--columns-gap:2rem;\"><div class=\"wpb_column vc_column_container\"><div class=\"vc_column-inner\"><div class=\"w-flipbox has_text_color animation_cubetilt direction_s\"><div class=\"w-flipbox-h easing_ease\" style=\"transition-duration:0.5s;\"><div class=\"w-flipbox-hh\"><div class=\"w-flipbox-front us_custom_0cecbed6\" style=\"background:var(--color-header-middle-text-hover);color:var(--color-header-transparent-text-hover);\"><div class=\"w-flipbox-front-h\"><div class=\"w-flipbox-front-icon style_default\" style=\"font-size:60px;\"><i class=\"fas fa-ballot-check\"><\/i><\/div><h3 class=\"w-flipbox-front-title\">\u00c7al\u0131\u015fma Ko\u015fullar\u0131 Analizi<\/h3><div class=\"w-flipbox-front-desc\"><p>- Test ve Analiz<\/p>\n<\/div><\/div><\/div><div class=\"w-flipbox-back us_custom_0cecbed6\" style=\"display:none;color:var(--color-header-transparent-text);\"><div class=\"w-flipbox-back-h\"><h3 class=\"w-flipbox-back-title\">Hizmet Avantaj\u0131<\/h3><div class=\"w-flipbox-back-desc\"><p>- Optimize edilmi\u015f filtre medyas\u0131 se\u00e7imleri<br \/>\n- Geli\u015ftirilmi\u015f filtrasyon performans\u0131<\/p>\n<\/div><\/div><\/div><\/div><\/div><a href=\"\/tr\/services\/operating-conditions-analysis\/\"><\/a><\/div><div class=\"w-separator size_medium\"><\/div><div class=\"w-flipbox animation_cubetilt direction_s\"><div class=\"w-flipbox-h easing_ease\" style=\"transition-duration:0.5s;\"><div class=\"w-flipbox-hh\"><div class=\"w-flipbox-front us_custom_4dd8f95a\" style=\"background:var(--color-chrome-toolbar);color:var(--color-header-middle-text);\"><div class=\"w-flipbox-front-h\"><div class=\"w-flipbox-front-icon style_default\" style=\"font-size:60px;\"><i class=\"material-icons\">format_list_bulleted_add<\/i><\/div><h3 class=\"w-flipbox-front-title\">Filtre Torbas\u0131 Temizleme ve Yenileme<\/h3><div class=\"w-flipbox-front-desc\"><p>- Bak\u0131m<\/p>\n<\/div><\/div><\/div><div class=\"w-flipbox-back us_custom_4dd8f95a\" style=\"display:none;color:var(--color-header-middle-text);\"><div class=\"w-flipbox-back-h\"><h3 class=\"w-flipbox-back-title\">Hizmet Avantaj\u0131<\/h3><div class=\"w-flipbox-back-desc\"><p>- Filtre torbas\u0131 kullan\u0131m \u00f6mr\u00fcn\u00fc art\u0131r\u0131n<br \/>\n- Filtrasyon performans\u0131n\u0131 art\u0131r\u0131n<br \/>\n- \u00dcretim duru\u015f s\u00fcresini azalt\u0131n<\/p>\n<\/div><\/div><\/div><\/div><\/div><a href=\"\/tr\/services\/filter-bag-cleaning\/\"><\/a><\/div><\/div><\/div><div class=\"wpb_column vc_column_container\"><div class=\"vc_column-inner\"><div class=\"w-flipbox animation_cubetilt direction_s\"><div class=\"w-flipbox-h easing_ease\" style=\"transition-duration:0.5s;\"><div class=\"w-flipbox-hh\"><div class=\"w-flipbox-front us_custom_4dd8f95a\" style=\"background:var(--color-chrome-toolbar);color:var(--color-header-middle-text);\"><div class=\"w-flipbox-front-h\"><div class=\"w-flipbox-front-icon style_default\" style=\"font-size:60px;\"><i class=\"fas fa-ballot-check\"><\/i><\/div><h3 class=\"w-flipbox-front-title\">Filtre Ortam\u0131 Test ve Analizi<\/h3><div class=\"w-flipbox-front-desc\"><p>- Test ve Analiz<\/p>\n<\/div><\/div><\/div><div class=\"w-flipbox-back us_custom_4dd8f95a\" style=\"display:none;color:var(--color-header-middle-text);\"><div class=\"w-flipbox-back-h\"><h3 class=\"w-flipbox-back-title\">Hizmet Avantaj\u0131<\/h3><div class=\"w-flipbox-back-desc\"><p>- Optimize edilmi\u015f filtre medyas\u0131 se\u00e7imleri<br \/>\n- Optimize edilmi\u015f filtrasyon verimlili\u011fi<br \/>\n- M\u00fc\u015fteri \u015feffafl\u0131\u011f\u0131<\/p>\n<\/div><\/div><\/div><\/div><\/div><a href=\"\/tr\/services\/filter-media-analysis\/\"><\/a><\/div><div class=\"w-separator size_medium\"><\/div><div class=\"w-flipbox animation_cubetilt direction_s\"><div class=\"w-flipbox-h easing_ease\" style=\"transition-duration:0.5s;\"><div class=\"w-flipbox-hh\"><div class=\"w-flipbox-front us_custom_4dd8f95a\" style=\"background:var(--color-alt-content-bg);color:var(--color-content-bg);\"><div class=\"w-flipbox-front-h\"><div class=\"w-flipbox-front-icon style_default\" style=\"font-size:60px;\"><i class=\"material-icons\">format_list_bulleted_add<\/i><\/div><h3 class=\"w-flipbox-front-title\">Filtre Torbas\u0131 Ar\u0131za Analizi<\/h3><div class=\"w-flipbox-front-desc\"><p>- Test ve Analiz<\/p>\n<\/div><\/div><\/div><div class=\"w-flipbox-back us_custom_4dd8f95a\" style=\"display:none;color:var(--color-header-middle-text);\"><div class=\"w-flipbox-back-h\"><h3 class=\"w-flipbox-back-title\">Hizmet Avantaj\u0131<\/h3><div class=\"w-flipbox-back-desc\"><p>- Filtre torbas\u0131 ar\u0131zas\u0131n\u0131n temel nedenlerini bulun<br \/>\n- Toz filtreleme performans\u0131n\u0131 art\u0131r\u0131n<\/p>\n<\/div><\/div><\/div><\/div><\/div><a href=\"\/tr\/services\/failure-analysis\/\"><\/a><\/div><\/div><\/div><div class=\"wpb_column vc_column_container\"><div class=\"vc_column-inner\"><div class=\"w-flipbox animation_cubetilt direction_s\"><div class=\"w-flipbox-h easing_ease\" style=\"transition-duration:0.5s;\"><div class=\"w-flipbox-hh\"><div class=\"w-flipbox-front us_custom_4dd8f95a\" style=\"background:var(--color-alt-content-bg);color:var(--color-content-bg);\"><div class=\"w-flipbox-front-h\"><div class=\"w-flipbox-front-icon style_default\" style=\"font-size:60px;\"><i class=\"fas fa-ballot-check\"><\/i><\/div><h3 class=\"w-flipbox-front-title\">Torba Kontrol ve Bak\u0131m\u0131<\/h3><div class=\"w-flipbox-front-desc\"><p>- Bak\u0131m<\/p>\n<\/div><\/div><\/div><div class=\"w-flipbox-back us_custom_4dd8f95a\" style=\"display:none;color:var(--color-header-middle-text);\"><div class=\"w-flipbox-back-h\"><h3 class=\"w-flipbox-back-title\">Hizmet Avantaj\u0131<\/h3><div class=\"w-flipbox-back-desc\"><p>- Profesyonel hizmet d\u0131\u015f kaynak kullan\u0131m\u0131<br \/>\n- Geli\u015ftirilmi\u015f filtrasyon performans\u0131<br \/>\n- Azalt\u0131lm\u0131\u015f \u00fcretim kesintisi<\/p>\n<\/div><\/div><\/div><\/div><\/div><a href=\"\/tr\/services\/baghouse-maintenance\/\"><\/a><\/div><div class=\"w-separator size_medium\"><\/div><div class=\"w-flipbox animation_cubetilt direction_s\"><div class=\"w-flipbox-h easing_ease\" style=\"transition-duration:0.5s;\"><div class=\"w-flipbox-hh\"><div class=\"w-flipbox-front us_custom_4dd8f95a\" style=\"background:var(--color-chrome-toolbar);color:var(--color-header-middle-text);\"><div class=\"w-flipbox-front-h\"><div class=\"w-flipbox-front-icon style_default\" style=\"font-size:60px;\"><i class=\"material-icons\">format_list_bulleted_add<\/i><\/div><h3 class=\"w-flipbox-front-title\">Filtre Torbas\u0131 De\u011fi\u015fimi ve Montaj\u0131<\/h3><div class=\"w-flipbox-front-desc\"><p>- Kurulum<\/p>\n<\/div><\/div><\/div><div class=\"w-flipbox-back us_custom_4dd8f95a\" style=\"display:none;color:var(--color-header-middle-text);\"><div class=\"w-flipbox-back-h\"><h3 class=\"w-flipbox-back-title\">Hizmet Avantaj\u0131<\/h3><div class=\"w-flipbox-back-desc\"><p>- Profesyonel hizmetler ve destek<br \/>\n- Geli\u015ftirilmi\u015f performans ve maliyet tasarrufu<\/p>\n<\/div><\/div><\/div><\/div><\/div><a href=\"\/tr\/services\/filter-bag-change-out\/\"><\/a><\/div><\/div><\/div><\/div><\/div><\/div><\/div><\/div><\/section><section class=\"l-section wpb_row height_medium\"><div class=\"l-section-h i-cf\"><div class=\"g-cols vc_row via_grid cols_1 laptops-cols_inherit tablets-cols_inherit mobiles-cols_1 valign_top type_default stacking_default\" style=\"--columns-gap:4rem;\"><div class=\"wpb_column vc_column_container us_custom_9cf479d2\"><div class=\"vc_column-inner\"><div class=\"w-text us_custom_fedafa2a has_text_color\"><span class=\"w-text-h\"><span class=\"w-text-value\">Aokai Hizmetleri<\/span><\/span><\/div><div class=\"wpb_text_column\"><div class=\"wpb_wrapper\"><h2>\u00dccretsiz Dan\u0131\u015fmanl\u0131k, Bug\u00fcn!<\/h2>\n<p>\u00dccretsiz dan\u0131\u015fmanl\u0131k i\u00e7in bizi bug\u00fcn aray\u0131n. Kar\u015f\u0131la\u015ft\u0131\u011f\u0131n\u0131z karma\u015f\u0131k toz toplama sorunlar\u0131n\u0131 h\u0131zl\u0131 bir \u015fekilde inceleyebiliriz. Projenizin farkl\u0131 oldu\u011funu biliyoruz. \u0130htiya\u00e7lar\u0131n\u0131z\u0131 daha iyi kar\u015f\u0131lamak i\u00e7in t\u00fcm b\u00fcy\u00fck end\u00fcstrilerde \u00f6zel \u00e7\u00f6z\u00fcmler sunuyoruz. Aokai'nin \u00fccretsiz dan\u0131\u015fmanl\u0131\u011f\u0131 ile size a\u015fa\u011f\u0131daki \u00f6nerileri sunuyoruz:<\/p>\n<\/div><\/div><div class=\"w-separator size_large\"><\/div><div class=\"g-cols wpb_row via_grid cols_3 laptops-cols_inherit tablets-cols_1 mobiles-cols_1 valign_top type_default\" style=\"--columns-gap:3rem;\"><div class=\"wpb_column vc_column_container\"><div class=\"vc_column-inner\"><div class=\"w-text us_custom_99450b27 has_text_color\"><span class=\"w-text-h\"><span class=\"w-text-value\">01<\/span><\/span><\/div><div class=\"wpb_text_column\"><div class=\"wpb_wrapper\"><h4>Filtre Ortam\u0131 Se\u00e7imleri<\/h4>\n<p>\u00c7al\u0131\u015fma ko\u015fullar\u0131n\u0131za ba\u011fl\u0131 olarak, size filtre ortam\u0131 malzemeleri ve ar\u0131tma se\u00e7enekleri gibi en optimize filtre ortam\u0131 \u00f6nerilerini sunuyoruz.<\/p>\n<\/div><\/div><\/div><\/div><div class=\"wpb_column vc_column_container\"><div class=\"vc_column-inner\"><div class=\"w-text us_custom_99450b27 has_text_color\"><span class=\"w-text-h\"><span class=\"w-text-value\">02<\/span><\/span><\/div><div class=\"wpb_text_column\"><div class=\"wpb_wrapper\"><h4>\u00d6zel Tasar\u0131m Se\u00e7enekleri<\/h4>\n<p>Torbal\u0131k tasar\u0131m\u0131n\u0131za ve teknik \u00f6zelliklerinize ba\u011fl\u0131 olarak, size filtre torbas\u0131 konfig\u00fcrasyonlar\u0131, yap\u0131lar\u0131, boyutlar\u0131 ve di\u011fer fiziksel \u00f6zellikler gibi \u00f6zel tasar\u0131m se\u00e7enekleri sunuyoruz.<\/p>\n<\/div><\/div><\/div><\/div><div class=\"wpb_column vc_column_container\"><div class=\"vc_column-inner\"><div class=\"w-text us_custom_99450b27 has_text_color\"><span class=\"w-text-h\"><span class=\"w-text-value\">03<\/span><\/span><\/div><div class=\"wpb_text_column\"><div class=\"wpb_wrapper\"><h4>\u00dccretsiz Al\u0131nt\u0131lar<\/h4>\n<p>Filtre ortam\u0131 se\u00e7imleri ve \u00f6zel tasar\u0131m se\u00e7enekleri gibi ayr\u0131nt\u0131l\u0131 \u00f6zelliklere dayanarak, \u00fccretsiz fiyat tekliflerinizle birlikte size bir teslimat s\u00fcresi tahmini sunuyoruz.<\/p>\n<\/div><\/div><\/div><\/div><\/div><\/div><\/div><\/div><\/div><\/section>","protected":false},"excerpt":{"rendered":"Giri\u015fSayfalarServicesAokai ServicesLife Cycle Support and Services Whether it is free consultation, custom design, production, installation, maintenance, or optimization services, we stand by our customers, from the beginning to the end. We ensure that your dust collection system stays reliable and efficient: Higher dust collection efficiencyLonger lasting filter bag life cycleReduced production &#038; maintenance downtimeLower total...","protected":false},"author":1,"featured_media":10406,"parent":0,"menu_order":0,"comment_status":"closed","ping_status":"closed","template":"","meta":{"_acf_changed":false,"footnotes":""},"class_list":["post-2031","page","type-page","status-publish","has-post-thumbnail","hentry"],"acf":[],"_links":{"self":[{"href":"https:\/\/www.aokaifilters.com\/tr\/wp-json\/wp\/v2\/pages\/2031","targetHints":{"allow":["GET"]}}],"collection":[{"href":"https:\/\/www.aokaifilters.com\/tr\/wp-json\/wp\/v2\/pages"}],"about":[{"href":"https:\/\/www.aokaifilters.com\/tr\/wp-json\/wp\/v2\/types\/page"}],"author":[{"embeddable":true,"href":"https:\/\/www.aokaifilters.com\/tr\/wp-json\/wp\/v2\/users\/1"}],"replies":[{"embeddable":true,"href":"https:\/\/www.aokaifilters.com\/tr\/wp-json\/wp\/v2\/comments?post=2031"}],"version-history":[{"count":0,"href":"https:\/\/www.aokaifilters.com\/tr\/wp-json\/wp\/v2\/pages\/2031\/revisions"}],"wp:featuredmedia":[{"embeddable":true,"href":"https:\/\/www.aokaifilters.com\/tr\/wp-json\/wp\/v2\/media\/10406"}],"wp:attachment":[{"href":"https:\/\/www.aokaifilters.com\/tr\/wp-json\/wp\/v2\/media?parent=2031"}],"curies":[{"name":"wp","href":"https:\/\/api.w.org\/{rel}","templated":true}]}}