{"id":17379,"date":"2026-02-06T13:18:47","date_gmt":"2026-02-06T05:18:47","guid":{"rendered":"https:\/\/www.aokaifilters.com\/?page_id=17379"},"modified":"2026-02-06T14:08:33","modified_gmt":"2026-02-06T06:08:33","slug":"filter-cloth-manufacturer","status":"publish","type":"page","link":"https:\/\/www.aokaifilters.com\/tr\/filter-cloth-manufacturer\/","title":{"rendered":"Filter Cloth Manufacturer"},"content":{"rendered":"<section class=\"l-section wpb_row us_custom_cf362e21 height_huge with_img\"><div class=\"l-section-img\" role=\"img\" aria-label=\"G\u00f6rsel\" data-img-width=\"1200\" data-img-height=\"600\" style=\"background-image: url(https:\/\/www.aokaifilters.com\/wp-content\/uploads\/\u68b3\u7f51.jpg);background-position: top center;\"><\/div><div class=\"l-section-h i-cf\"><div class=\"g-cols vc_row via_grid cols_2 laptops-cols_inherit tablets-cols_inherit mobiles-cols_1 valign_top type_default stacking_default\"><div class=\"wpb_column vc_column_container\"><div class=\"vc_column-inner\"><div class=\"wpb_text_column us_custom_e8d85284 has_text_color\"><div class=\"wpb_wrapper\"><h2 dir=\"auto\">Y\u00fcksek Performansl\u0131 \u0130\u011fne Delikli Filtre Ke\u00e7esi - \u0130leri Teknoloji ile \u00d6l\u00e7ekli Olarak \u00dcretilmi\u015ftir<\/h2>\n<\/div><\/div><\/div><\/div><div class=\"wpb_column vc_column_container\"><div class=\"vc_column-inner\"><\/div><\/div><\/div><\/div><\/section><section class=\"l-section wpb_row height_huge\"><div class=\"l-section-h i-cf\"><div class=\"g-cols vc_row via_grid cols_1 laptops-cols_inherit tablets-cols_inherit mobiles-cols_1 valign_top type_default stacking_default\"><div class=\"wpb_column vc_column_container\"><div class=\"vc_column-inner\"><div class=\"wpb_text_column us_custom_3090c82c\"><div class=\"wpb_wrapper\"><h2 dir=\"auto\">\u0130\u011fne Delikli Ke\u00e7e Filtre Bezi \u00dcretimi<\/h2>\n<\/div><\/div><div class=\"wpb_text_column us_custom_5e1c07e3 has_text_color\"><div class=\"wpb_wrapper\"><p dir=\"auto\">Aokai Environment, 8 otomatik \u00fcretim hatt\u0131na sahip 27.000 m\u00b2'lik geli\u015fmi\u015f bir \u00fcretim merkezi i\u015fletmekte ve y\u0131lda 4 milyon metrekareden fazla birinci s\u0131n\u0131f i\u011fneyle delinmi\u015f filtre ke\u00e7esi \u00fcretmektedir. Alman d\u00fczeyinde i\u011fne tezgahlar\u0131, \u00e7ok a\u015famal\u0131 i\u011fneleme, hassas son i\u015flem ve 23 a\u015famal\u0131 s\u0131k\u0131 bir kalite kontrol sistemine sahip olan i\u011fneli ke\u00e7elerimiz, en zorlu end\u00fcstriyel ortamlarda \u00fcst\u00fcn filtreleme verimlili\u011fi, m\u00fckemmel kek b\u0131rakma, a\u015f\u0131nma direnci ve uzun hizmet \u00f6mr\u00fc sunar.<\/p>\n<\/div><\/div><div class=\"g-cols wpb_row via_grid cols_3 laptops-cols_inherit tablets-cols_inherit mobiles-cols_1 valign_top type_default stacking_default\" style=\"--columns-gap:1.8rem;\"><div class=\"wpb_column vc_column_container\"><div class=\"vc_column-inner\"><div class=\"w-ibanner us_custom_4101d1a6 has_text_color animation_melete ratio_4x3 easing_ease\"><div class=\"w-ibanner-h\"><div class=\"w-ibanner-image\" style=\"background-image: url(https:\/\/www.aokaifilters.com\/wp-content\/uploads\/2023\/07\/design-2-717x1024.jpg)\"><\/div><div class=\"w-ibanner-content\"><div class=\"w-ibanner-content-h\"><div class=\"w-ibanner-title\" style=\"font-size:22px;\">1. Elyaf Se\u00e7imi ve Haz\u0131rlanmas\u0131<\/div><div class=\"w-ibanner-desc\"><\/div><\/div><\/div><\/div><\/div><div class=\"wpb_text_column us_custom_4f74ba00 has_text_color\"><div class=\"wpb_wrapper\"><p dir=\"auto\" style=\"text-align: center;\">1. Elyaf Se\u00e7imi ve Haz\u0131rlanmas\u0131<\/p>\n<\/div><\/div><\/div><\/div><div class=\"wpb_column vc_column_container\"><div class=\"vc_column-inner\"><div class=\"w-ibanner us_custom_4101d1a6 has_text_color animation_melete ratio_4x3 easing_ease\"><div class=\"w-ibanner-h\"><div class=\"w-ibanner-image\" style=\"background-image: url(https:\/\/www.aokaifilters.com\/wp-content\/uploads\/UE0A7247_\u526f\u672c.jpg)\"><\/div><div class=\"w-ibanner-content\"><div class=\"w-ibanner-content-h\"><div class=\"w-ibanner-title\" style=\"font-size:26px;\">2. Elyaf A\u00e7ma ve Kar\u0131\u015ft\u0131rma<\/div><div class=\"w-ibanner-desc\"><\/div><\/div><\/div><\/div><\/div><div class=\"wpb_text_column us_custom_4f74ba00 has_text_color\"><div class=\"wpb_wrapper\"><p dir=\"auto\" style=\"text-align: center;\">2. Elyaf A\u00e7ma ve Kar\u0131\u015ft\u0131rma<\/p>\n<\/div><\/div><\/div><\/div><div class=\"wpb_column vc_column_container\"><div class=\"vc_column-inner\"><div class=\"w-ibanner us_custom_4101d1a6 has_text_color animation_melete ratio_4x3 easing_ease\"><div class=\"w-ibanner-h\"><div class=\"w-ibanner-image\" style=\"background-image: url(https:\/\/www.aokaifilters.com\/wp-content\/uploads\/\u68b3\u7f51-1024x512.jpg)\"><\/div><div class=\"w-ibanner-content\"><div class=\"w-ibanner-content-h\"><div class=\"w-ibanner-title\" style=\"font-size:22px;\">3. Taraklama ve A\u011f Olu\u015fturma<\/div><div class=\"w-ibanner-desc\"><\/div><\/div><\/div><\/div><\/div><div class=\"wpb_text_column us_custom_4f74ba00 has_text_color\"><div class=\"wpb_wrapper\"><p dir=\"auto\" style=\"text-align: center;\">3. Taraklama ve A\u011f Olu\u015fturma<\/p>\n<\/div><\/div><\/div><\/div><\/div><div class=\"g-cols wpb_row us_custom_0f8f44b7 via_grid cols_3 laptops-cols_inherit tablets-cols_inherit mobiles-cols_1 valign_top type_default stacking_default\" style=\"--columns-gap:1.8rem;\"><div class=\"wpb_column vc_column_container\"><div class=\"vc_column-inner\"><div class=\"w-ibanner us_custom_4101d1a6 has_text_color animation_melete ratio_4x3 easing_ease\"><div class=\"w-ibanner-h\"><div class=\"w-ibanner-image\" style=\"background-image: url(https:\/\/www.aokaifilters.com\/wp-content\/uploads\/\u9488\u523a\u673a-1024x683.jpg)\"><\/div><div class=\"w-ibanner-content\"><div class=\"w-ibanner-content-h\"><div class=\"w-ibanner-title\" style=\"font-size:22px;\">4. \u0130\u011fneleme (Hafif \u0130\u011fneleme)<\/div><div class=\"w-ibanner-desc\"><\/div><\/div><\/div><\/div><\/div><div class=\"wpb_text_column us_custom_4f74ba00 has_text_color\"><div class=\"wpb_wrapper\"><p dir=\"auto\" style=\"text-align: center;\">4. \u00d6n \u0130\u011fneleme (Hafif \u0130\u011fneleme)<\/p>\n<\/div><\/div><\/div><\/div><div class=\"wpb_column vc_column_container\"><div class=\"vc_column-inner\"><div class=\"w-ibanner us_custom_4101d1a6 has_text_color animation_melete ratio_4x3 easing_ease\"><div class=\"w-ibanner-h\"><div class=\"w-ibanner-image\" style=\"background-image: url(https:\/\/www.aokaifilters.com\/wp-content\/uploads\/\u5b9a\u578b-1024x683.jpg)\"><\/div><div class=\"w-ibanner-content\"><div class=\"w-ibanner-content-h\"><div class=\"w-ibanner-title\" style=\"font-size:22px;\">5. Is\u0131 Ayar\u0131<\/div><div class=\"w-ibanner-desc\"><\/div><\/div><\/div><\/div><\/div><div class=\"wpb_text_column us_custom_4f74ba00 has_text_color\"><div class=\"wpb_wrapper\"><p dir=\"auto\" style=\"text-align: center;\">5. Is\u0131 Ayar\u0131<\/p>\n<\/div><\/div><\/div><\/div><div class=\"wpb_column vc_column_container\"><div class=\"vc_column-inner\"><div class=\"w-ibanner us_custom_4101d1a6 has_text_color animation_melete ratio_4x3 easing_ease\"><div class=\"w-ibanner-h\"><div class=\"w-ibanner-image\" style=\"background-image: url(https:\/\/www.aokaifilters.com\/wp-content\/uploads\/2023\/09\/ptfe-lamination-2-1024x678.jpg)\"><\/div><div class=\"w-ibanner-content\"><div class=\"w-ibanner-content-h\"><div class=\"w-ibanner-title\" style=\"font-size:22px;\">PTFE membran laminasyonu<\/div><div class=\"w-ibanner-desc\"><\/div><\/div><\/div><\/div><\/div><div class=\"wpb_text_column us_custom_4f74ba00 has_text_color\"><div class=\"wpb_wrapper\"><p dir=\"auto\" style=\"text-align: center;\">6. Y\u00fczey \u0130\u015flemleri<\/p>\n<\/div><\/div><\/div><\/div><\/div><div class=\"g-cols wpb_row us_custom_0f8f44b7 via_grid cols_3 laptops-cols_inherit tablets-cols_inherit mobiles-cols_1 valign_top type_default stacking_default\" style=\"--columns-gap:1.8rem;\"><div class=\"wpb_column vc_column_container\"><div class=\"vc_column-inner\"><div class=\"w-ibanner us_custom_4101d1a6 has_text_color animation_melete ratio_4x3 easing_ease\"><div class=\"w-ibanner-h\"><div class=\"w-ibanner-image\" style=\"background-image: url(https:\/\/www.aokaifilters.com\/wp-content\/uploads\/2023\/09\/treatment-7-1024x518.jpg)\"><\/div><div class=\"w-ibanner-content\"><div class=\"w-ibanner-content-h\"><div class=\"w-ibanner-title\" style=\"font-size:22px;\">7. Y\u00fczey Bitirme \u0130\u015flemleri<\/div><div class=\"w-ibanner-desc\"><\/div><\/div><\/div><\/div><\/div><div class=\"wpb_text_column us_custom_4f74ba00 has_text_color\"><div class=\"wpb_wrapper\"><p dir=\"auto\" style=\"text-align: center;\">7. Y\u00fczey Bitirme \u0130\u015flemleri<\/p>\n<\/div><\/div><\/div><\/div><div class=\"wpb_column vc_column_container\"><div class=\"vc_column-inner\"><div class=\"w-ibanner us_custom_4101d1a6 has_text_color animation_melete ratio_4x3 easing_ease\"><div class=\"w-ibanner-h\"><div class=\"w-ibanner-image\" style=\"background-image: url(https:\/\/www.aokaifilters.com\/wp-content\/uploads\/lab-5-1024x683.webp)\"><\/div><div class=\"w-ibanner-content\"><div class=\"w-ibanner-content-h\"><div class=\"w-ibanner-title\" style=\"font-size:22px;\">8. Son Muayene, Test ve Paketleme<\/div><div class=\"w-ibanner-desc\"><\/div><\/div><\/div><\/div><\/div><div class=\"wpb_text_column us_custom_4f74ba00 has_text_color\"><div class=\"wpb_wrapper\"><p dir=\"auto\" style=\"text-align: center;\">8. Son Muayene, Test ve Paketleme<\/p>\n<\/div><\/div><\/div><\/div><div class=\"wpb_column vc_column_container\"><div class=\"vc_column-inner\"><div class=\"w-ibanner us_custom_4101d1a6 has_text_color animation_melete ratio_4x3 easing_ease\"><div class=\"w-ibanner-h\"><div class=\"w-ibanner-image\" style=\"background-image: url(https:\/\/www.aokaifilters.com\/wp-content\/uploads\/OG5A2133-1024x683.jpg)\"><\/div><div class=\"w-ibanner-content\"><div class=\"w-ibanner-content-h\"><div class=\"w-ibanner-title\" style=\"font-size:22px;\">PTFE Filtre Ortam\u0131 \u00dcretim Hatt\u0131<\/div><div class=\"w-ibanner-desc\"><\/div><\/div><\/div><\/div><\/div><div class=\"wpb_text_column us_custom_4f74ba00 has_text_color\"><div class=\"wpb_wrapper\"><p class=\"break-words last:mb-0\" dir=\"auto\" style=\"text-align: center;\">PTFE Filtre Ortam\u0131 \u00dcretim Hatt\u0131<\/p>\n<\/div><\/div><\/div><\/div><\/div><div class=\"g-cols wpb_row via_grid cols_custom laptops-cols_inherit tablets-cols_inherit mobiles-cols_1 valign_top type_default stacking_default\" style=\"--columns-gap:3rem;\"><\/div><\/div><\/div><\/div><\/div><\/section>","protected":false},"excerpt":{"rendered":"High-Performance Needle Punched Filter Felt \u2013 Manufactured at Scale with Advanced Technology Needle Punched Felt Filter Cloth Production Aokai Environment operates an advanced 27,000 m\u00b2 manufacturing center with 8 automated production lines, delivering over 4 million square meters of premium needle-punched filter felt annually. Featuring German-level needle looms, multi-stage needling, precision finishing, and a strict...","protected":false},"author":3,"featured_media":0,"parent":0,"menu_order":0,"comment_status":"closed","ping_status":"closed","template":"","meta":{"_acf_changed":false,"footnotes":""},"class_list":["post-17379","page","type-page","status-publish","hentry"],"acf":[],"_links":{"self":[{"href":"https:\/\/www.aokaifilters.com\/tr\/wp-json\/wp\/v2\/pages\/17379","targetHints":{"allow":["GET"]}}],"collection":[{"href":"https:\/\/www.aokaifilters.com\/tr\/wp-json\/wp\/v2\/pages"}],"about":[{"href":"https:\/\/www.aokaifilters.com\/tr\/wp-json\/wp\/v2\/types\/page"}],"author":[{"embeddable":true,"href":"https:\/\/www.aokaifilters.com\/tr\/wp-json\/wp\/v2\/users\/3"}],"replies":[{"embeddable":true,"href":"https:\/\/www.aokaifilters.com\/tr\/wp-json\/wp\/v2\/comments?post=17379"}],"version-history":[{"count":0,"href":"https:\/\/www.aokaifilters.com\/tr\/wp-json\/wp\/v2\/pages\/17379\/revisions"}],"wp:attachment":[{"href":"https:\/\/www.aokaifilters.com\/tr\/wp-json\/wp\/v2\/media?parent=17379"}],"curies":[{"name":"wp","href":"https:\/\/api.w.org\/{rel}","templated":true}]}}