{"id":17364,"date":"2026-02-06T12:08:07","date_gmt":"2026-02-06T04:08:07","guid":{"rendered":"https:\/\/www.aokaifilters.com\/?page_id=17364"},"modified":"2026-02-12T11:15:58","modified_gmt":"2026-02-12T03:15:58","slug":"filter-bag-manufacturing","status":"publish","type":"page","link":"https:\/\/www.aokaifilters.com\/tr\/filter-bag-manufacturing\/","title":{"rendered":"Filtre Torbas\u0131 \u0130malat\u0131"},"content":{"rendered":"<section class=\"l-section wpb_row height_huge with_img\"><div class=\"l-section-img\" role=\"img\" aria-label=\"The headquarters building located in Jiangsu, China\" data-img-width=\"2000\" data-img-height=\"1028\" style=\"background-image: url(https:\/\/www.aokaifilters.com\/wp-content\/uploads\/Manufacturing-Center.jpg);background-position: top center;\"><\/div><div class=\"l-section-h i-cf\"><div class=\"g-cols vc_row via_grid cols_2 laptops-cols_inherit tablets-cols_inherit mobiles-cols_1 valign_top type_default stacking_default\"><div class=\"wpb_column vc_column_container\"><div class=\"vc_column-inner\"><div class=\"wpb_text_column us_custom_8b3d6790 has_text_color\"><div class=\"wpb_wrapper\"><h2 dir=\"auto\">Advanced Manufacturing Center for High-Performance Filtration Solutions<\/h2>\n<\/div><\/div><\/div><\/div><div class=\"wpb_column vc_column_container\"><div class=\"vc_column-inner\"><\/div><\/div><\/div><\/div><\/section><section class=\"l-section wpb_row us_custom_4e0cc4c3 height_auto\"><div class=\"l-section-h i-cf\"><div class=\"g-cols vc_row via_grid cols_1 laptops-cols_inherit tablets-cols_inherit mobiles-cols_1 valign_top type_default stacking_default\"><div class=\"wpb_column vc_column_container\"><div class=\"vc_column-inner\"><div class=\"wpb_text_column\"><div class=\"wpb_wrapper\"><h2 dir=\"auto\">Welcome to Our Manufacturing Center<\/h2>\n<\/div><\/div><div class=\"wpb_text_column us_custom_345c8b9d has_text_color\"><div class=\"wpb_wrapper\"><p><span>At Aokai Environment, our Manufacturing Center is the heart of our commitment to quality and innovation in industrial filtration. Spanning 27,000 square meters, our modern facility integrates 8 automated production lines and a rigorous 23-step quality control process to deliver filter media and components that meet the toughest industrial demands.<\/span><\/p>\n<\/div><\/div><\/div><\/div><\/div><\/div><\/section><section class=\"l-section wpb_row height_small\"><div class=\"l-section-h i-cf\"><div class=\"g-cols vc_row via_grid cols_2 laptops-cols_inherit tablets-cols_inherit mobiles-cols_1 valign_top type_default stacking_default\"><div class=\"wpb_column vc_column_container us_custom_1f257949\"><div class=\"vc_column-inner\"><div class=\"w-ibanner us_custom_447bff20 animation_melete ratio_3x2 easing_ease\"><a href=\"https:\/\/www.aokaifilters.com\/filter-cloth-manufacturer\/\" aria-label=\"Filter Cloth Manufacturing\"><\/a><div class=\"w-ibanner-h\"><div class=\"w-ibanner-image\" style=\"background-image: url(https:\/\/www.aokaifilters.com\/wp-content\/uploads\/7P9A1000_\u526f\u672c.jpg)\"><\/div><div class=\"w-ibanner-content\"><div class=\"w-ibanner-content-h\"><h2 class=\"w-ibanner-title\">Filter Cloth Manufacturing<\/h2><div class=\"w-ibanner-desc\"><\/div><\/div><\/div><\/div><\/div><div class=\"wpb_text_column us_custom_0c4a1639\"><div class=\"wpb_wrapper\"><h4 style=\"text-align: center;\">Filter Cloth Manufacturing<\/h4>\n<\/div><\/div><div class=\"wpb_text_column us_custom_d6fe3deb has_text_color\"><div class=\"wpb_wrapper\"><p dir=\"auto\">Advanced weaving, needling, and finishing lines for polyester, polypropylene, PPS, PTFE, Nomex, fiberglass and composite filter fabrics. Annual capacity: [Annual capacity: 4,000,000 m\u00b2\/year].<\/p>\n<\/div><\/div><div class=\"w-btn-wrapper align_center\"><a class=\"w-btn us-btn-style_5\" href=\"https:\/\/www.aokaifilters.com\/filter-cloth-manufacturer\/\"><span class=\"w-btn-label\">Read More<\/span><\/a><\/div><\/div><\/div><div class=\"wpb_column vc_column_container\"><div class=\"vc_column-inner\"><div class=\"w-ibanner us_custom_447bff20 animation_melete ratio_3x2 easing_ease\"><a href=\"https:\/\/www.aokaifilters.com\/felt-filter-bag\/\" aria-label=\"Filter Bag Manufacturing\"><\/a><div class=\"w-ibanner-h\"><div class=\"w-ibanner-image\" style=\"background-image: url(https:\/\/www.aokaifilters.com\/wp-content\/uploads\/Filter-Bag-Manufacturing.png)\"><\/div><div class=\"w-ibanner-content\"><div class=\"w-ibanner-content-h\"><h2 class=\"w-ibanner-title\">Filter Bag Manufacturing<\/h2><div class=\"w-ibanner-desc\"><\/div><\/div><\/div><\/div><\/div><div class=\"wpb_text_column us_custom_0c4a1639\"><div class=\"wpb_wrapper\"><h4 dir=\"auto\" style=\"text-align: center;\">Filter Bag Manufacturing<\/h4>\n<\/div><\/div><div class=\"wpb_text_column us_custom_d6fe3deb has_text_color\"><div class=\"wpb_wrapper\"><p dir=\"auto\">Automated cutting, sewing\/welding, and inspection for pulse-jet, shaker, reverse-air bags in all industry-standard sizes and configurations. Custom designs available.<\/p>\n<\/div><\/div><div class=\"w-btn-wrapper align_center\"><a class=\"w-btn us-btn-style_5\" href=\"https:\/\/www.aokaifilters.com\/felt-filter-bag\/\"><span class=\"w-btn-label\">Read More<\/span><\/a><\/div><\/div><\/div><\/div><\/div><\/section><section class=\"l-section wpb_row height_small\"><div class=\"l-section-h i-cf\"><div class=\"g-cols vc_row via_grid cols_2 laptops-cols_inherit tablets-cols_inherit mobiles-cols_1 valign_top type_default stacking_default\"><div class=\"wpb_column vc_column_container us_custom_1f257949\"><div class=\"vc_column-inner\"><div class=\"w-ibanner us_custom_447bff20 animation_melete ratio_3x2 easing_ease\"><a href=\"https:\/\/www.aokaifilters.com\/bag-cage-manufacturing\/\" aria-label=\"Cage \/ Wire Cage Production\"><\/a><div class=\"w-ibanner-h\"><div class=\"w-ibanner-image\" style=\"background-image: url(https:\/\/www.aokaifilters.com\/wp-content\/uploads\/DSC_0966_\u526f\u672c-1024x512.jpg)\"><\/div><div class=\"w-ibanner-content\"><div class=\"w-ibanner-content-h\"><h2 class=\"w-ibanner-title\">Cage \/ Wire Cage Production<\/h2><div class=\"w-ibanner-desc\"><\/div><\/div><\/div><\/div><\/div><div class=\"wpb_text_column us_custom_0c4a1639\"><div class=\"wpb_wrapper\"><h4 dir=\"auto\" style=\"text-align: center;\">Cage \/ Wire Cage Production<\/h4>\n<\/div><\/div><div class=\"wpb_text_column us_custom_d6fe3deb has_text_color\"><div class=\"wpb_wrapper\"><p dir=\"auto\">Jiangsu Aokai Environment operates a high-efficiency, state-of-the-art wire cage production line with an annual capacity of 2 million meters.<\/p>\n<\/div><\/div><div class=\"w-btn-wrapper align_center\"><a class=\"w-btn us-btn-style_5\" href=\"https:\/\/www.aokaifilters.com\/bag-cage-manufacturing\/\"><span class=\"w-btn-label\">Read More<\/span><\/a><\/div><\/div><\/div><div class=\"wpb_column vc_column_container\"><div class=\"vc_column-inner\"><div class=\"w-ibanner us_custom_447bff20 animation_melete ratio_3x2 easing_ease\"><div class=\"w-ibanner-h\"><div class=\"w-ibanner-image\" style=\"background-image: url(https:\/\/www.aokaifilters.com\/wp-content\/uploads\/wechat_2025-11-25_113552_985.png)\"><\/div><div class=\"w-ibanner-content\"><div class=\"w-ibanner-content-h\"><h2 class=\"w-ibanner-title\">Intelligent Warehousing Module<\/h2><div class=\"w-ibanner-desc\"><\/div><\/div><\/div><\/div><\/div><div class=\"wpb_text_column us_custom_0c4a1639\"><div class=\"wpb_wrapper\"><h4 dir=\"auto\" style=\"text-align: center;\">Intelligent Warehousing Module<\/h4>\n<\/div><\/div><div class=\"wpb_text_column us_custom_d6fe3deb has_text_color\"><div class=\"wpb_wrapper\"><p dir=\"auto\">Spanning over 10,000 square meters, Jiangsu Aokai Environment&#8217;s intelligent warehousing system ensures efficient, accurate, and secure storage of raw materials, semi-finished products, and finished filter bags, cloths, and cages.<\/p>\n<\/div><\/div><div class=\"w-btn-wrapper align_center\"><a class=\"w-btn us-btn-style_5\" href=\"#\"><span class=\"w-btn-label\">Read More<\/span><\/a><\/div><\/div><\/div><\/div><\/div><\/section>\n","protected":false},"excerpt":{"rendered":"Advanced Manufacturing Center for High-Performance Filtration Solutions Welcome to Our Manufacturing Center At Aokai Environment, our Manufacturing Center is the heart of our commitment to quality and innovation in industrial filtration. Spanning 27,000 square meters, our modern facility integrates 8 automated production lines and a rigorous 23-step quality control process to deliver filter media and...","protected":false},"author":3,"featured_media":0,"parent":0,"menu_order":0,"comment_status":"closed","ping_status":"closed","template":"","meta":{"_acf_changed":false,"footnotes":""},"class_list":["post-17364","page","type-page","status-publish","hentry"],"acf":[],"_links":{"self":[{"href":"https:\/\/www.aokaifilters.com\/tr\/wp-json\/wp\/v2\/pages\/17364","targetHints":{"allow":["GET"]}}],"collection":[{"href":"https:\/\/www.aokaifilters.com\/tr\/wp-json\/wp\/v2\/pages"}],"about":[{"href":"https:\/\/www.aokaifilters.com\/tr\/wp-json\/wp\/v2\/types\/page"}],"author":[{"embeddable":true,"href":"https:\/\/www.aokaifilters.com\/tr\/wp-json\/wp\/v2\/users\/3"}],"replies":[{"embeddable":true,"href":"https:\/\/www.aokaifilters.com\/tr\/wp-json\/wp\/v2\/comments?post=17364"}],"version-history":[{"count":0,"href":"https:\/\/www.aokaifilters.com\/tr\/wp-json\/wp\/v2\/pages\/17364\/revisions"}],"wp:attachment":[{"href":"https:\/\/www.aokaifilters.com\/tr\/wp-json\/wp\/v2\/media?parent=17364"}],"curies":[{"name":"wp","href":"https:\/\/api.w.org\/{rel}","templated":true}]}}