{"id":16637,"date":"2025-11-25T08:15:49","date_gmt":"2025-11-25T00:15:49","guid":{"rendered":"https:\/\/www.aokaifilters.com\/?page_id=16637"},"modified":"2026-02-24T13:08:32","modified_gmt":"2026-02-24T05:08:32","slug":"filter-cages1","status":"publish","type":"page","link":"https:\/\/www.aokaifilters.com\/tr\/filter-cages1\/","title":{"rendered":"Filter Cages1"},"content":{"rendered":"<div class=\"w-tabs-section content-empty\" id=\"ldea\"><button class=\"w-tabs-section-header\" aria-controls=\"content-ldea\" aria-expanded=\"false\"><div class=\"w-tabs-section-title\">Filtre Torbas\u0131 Kafesleri<\/div><div class=\"w-tabs-section-control\"><\/div><\/button><div  class=\"w-tabs-section-content\" id=\"content-ldea\"><div class=\"w-tabs-section-content-h i-cf\"><\/div><\/div><\/div><section class=\"l-section wpb_row height_custom with_img\"><div class=\"l-section-img\" role=\"img\" aria-label=\"G\u00f6rsel\" data-img-width=\"1200\" data-img-height=\"600\" style=\"background-image: url(https:\/\/www.aokaifilters.com\/wp-content\/uploads\/DSC_0966_\u526f\u672c.jpg);background-position: top center;background-repeat: no-repeat;\"><\/div><div class=\"l-section-overlay\" style=\"background:linear-gradient(270deg, rgba(0,0,0,0) 0%,#111731 100%)\"><\/div><div class=\"l-section-h i-cf\"><div class=\"g-cols vc_row via_grid cols_2 laptops-cols_inherit tablets-cols_inherit mobiles-cols_1 valign_top type_default stacking_default\"><div class=\"wpb_column vc_column_container\"><div class=\"vc_column-inner\"><div class=\"wpb_text_column us_custom_e8d85284 has_text_color\"><div class=\"wpb_wrapper\"><h3><span>Filtre Kafesleri \u00dcreticisi: Toz Toplay\u0131c\u0131n\u0131z i\u00e7in \u00d6zel, Dayan\u0131kl\u0131 ve Hassas \u00dcretim<\/span><\/h3>\n<\/div><\/div><div class=\"w-separator size_small\"><\/div><div class=\"w-btn-wrapper align_left\"><a class=\"w-btn us-btn-style_7 us_custom_ccb1474d has_text_color icon_atleft\" href=\"mailto:nora@aokaifilters.com\"><i class=\"fas fa-fas fa-envelope\"><\/i><span class=\"w-btn-label\">Sorgunuzu \u015eimdi G\u00f6nderin<\/span><\/a><\/div><div class=\"w-separator size_small\"><\/div><\/div><\/div><div class=\"wpb_column vc_column_container\"><div class=\"vc_column-inner\"><\/div><\/div><\/div><\/div><\/section><section class=\"l-section wpb_row us_custom_a43eef51 height_auto\"><div class=\"l-section-overlay\" style=\"background:var(--color-chrome-toolbar)\"><\/div><div class=\"l-section-h i-cf\"><div class=\"g-cols vc_row via_grid cols_1 laptops-cols_inherit tablets-cols_1 mobiles-cols_1 valign_top type_default stacking_default\" style=\"--columns-gap:5vw;\"><div class=\"wpb_column vc_column_container\"><div class=\"vc_column-inner\"><div class=\"w-text us_custom_cd03cc37 has_text_color\"><span class=\"w-text-h\"><span class=\"w-text-value\">Uzun \u00d6m\u00fcrl\u00fc Kullan\u0131m<\/span><\/span><\/div><div class=\"wpb_text_column us_custom_1a9ea14f has_text_color\"><div class=\"wpb_wrapper\"><h2 style=\"text-align: center;\">Filtre Kafesleri<\/h2>\n<\/div><\/div><div class=\"g-cols wpb_row via_grid cols_2 laptops-cols_inherit tablets-cols_inherit mobiles-cols_1 valign_top type_default stacking_default\" style=\"--columns-gap:3rem;\"><div class=\"wpb_column vc_column_container type_sticky\"><div class=\"vc_column-inner\"><div class=\"wpb_text_column us_custom_345c8b9d has_text_color\"><div class=\"wpb_wrapper\"><p>Torbal\u0131k kafesi, torbal\u0131k filtre kafesi veya filtre torbas\u0131 kafesi olarak da bilinen filtre kafesi, bir toz toplama sisteminde filtre torbalar\u0131n\u0131 desteklemek ve tutmak i\u00e7in kullan\u0131lan yap\u0131sal bir \u00e7er\u00e7evedir. Genellikle dikey tellerden ve sert bir yap\u0131 olu\u015fturmak i\u00e7in birbirine kaynaklanm\u0131\u015f yatay halkalardan olu\u015fur. Filtre kafesleri, filtre torbalar\u0131n\u0131n \u015feklinin ve b\u00fct\u00fcnl\u00fc\u011f\u00fcn\u00fcn korunmas\u0131nda kritik bir rol oynar.<\/p>\n<\/div><\/div><div class=\"w-btn-wrapper align_left\"><a class=\"w-btn us-btn-style_7 us_custom_ccb1474d has_text_color icon_atleft\" href=\"mailto:nora@aokaifilters.com\"><i class=\"fas fa-fas fa-envelope\"><\/i><span class=\"w-btn-label\">Sorgunuzu \u015eimdi G\u00f6nderin<\/span><\/a><\/div><\/div><\/div><div class=\"wpb_column vc_column_container\"><div class=\"vc_column-inner\"><div class=\"w-image us_custom_447bff20 has_ratio align_none\"><div class=\"w-image-h\"><div style=\"padding-bottom:66.6667%\"><\/div><img decoding=\"async\" width=\"600\" height=\"400\" src=\"https:\/\/www.aokaifilters.com\/wp-content\/uploads\/\u9aa8\u67b6\u96c6\u5408.jpg\" class=\"attachment-large size-large\" alt=\"\" loading=\"lazy\" title=\"\"><\/div><\/div><\/div><\/div><\/div><\/div><\/div><\/div><\/div><\/section><section class=\"l-section wpb_row height_custom\"><div class=\"l-section-overlay\" style=\"background:var(--color-chrome-toolbar)\"><\/div><div class=\"l-section-h i-cf\"><div class=\"g-cols vc_row via_grid cols_1 laptops-cols_inherit tablets-cols_inherit mobiles-cols_1 valign_top type_default stacking_default\"><div class=\"wpb_column vc_column_container us_custom_3778318f has_bg_color\"><div class=\"vc_column-inner\"><div class=\"wpb_text_column us_custom_cec43f30 has_text_color\"><div class=\"wpb_wrapper\"><h2 style=\"text-align: center;\">Filtre torbas\u0131 kafes \u00e7e\u015fitlerimiz<\/h2>\n<\/div><\/div><div class=\"wpb_text_column us_custom_e90633e5 has_text_color\"><div class=\"wpb_wrapper\">\n<table id=\"tablepress-49\" class=\"tablepress tablepress-id-49\">\n<thead>\n<tr class=\"row-1\">\n\t<th class=\"column-1\">Kafes Tipi<\/th><th class=\"column-2\">Zinic Kaplama<\/th><th class=\"column-3\">Organ silikonu<\/th>\n<\/tr>\n<\/thead>\n<tbody class=\"row-striping row-hover\">\n<tr class=\"row-2\">\n\t<td class=\"column-1\">Yuvarlak kafes<\/td><td class=\"column-2\">\u2b50<\/td><td class=\"column-3\">\u2b50<\/td>\n<\/tr>\n<tr class=\"row-3\">\n\t<td class=\"column-1\">Zarf tipi kafes<\/td><td class=\"column-2\">\u2b50<\/td><td class=\"column-3\">\u2b50<\/td>\n<\/tr>\n<tr class=\"row-4\">\n\t<td class=\"column-1\">Y\u0131ld\u0131z tipi kafes<\/td><td class=\"column-2\">\u2b50<\/td><td class=\"column-3\">\u2b50<\/td>\n<\/tr>\n<tr class=\"row-5\">\n\t<td class=\"column-1\">Yayl\u0131 tip kafes<\/td><td class=\"column-2\">\u2b50<\/td><td class=\"column-3\">\u2b50<\/td>\n<\/tr>\n<tr class=\"row-6\">\n\t<td class=\"column-1\">Utype<\/td><td class=\"column-2\">\u2b50<\/td><td class=\"column-3\">\u2b50<\/td>\n<\/tr>\n<\/tbody>\n<\/table>\n<!-- #tablepress-49 from cache -->\n<\/div><\/div><div class=\"w-grid us_carousel type_carousel layout_portfolio_1 preload_style_spinner items_4 ratio_custom\" id=\"us_grid_1\" style=\"--items:4;--gap:0.6rem;--item-ratio:0.7619;\"><style>.layout_portfolio_1 .w-grid-item-h{background:var(--color-content-bg);color:var(--color-content-text)}.layout_portfolio_1 .usg_post_image_1{transition-duration:0.3s;transform-origin:50% 50%;transform:scale(1) translate(0%,0%)}.layout_portfolio_1 .w-grid-item-h:focus-within .usg_post_image_1,.layout_portfolio_1 .w-grid-item-h:hover .usg_post_image_1{transform:scale(1) translate(0%,-10%);opacity:1}.layout_portfolio_1 .usg_vwrapper_1{transition-duration:0.3s;transform-origin:50% 50%;transform:scale(1) translate(0%,101%)}.layout_portfolio_1 .w-grid-item-h:focus-within .usg_vwrapper_1,.layout_portfolio_1 .w-grid-item-h:hover .usg_vwrapper_1{transform:scale(1) translate(0%,0%);opacity:1}.layout_portfolio_1 .usg_post_custom_field_1{transition-duration:0.3s;transform-origin:50% 50%;transform:scale(1) translate(0%,100%)}.layout_portfolio_1 .w-grid-item-h:focus-within .usg_post_custom_field_1,.layout_portfolio_1 .w-grid-item-h:hover .usg_post_custom_field_1{transform:scale(1) translate(0%,0%);opacity:1}.layout_portfolio_1 .usg_post_image_1{position:absolute!important;top:0!important;right:0!important;bottom:0!important;left:0!important}.layout_portfolio_1 .usg_vwrapper_1{position:absolute!important;right:0!important;bottom:-1px!important;left:0!important;background:inherit!important;padding:1.2rem 1.5rem 1.2rem 1.5rem!important}.layout_portfolio_1 .usg_post_title_1{color:inherit!important;font-size:1.4rem!important;margin-bottom:0.3rem!important}.layout_portfolio_1 .usg_post_custom_field_1{position:absolute!important;top:0!important;right:0!important;bottom:0!important;left:0!important}<\/style><div class=\"w-grid-list owl-carousel valign_stretch dotstyle_circle navstyle_circle arrows-ver-pos_middle arrows-hor-pos_on_sides_outside arrows-disabled_hide owl-responsive-2000 with_arrows\" style=\"--transition-duration:350ms;--arrows-size:1.5rem;--arrows-hor-offset:calc(0px + 0.6rem);--arrows-gap:10px;\">\t<article class=\"w-grid-item post-17324 attachment type-attachment status-inherit hentry\" data-id=\"17324\">\r\n\t\t<div class=\"w-grid-item-h\">\r\n\t\t\t\t\t\t<div class=\"w-post-elm post_image usg_post_image_1 stretched\"><img loading=\"lazy\" decoding=\"async\" width=\"1000\" height=\"666\" src=\"https:\/\/www.aokaifilters.com\/wp-content\/uploads\/cage.jpg\" class=\"attachment-large size-large\" alt=\"\" srcset=\"https:\/\/www.aokaifilters.com\/wp-content\/uploads\/cage.jpg 1000w, https:\/\/www.aokaifilters.com\/wp-content\/uploads\/cage-300x200.jpg 300w, https:\/\/www.aokaifilters.com\/wp-content\/uploads\/cage-600x400.jpg 600w\" sizes=\"auto, (max-width: 1000px) 100vw, 1000px\" title=\"\"><\/div><div class=\"w-vwrapper usg_vwrapper_1 grid_arrow_top align_center valign_top\"><h2 class=\"w-post-elm post_title usg_post_title_1 has_text_color entry-title color_link_inherit\">Paslanmaz \u00c7elik \u00c7anta Kafesi<\/h2><\/div>\t\t<\/div>\r\n\t\t\t<\/article>\r\n\t<article class=\"w-grid-item post-17323 attachment type-attachment status-inherit hentry\" data-id=\"17323\">\r\n\t\t<div class=\"w-grid-item-h\">\r\n\t\t\t\t\t\t<div class=\"w-post-elm post_image usg_post_image_1 stretched\"><img loading=\"lazy\" decoding=\"async\" width=\"1000\" height=\"666\" src=\"https:\/\/www.aokaifilters.com\/wp-content\/uploads\/bag-cage.jpg\" class=\"attachment-large size-large\" alt=\"\" srcset=\"https:\/\/www.aokaifilters.com\/wp-content\/uploads\/bag-cage.jpg 1000w, https:\/\/www.aokaifilters.com\/wp-content\/uploads\/bag-cage-300x200.jpg 300w, https:\/\/www.aokaifilters.com\/wp-content\/uploads\/bag-cage-600x400.jpg 600w\" sizes=\"auto, (max-width: 1000px) 100vw, 1000px\" title=\"\"><\/div><div class=\"w-vwrapper usg_vwrapper_1 grid_arrow_top align_center valign_top\"><h2 class=\"w-post-elm post_title usg_post_title_1 has_text_color entry-title color_link_inherit\">Silikon Kaplama Filtre Torbas\u0131 Kafesi<\/h2><\/div>\t\t<\/div>\r\n\t\t\t<\/article>\r\n\t<article class=\"w-grid-item post-17322 attachment type-attachment status-inherit hentry\" data-id=\"17322\">\r\n\t\t<div class=\"w-grid-item-h\">\r\n\t\t\t\t\t\t<div class=\"w-post-elm post_image usg_post_image_1 stretched\"><img loading=\"lazy\" decoding=\"async\" width=\"1000\" height=\"666\" src=\"https:\/\/www.aokaifilters.com\/wp-content\/uploads\/3I4A0087_\u526f\u672c.jpg\" class=\"attachment-large size-large\" alt=\"\" srcset=\"https:\/\/www.aokaifilters.com\/wp-content\/uploads\/3I4A0087_\u526f\u672c.jpg 1000w, https:\/\/www.aokaifilters.com\/wp-content\/uploads\/3I4A0087_\u526f\u672c-300x200.jpg 300w, https:\/\/www.aokaifilters.com\/wp-content\/uploads\/3I4A0087_\u526f\u672c-600x400.jpg 600w\" sizes=\"auto, (max-width: 1000px) 100vw, 1000px\" title=\"\"><\/div><div class=\"w-vwrapper usg_vwrapper_1 grid_arrow_top align_center valign_top\"><h2 class=\"w-post-elm post_title usg_post_title_1 has_text_color entry-title color_link_inherit\">\u00d6zelle\u015ftirilmi\u015f Kafes<\/h2><\/div>\t\t<\/div>\r\n\t\t\t<\/article>\r\n\t<article class=\"w-grid-item post-17321 attachment type-attachment status-inherit hentry\" data-id=\"17321\">\r\n\t\t<div class=\"w-grid-item-h\">\r\n\t\t\t\t\t\t<div class=\"w-post-elm post_image usg_post_image_1 stretched\"><img loading=\"lazy\" decoding=\"async\" width=\"1000\" height=\"666\" src=\"https:\/\/www.aokaifilters.com\/wp-content\/uploads\/3I4A0071_\u526f\u672c.jpg\" class=\"attachment-large size-large\" alt=\"\" srcset=\"https:\/\/www.aokaifilters.com\/wp-content\/uploads\/3I4A0071_\u526f\u672c.jpg 1000w, https:\/\/www.aokaifilters.com\/wp-content\/uploads\/3I4A0071_\u526f\u672c-300x200.jpg 300w, https:\/\/www.aokaifilters.com\/wp-content\/uploads\/3I4A0071_\u526f\u672c-600x400.jpg 600w\" sizes=\"auto, (max-width: 1000px) 100vw, 1000px\" title=\"\"><\/div><div class=\"w-vwrapper usg_vwrapper_1 grid_arrow_top align_center valign_top\"><h2 class=\"w-post-elm post_title usg_post_title_1 has_text_color entry-title color_link_inherit\">Zarf Filtre Torbas\u0131 Kafesi<\/h2><\/div>\t\t<\/div>\r\n\t\t\t<\/article>\r\n\t<article class=\"w-grid-item post-15081 attachment type-attachment status-inherit hentry\" data-id=\"15081\">\r\n\t\t<div class=\"w-grid-item-h\">\r\n\t\t\t\t\t\t<div class=\"w-post-elm post_image usg_post_image_1 stretched\"><img loading=\"lazy\" decoding=\"async\" width=\"800\" height=\"800\" src=\"https:\/\/www.aokaifilters.com\/wp-content\/uploads\/dust-collector-cage-2.jpg\" class=\"attachment-large size-large\" alt=\"Bag Cage Manufacturing\" srcset=\"https:\/\/www.aokaifilters.com\/wp-content\/uploads\/dust-collector-cage-2.jpg 800w, https:\/\/www.aokaifilters.com\/wp-content\/uploads\/dust-collector-cage-2-300x300.jpg 300w, https:\/\/www.aokaifilters.com\/wp-content\/uploads\/dust-collector-cage-2-150x150.jpg 150w, https:\/\/www.aokaifilters.com\/wp-content\/uploads\/dust-collector-cage-2-600x600.jpg 600w\" sizes=\"auto, (max-width: 800px) 100vw, 800px\" title=\"\"><\/div><div class=\"w-vwrapper usg_vwrapper_1 grid_arrow_top align_center valign_top\"><h2 class=\"w-post-elm post_title usg_post_title_1 has_text_color entry-title color_link_inherit\">Torba Kafes \u0130malat\u0131<\/h2><\/div>\t\t<\/div>\r\n\t\t\t<\/article>\r\n\t<article class=\"w-grid-item post-9677 attachment type-attachment status-inherit hentry\" data-id=\"9677\">\r\n\t\t<div class=\"w-grid-item-h\">\r\n\t\t\t\t\t\t<div class=\"w-post-elm post_image usg_post_image_1 stretched\"><img loading=\"lazy\" decoding=\"async\" width=\"885\" height=\"593\" src=\"https:\/\/www.aokaifilters.com\/wp-content\/uploads\/2023\/09\/filter-cage-3.png\" class=\"attachment-large size-large\" alt=\"Filter Cage Stock\" srcset=\"https:\/\/www.aokaifilters.com\/wp-content\/uploads\/2023\/09\/filter-cage-3.png 885w, https:\/\/www.aokaifilters.com\/wp-content\/uploads\/2023\/09\/filter-cage-3-600x402.png 600w, https:\/\/www.aokaifilters.com\/wp-content\/uploads\/2023\/09\/filter-cage-3-300x201.png 300w\" sizes=\"auto, (max-width: 885px) 100vw, 885px\" title=\"\"><\/div><div class=\"w-vwrapper usg_vwrapper_1 grid_arrow_top align_center valign_top\"><h2 class=\"w-post-elm post_title usg_post_title_1 has_text_color entry-title color_link_inherit\">Filtre Kafesi Stoku<\/h2><\/div>\t\t<\/div>\r\n\t\t\t<\/article>\r\n\t<article class=\"w-grid-item post-9673 attachment type-attachment status-inherit hentry\" data-id=\"9673\">\r\n\t\t<div class=\"w-grid-item-h\">\r\n\t\t\t\t\t\t<div class=\"w-post-elm post_image usg_post_image_1 stretched\"><img loading=\"lazy\" decoding=\"async\" width=\"886\" height=\"593\" src=\"https:\/\/www.aokaifilters.com\/wp-content\/uploads\/2023\/09\/filter-cage-4.png\" class=\"attachment-large size-large\" alt=\"Envelop Filter Cage\" srcset=\"https:\/\/www.aokaifilters.com\/wp-content\/uploads\/2023\/09\/filter-cage-4.png 886w, https:\/\/www.aokaifilters.com\/wp-content\/uploads\/2023\/09\/filter-cage-4-600x402.png 600w, https:\/\/www.aokaifilters.com\/wp-content\/uploads\/2023\/09\/filter-cage-4-300x201.png 300w\" sizes=\"auto, (max-width: 886px) 100vw, 886px\" title=\"\"><\/div><div class=\"w-vwrapper usg_vwrapper_1 grid_arrow_top align_center valign_top\"><h2 class=\"w-post-elm post_title usg_post_title_1 has_text_color entry-title color_link_inherit\">Zarf Filtre Kafesi<\/h2><\/div>\t\t<\/div>\r\n\t\t\t<\/article>\r\n<\/div><div class=\"w-grid-carousel-json hidden\" onclick='return {&quot;carousel_settings&quot;:{&quot;aria_labels&quot;:{&quot;prev&quot;:&quot;\\u00d6nceki&quot;,&quot;next&quot;:&quot;Sonraki&quot;},&quot;autoplayContinual&quot;:false,&quot;autoplayHoverPause&quot;:true,&quot;autoplayTimeout&quot;:3000,&quot;autoWidth&quot;:false,&quot;smartSpeed&quot;:350,&quot;margin&quot;:0,&quot;mouseDrag&quot;:true,&quot;rtl&quot;:false,&quot;slideBy&quot;:&quot;1&quot;,&quot;touchDrag&quot;:true,&quot;slideTransition&quot;:&quot;&quot;,&quot;responsive&quot;:{&quot;0&quot;:{&quot;autoHeight&quot;:false,&quot;autoplay&quot;:false,&quot;autoWidth&quot;:false,&quot;center&quot;:false,&quot;dots&quot;:false,&quot;items&quot;:1,&quot;loop&quot;:false,&quot;nav&quot;:false,&quot;stagePadding&quot;:0,&quot;slideBy&quot;:&quot;1&quot;},&quot;601&quot;:{&quot;items&quot;:4,&quot;autoplay&quot;:true,&quot;center&quot;:false,&quot;dots&quot;:false,&quot;nav&quot;:true,&quot;autoHeight&quot;:false,&quot;autoWidth&quot;:false,&quot;loop&quot;:true,&quot;stagePadding&quot;:0}}}}'><\/div><\/div><\/div><\/div><\/div><\/div><\/section><section class=\"l-section wpb_row height_custom with_img\"><div class=\"l-section-img\" role=\"img\" aria-label=\"fi\u0307ltre torbasi kafesi\u0307 i\u0307malati\" data-img-width=\"1000\" data-img-height=\"585\" style=\"background-image: url(https:\/\/www.aokaifilters.com\/wp-content\/uploads\/filter-bag-cage-3.jpg);\"><\/div><div class=\"l-section-overlay\" style=\"background:linear-gradient(270deg, transparent 0%,#111731 100%)\"><\/div><div class=\"l-section-h i-cf\"><div class=\"g-cols vc_row via_grid cols_5-1 laptops-cols_inherit tablets-cols_inherit mobiles-cols_1 valign_top type_default stacking_default\"><div class=\"wpb_column vc_column_container\"><div class=\"vc_column-inner\"><div class=\"wpb_text_column us_custom_2ea15696 has_text_color\"><div class=\"wpb_wrapper\"><h2>Filtre torbas\u0131 kafesi ar\u0131tma sonras\u0131 i\u015flemi<\/h2>\n<\/div><\/div><div class=\"wpb_text_column us_custom_23eca2c5 has_text_color\"><div class=\"wpb_wrapper\"><ul>\n<li>Galvanizleme<\/li>\n<li>Organik Silikon<\/li>\n<\/ul>\n<\/div><\/div><div class=\"wpb_text_column us_custom_e8d85284 has_text_color\"><div class=\"wpb_wrapper\"><p>Her ikisi de filtre torbas\u0131 kafesini etkili bir \u015fekilde koruyabilir, filtre torbas\u0131 kafesinin hizmet \u00f6mr\u00fcn\u00fc uzatabilir ve filtre torbas\u0131 kafesini de\u011fi\u015ftirme d\u00f6ng\u00fcs\u00fcn\u00fc k\u0131saltabilir. Galvanizli filtre torbas\u0131 kafesi, 15o \u00b0 C'lik normal s\u0131cakl\u0131k \u00e7al\u0131\u015fma ko\u015fulunu kar\u015f\u0131layabilir ve korozyonu \u00f6nleyebilir Filtre torbas\u0131 kafesinin s\u0131cakl\u0131\u011f\u0131 160 C'yi a\u015ft\u0131\u011f\u0131nda, organik silikonun y\u00fcksek s\u0131cakl\u0131kta p\u00fcsk\u00fcrtme i\u015flemi filtre torbas\u0131 kafesini daha iyi koruyabilir ve m\u00fckemmel korozyon \u00f6nleyici i\u015flevi vard\u0131r.<\/p>\n<\/div><\/div><\/div><\/div><div class=\"wpb_column vc_column_container\"><div class=\"vc_column-inner\"><div class=\"w-image us_custom_9cf479d2 has_ratio align_none\"><div class=\"w-image-h\"><div style=\"padding-bottom:133.3333%\"><\/div><img decoding=\"async\" width=\"667\" height=\"1000\" src=\"https:\/\/www.aokaifilters.com\/wp-content\/uploads\/filter-cages.jpg\" class=\"attachment-large size-large\" alt=\"\" loading=\"lazy\" title=\"\"><\/div><\/div><\/div><\/div><\/div><\/div><\/section><section class=\"l-section wpb_row height_custom\"><div class=\"l-section-h i-cf\"><div class=\"g-cols vc_row via_grid cols_2-3 laptops-cols_inherit tablets-cols_inherit mobiles-cols_1 valign_top type_default stacking_default\"><div class=\"wpb_column vc_column_container type_sticky\"><div class=\"vc_column-inner\"><div class=\"wpb_text_column us_custom_345c8b9d has_text_color\"><div class=\"wpb_wrapper\"><h3>Bize Filtre Torbas\u0131 Kafesi Verilerini Sa\u011flay\u0131n:<\/h3>\n<p>Filtre kafesinin kalitesi, bir filtre torbas\u0131n\u0131n filtreleme durumu ve hizmet \u00f6mr\u00fc \u00fczerinde do\u011frudan etkiye sahiptir. Bu nedenle ayr\u0131nt\u0131l\u0131 ve do\u011fru veriler, \u00fcr\u00fcn\u00fcn normal kullan\u0131m\u0131n\u0131 maksimum \u00f6l\u00e7\u00fcde sa\u011flayabilir. Tasar\u0131m \u00e7izimleri sa\u011flayabilmeniz veya a\u015fa\u011f\u0131daki bilgilere g\u00f6re veri sa\u011flaman\u0131z harika olur.<\/p>\n<ul>\n<li>Filtre kafesi malzemesi ve boyutu.<\/li>\n<li>Dikey tellerin miktar\u0131.<\/li>\n<li>Yatay tellerin alan\u0131.<\/li>\n<li>Tel \u00e7ap\u0131.<\/li>\n<li>Toz toplay\u0131c\u0131n\u0131n veya torban\u0131n h\u00fccre plakas\u0131 boyutlar\u0131.<\/li>\n<\/ul>\n<\/div><\/div><\/div><\/div><div class=\"wpb_column vc_column_container us_custom_991992e6 has_bg_color\"><div class=\"vc_column-inner\"><div class=\"wpb_text_column us_custom_d5a4138f has_text_color\"><div class=\"wpb_wrapper\"><p style=\"text-align: left;\">Projenizi ve uzun vadeli filtrasyon \u00e7\u00f6z\u00fcmlerinizi g\u00f6r\u00fc\u015fmek i\u00e7in bizimle ileti\u015fime ge\u00e7in.<\/p>\n<\/div><\/div>\n<div class=\"wpcf7 no-js us-field-style_1\" id=\"wpcf7-f10773-o1\" lang=\"en-US\" dir=\"ltr\" data-wpcf7-id=\"10773\">\n<div class=\"screen-reader-response\"><p role=\"status\" aria-live=\"polite\" aria-atomic=\"true\"><\/p> <ul><\/ul><\/div>\n<form action=\"\/tr\/wp-json\/wp\/v2\/pages\/16637#wpcf7-f10773-o1\" method=\"post\" class=\"wpcf7-form init\" aria-label=\"Contact form\" enctype=\"multipart\/form-data\" novalidate=\"novalidate\" data-status=\"init\" data-trp-original-action=\"\/tr\/wp-json\/wp\/v2\/pages\/16637#wpcf7-f10773-o1\">\n<fieldset class=\"hidden-fields-container\"><input type=\"hidden\" name=\"_wpcf7\" value=\"10773\" \/><input type=\"hidden\" name=\"_wpcf7_version\" value=\"6.1.4\" \/><input type=\"hidden\" name=\"_wpcf7_locale\" value=\"en_US\" \/><input type=\"hidden\" name=\"_wpcf7_unit_tag\" value=\"wpcf7-f10773-o1\" \/><input type=\"hidden\" name=\"_wpcf7_container_post\" value=\"0\" \/><input type=\"hidden\" name=\"_wpcf7_posted_data_hash\" value=\"\" \/>\n<\/fieldset>\n<p><span class=\"wpcf7-form-control-wrap\" data-name=\"your-email\"><input size=\"40\" maxlength=\"400\" class=\"wpcf7-form-control wpcf7-email wpcf7-validates-as-required wpcf7-text wpcf7-validates-as-email\" aria-required=\"true\" aria-invalid=\"false\" placeholder=\"E-posta adresinizi girin\" value=\"\" type=\"email\" name=\"your-email\" \/><\/span><br \/>\n<span class=\"wpcf7-form-control-wrap\" data-name=\"your-phone\"><input size=\"40\" maxlength=\"400\" class=\"wpcf7-form-control wpcf7-tel wpcf7-text wpcf7-validates-as-tel\" aria-invalid=\"false\" placeholder=\"WhatsApp \/ Telefon numaran\u0131z\u0131 girin\" value=\"\" type=\"tel\" name=\"your-phone\" \/><\/span><br \/>\n<span class=\"wpcf7-form-control-wrap\" data-name=\"your-message\"><textarea cols=\"40\" rows=\"10\" maxlength=\"2000\" class=\"wpcf7-form-control wpcf7-textarea\" aria-invalid=\"false\" placeholder=\"Bize \u00fcr\u00fcn veya hizmet gereksinimlerinizi s\u00f6yleyin\" name=\"your-message\"><\/textarea><\/span><br \/>\n<span class=\"wpcf7-form-control-wrap\" data-name=\"file-180\"><input size=\"40\" class=\"wpcf7-form-control wpcf7-file\" accept=\"image\/*,.txt,application\/pdf\" aria-invalid=\"false\" type=\"file\" name=\"file-180\" \/><\/span>\n<\/p>\n<p><input class=\"wpcf7-form-control wpcf7-submit has-spinner\" type=\"submit\" value=\"G\u00f6nder\" \/>\n<\/p><div class=\"wpcf7-response-output\" aria-hidden=\"true\"><\/div>\n<input type=\"hidden\" name=\"trp-form-language\" value=\"tr\"\/><\/form>\n<\/div>\n<div class=\"wpb_text_column us_custom_345c8b9d has_text_color\"><div class=\"wpb_wrapper\"><p>T\u00fcm bilgiler gizli tutulacakt\u0131r.<\/p>\n<\/div><\/div><\/div><\/div><\/div><\/div><\/section>","protected":false},"excerpt":{"rendered":"Aokai manufactures a wide selection of durable and high-quality filter bag supporting cages for your specific baghouse. Cage design and configuration options are available to fit most major OEM brands of dust collectors.","protected":false},"author":3,"featured_media":0,"parent":0,"menu_order":0,"comment_status":"closed","ping_status":"closed","template":"","meta":{"_acf_changed":false,"footnotes":""},"class_list":["post-16637","page","type-page","status-publish","hentry"],"acf":[],"_links":{"self":[{"href":"https:\/\/www.aokaifilters.com\/tr\/wp-json\/wp\/v2\/pages\/16637","targetHints":{"allow":["GET"]}}],"collection":[{"href":"https:\/\/www.aokaifilters.com\/tr\/wp-json\/wp\/v2\/pages"}],"about":[{"href":"https:\/\/www.aokaifilters.com\/tr\/wp-json\/wp\/v2\/types\/page"}],"author":[{"embeddable":true,"href":"https:\/\/www.aokaifilters.com\/tr\/wp-json\/wp\/v2\/users\/3"}],"replies":[{"embeddable":true,"href":"https:\/\/www.aokaifilters.com\/tr\/wp-json\/wp\/v2\/comments?post=16637"}],"version-history":[{"count":0,"href":"https:\/\/www.aokaifilters.com\/tr\/wp-json\/wp\/v2\/pages\/16637\/revisions"}],"wp:attachment":[{"href":"https:\/\/www.aokaifilters.com\/tr\/wp-json\/wp\/v2\/media?parent=16637"}],"curies":[{"name":"wp","href":"https:\/\/api.w.org\/{rel}","templated":true}]}}