{"id":15943,"date":"2025-09-18T22:47:01","date_gmt":"2025-09-18T14:47:01","guid":{"rendered":"https:\/\/www.aokaifilters.com\/?page_id=15943"},"modified":"2026-02-06T16:25:38","modified_gmt":"2026-02-06T08:25:38","slug":"rd-capability","status":"publish","type":"page","link":"https:\/\/www.aokaifilters.com\/tr\/company\/rd-capability\/","title":{"rendered":"Research &#038; Development Capability"},"content":{"rendered":"<div class=\"wpb_column vc_column_container\"><div class=\"vc_column-inner\"><div class=\"w-separator size_huge\"><\/div><\/div><\/div><section class=\"l-section wpb_row height_large color_secondary with_img parallax_ver\"><div class=\"l-section-img\" role=\"img\" aria-label=\"G\u00f6rsel\" data-img-width=\"2560\" data-img-height=\"1585\" style=\"background-image: url(https:\/\/www.aokaifilters.com\/wp-content\/uploads\/lab-3-scaled.webp);background-position: top center;\"><\/div><div class=\"l-section-overlay\" style=\"background:rgba(2,8,20,0.39)\"><\/div><div class=\"l-section-h i-cf\"><div class=\"g-cols vc_row via_grid cols_1 laptops-cols_inherit tablets-cols_1 mobiles-cols_1 valign_top type_default reversed stacking_default\" style=\"--columns-gap:0rem;\"><div class=\"wpb_column vc_column_container us_custom_fd43344c\"><div class=\"vc_column-inner\"><h1 class=\"w-text us_custom_8ea8ef30 has_text_color\"><span class=\"w-text-h\"><span class=\"w-text-value\">Ara\u015ft\u0131rma &amp; Geli\u015ftirme<\/span><\/span><\/h1><div class=\"w-separator size_medium\"><\/div><div class=\"w-hwrapper us_custom_feadd1a9 valign_top wrap align_none\" style=\"--hwrapper-gap:2.2rem\"><div class=\"wpb_text_column\"><div class=\"wpb_wrapper\"><h3><a href=\"#r&amp;d\">Ar-Ge Ekibi<\/a><strong><br \/>\n<\/strong><\/h3>\n<\/div><\/div><div class=\"wpb_text_column\"><div class=\"wpb_wrapper\"><h3><a href=\"#laboratory\">Laboratory<\/a><\/h3>\n<\/div><\/div><div class=\"wpb_text_column\"><div class=\"wpb_wrapper\"><h3><a href=\"#product-series\">Product Series<\/a><\/h3>\n<\/div><\/div><\/div><\/div><\/div><\/div><\/div><\/section><section class=\"l-section wpb_row height_auto\"><div class=\"l-section-h i-cf\"><div class=\"g-cols vc_row via_grid cols_1 laptops-cols_inherit tablets-cols_inherit mobiles-cols_1 valign_top type_default stacking_default\"><div class=\"wpb_column vc_column_container\"><div class=\"vc_column-inner\"><div class=\"wpb_text_column us_custom_4e0cc4c3\"><div class=\"wpb_wrapper\"><h2><strong class=\"font-semibold\">Advanced Laboratory<\/strong><span> <\/span><\/h2>\n<\/div><\/div><div class=\"wpb_text_column\"><div class=\"wpb_wrapper\"><div>\n<div>\n<div>\n<p dir=\"auto\">Our in-house advanced laboratory is equipped with state-of-the-art instruments, including air permeability testers, tensile strength analyzers, abrasion resistance testers, chemical resistance chambers, filtration efficiency simulation systems, and a scanning electron microscope (SEM) for detailed microstructure analysis.<\/p>\n<\/div>\n<\/div>\n<section><\/section>\n<section><\/section>\n<\/div>\n<\/div><\/div><\/div><\/div><\/div><\/div><\/section><section class=\"l-section wpb_row us_custom_7860c9bc height_custom\"><div class=\"l-section-h i-cf\"><div class=\"g-cols vc_row via_grid cols_4 laptops-cols_inherit tablets-cols_inherit mobiles-cols_1 valign_top type_default stacking_default\" style=\"--columns-gap:2rem;\"><div class=\"wpb_column vc_column_container\"><div class=\"vc_column-inner\"><div class=\"w-image us_custom_9cf479d2 has_ratio align_none\"><div class=\"w-image-h\"><div style=\"padding-bottom:75%\"><\/div><img decoding=\"async\" width=\"1024\" height=\"678\" src=\"https:\/\/www.aokaifilters.com\/wp-content\/uploads\/VDI-1024x678.webp\" class=\"attachment-large size-large\" alt=\"\" loading=\"lazy\" title=\"\"><\/div><\/div><div class=\"w-separator size_small\"><\/div><div class=\"wpb_text_column\"><div class=\"wpb_wrapper\"><h6 style=\"text-align: center;\">VDI Testing<\/h6>\n<\/div><\/div><\/div><\/div><div class=\"wpb_column vc_column_container\"><div class=\"vc_column-inner\"><div class=\"w-image us_custom_9cf479d2 has_ratio align_none\"><div class=\"w-image-h\"><div style=\"padding-bottom:75%\"><\/div><img decoding=\"async\" width=\"1024\" height=\"678\" src=\"https:\/\/www.aokaifilters.com\/wp-content\/uploads\/scanning-electron-microscopy-1024x678.webp\" class=\"attachment-large size-large\" alt=\"\" loading=\"lazy\" title=\"\"><\/div><\/div><div class=\"w-separator size_small\"><\/div><div class=\"wpb_text_column\"><div class=\"wpb_wrapper\"><h6 style=\"text-align: center;\">Scanning Electron Microscope<\/h6>\n<\/div><\/div><\/div><\/div><div class=\"wpb_column vc_column_container\"><div class=\"vc_column-inner\"><div class=\"w-image us_custom_9cf479d2 has_ratio align_none\"><div class=\"w-image-h\"><div style=\"padding-bottom:75%\"><\/div><img decoding=\"async\" width=\"678\" height=\"1024\" src=\"https:\/\/www.aokaifilters.com\/wp-content\/uploads\/capillary-flow-porometer-1-678x1024.webp\" class=\"attachment-large size-large\" alt=\"\" loading=\"lazy\" title=\"\"><\/div><\/div><div class=\"w-separator size_small\"><\/div><div class=\"wpb_text_column\"><div class=\"wpb_wrapper\"><h6 style=\"text-align: center;\">Capillary Flow Porometer<\/h6>\n<\/div><\/div><\/div><\/div><div class=\"wpb_column vc_column_container\"><div class=\"vc_column-inner\"><div class=\"w-image us_custom_9cf479d2 has_ratio align_none\"><div class=\"w-image-h\"><div style=\"padding-bottom:75%\"><\/div><img decoding=\"async\" width=\"1024\" height=\"678\" src=\"https:\/\/www.aokaifilters.com\/wp-content\/uploads\/permeability-1-1024x678.webp\" class=\"attachment-large size-large\" alt=\"\" loading=\"lazy\" title=\"\"><\/div><\/div><div class=\"w-separator size_small\"><\/div><div class=\"wpb_text_column\"><div class=\"wpb_wrapper\"><h6 style=\"text-align: center;\">Permeability Testing<\/h6>\n<\/div><\/div><\/div><\/div><\/div><\/div><\/section><section class=\"l-section wpb_row us_custom_24c1f17b height_custom\"><div class=\"l-section-h i-cf\"><div class=\"g-cols vc_row via_grid cols_1 laptops-cols_inherit tablets-cols_1 mobiles-cols_1 valign_top type_default stacking_default\" style=\"--columns-gap:50px;\"><div class=\"wpb_column vc_column_container\"><div class=\"vc_column-inner\"><div class=\"wpb_text_column us_custom_8d5aa4e2\"><div class=\"wpb_wrapper\"><h2>Laboratory<\/h2>\n<p>With its state-of-the-art testing equipment and devices, our advanced laboratory plays a crucial role in ensuring quality control, providing technical support, facilitating new product development, and upholding industry compliance and standards.<\/p>\n<\/div><\/div><div class=\"g-cols wpb_row via_grid cols_1-3 laptops-cols_inherit tablets-cols_inherit mobiles-cols_1 valign_middle type_default stacking_default\" style=\"--columns-gap:3rem;\"><div class=\"wpb_column vc_column_container\"><div class=\"vc_column-inner\"><div class=\"w-image us_custom_9cf479d2 has_ratio align_none\"><div class=\"w-image-h\"><div style=\"padding-bottom:75%\"><\/div><img decoding=\"async\" width=\"1024\" height=\"683\" src=\"https:\/\/www.aokaifilters.com\/wp-content\/uploads\/lab-4-1024x683.webp\" class=\"attachment-large size-large\" alt=\"\" loading=\"lazy\" title=\"\"><\/div><\/div><\/div><\/div><div class=\"wpb_column vc_column_container\"><div class=\"vc_column-inner\"><div class=\"w-hwrapper valign_top align_none\"><div class=\"w-iconbox iconpos_left style_circle color_secondary align_left\"><div class=\"w-iconbox-icon\" style=\"font-size:1.2rem;\"><i class=\"fas fa-ballot-check\"><\/i><\/div><div class=\"w-iconbox-meta\"><h5 class=\"w-iconbox-title\">Kalite Kontrol<\/h5><div class=\"w-iconbox-text\"><p>Our advanced laboratory is the first line of defense for ensuring consistent product quality.<\/p>\n<ul>\n<li>Raw material inspection.<\/li>\n<li>Production process monitoring.<\/li>\n<li>Finished product performance verification.<\/li>\n<\/ul>\n<\/div><\/div><\/div><div class=\"w-iconbox us_custom_141f90b0 iconpos_left style_circle color_secondary align_left\"><div class=\"w-iconbox-icon\" style=\"font-size:1.2rem;\"><i class=\"fas fa-user-friends\"><\/i><\/div><div class=\"w-iconbox-meta\"><h5 class=\"w-iconbox-title\">Technical Support &#038; Customer Service<\/h5><div class=\"w-iconbox-text\"><p>Our advanced laboratory is the cornerstone for providing professional technical support to customers:<\/p>\n<ul>\n<li>Filter bag failure analysis.<\/li>\n<li>Filter media selection.<\/li>\n<li>Baghouse performance analysis.<\/li>\n<\/ul>\n<\/div><\/div><\/div><\/div><\/div><\/div><\/div><div class=\"ult-spacer spacer-6a07a55f4bd6a\" data-id=\"6a07a55f4bd6a\" data-height=\"70\" data-height-mobile=\"70\" data-height-tab=\"70\" data-height-tab-portrait=\"\" data-height-mobile-landscape=\"\" style=\"clear:both;display:block;\"><\/div><div class=\"g-cols wpb_row via_grid cols_1-3 laptops-cols_inherit tablets-cols_inherit mobiles-cols_1 valign_middle type_default stacking_default\" style=\"--columns-gap:3rem;\"><div class=\"wpb_column vc_column_container\"><div class=\"vc_column-inner\"><div class=\"w-image us_custom_9cf479d2 has_ratio align_none\"><div class=\"w-image-h\"><div style=\"padding-bottom:75%\"><\/div><img decoding=\"async\" width=\"1024\" height=\"634\" src=\"https:\/\/www.aokaifilters.com\/wp-content\/uploads\/lab-3-1024x634.webp\" class=\"attachment-large size-large\" alt=\"\" loading=\"lazy\" title=\"\"><\/div><\/div><\/div><\/div><div class=\"wpb_column vc_column_container\"><div class=\"vc_column-inner\"><div class=\"w-hwrapper valign_top align_none\"><div class=\"w-iconbox us_custom_141f90b0 iconpos_left style_circle color_secondary align_left\"><div class=\"w-iconbox-icon\" style=\"font-size:1.2rem;\"><i class=\"fas fa-microscope\"><\/i><\/div><div class=\"w-iconbox-meta\"><h4 class=\"w-iconbox-title\">New Product Development<\/h4><div class=\"w-iconbox-text\"><p>Our advanced laboratory is the core of new product development. Through precise testing and analysis, we can:<\/p>\n<ul>\n<li>Develop new filter media materials.<\/li>\n<li>Optimize filter media performance.<\/li>\n<li>Meet new market demands.<\/li>\n<\/ul>\n<\/div><\/div><\/div><div class=\"w-iconbox iconpos_left style_circle color_secondary align_left\"><div class=\"w-iconbox-icon\" style=\"font-size:1.2rem;\"><i class=\"fas fa-layer-group\"><\/i><\/div><div class=\"w-iconbox-meta\"><h5 class=\"w-iconbox-title\">Industry Compliance &#038; Standards<\/h5><div class=\"w-iconbox-text\"><p>To ensure that our products comply with international and national standards, our advanced laboratory is essential in:<\/p>\n<ul>\n<li>Standardized testing.<\/li>\n<li>Product and issue tracking.<\/li>\n<\/ul>\n<\/div><\/div><\/div><\/div><\/div><\/div><\/div><\/div><\/div><\/div><\/div><\/section><section class=\"l-section wpb_row us_custom_7860c9bc height_custom\" id=\"laboratory\"><div class=\"l-section-h i-cf\"><div class=\"g-cols vc_row via_grid cols_1 laptops-cols_inherit tablets-cols_1 mobiles-cols_1 valign_top type_default stacking_default\" style=\"--columns-gap:50px;\"><div class=\"wpb_column vc_column_container\"><div class=\"vc_column-inner\"><div class=\"w-separator size_huge\"><\/div><div class=\"g-cols wpb_row via_grid cols_2 laptops-cols_inherit tablets-cols_inherit mobiles-cols_1 valign_middle type_default stacking_default\" style=\"--columns-gap:3rem;\"><div class=\"wpb_column vc_column_container\"><div class=\"vc_column-inner\"><div class=\"w-image us_custom_9cf479d2 align_none\"><div class=\"w-image-h\"><img decoding=\"async\" width=\"1024\" height=\"566\" src=\"https:\/\/www.aokaifilters.com\/wp-content\/uploads\/image-1024x566.jpg\" class=\"attachment-large size-large\" alt=\"\" loading=\"lazy\" srcset=\"https:\/\/www.aokaifilters.com\/wp-content\/uploads\/image-1024x566.jpg 1024w, https:\/\/www.aokaifilters.com\/wp-content\/uploads\/image-300x166.jpg 300w, https:\/\/www.aokaifilters.com\/wp-content\/uploads\/image-600x332.jpg 600w, https:\/\/www.aokaifilters.com\/wp-content\/uploads\/image.jpg 1360w\" sizes=\"auto, (max-width: 1024px) 100vw, 1024px\" title=\"\"><\/div><\/div><\/div><\/div><div class=\"wpb_column vc_column_container\"><div class=\"vc_column-inner\"><div class=\"wpb_text_column us_custom_8d5aa4e2\"><div class=\"wpb_wrapper\"><h2 dir=\"auto\">Collaborative R&amp;D<\/h2>\n<\/div><\/div><div class=\"wpb_text_column us_custom_345c8b9d has_text_color\"><div class=\"wpb_wrapper\"><p dir=\"auto\">Jiangsu Aokai Environment maintains deep strategic partnerships with leading universities (such as <strong>Jiangnan University<\/strong>, <strong>Nantong University<\/strong>, ve <strong>Wuhan Textile University<\/strong>), renowned research institutes, and international filtration organizations. Through joint R&amp;D projects, technology exchanges, and collaborative testing, we stay closely aligned with the latest global filtration standards (ISO 16890, EN 779 updates, EPA, EU IED, and China ultra-low emission regulations), ensuring our filter media, bags, and cages continuously meet evolving environmental compliance requirements and deliver cutting-edge performance.<\/p>\n<\/div><\/div><\/div><\/div><\/div><\/div><\/div><\/div><\/div><\/section><section class=\"l-section wpb_row height_custom\" id=\"r&amp;d\"><div class=\"l-section-h i-cf\"><div class=\"g-cols vc_row via_grid cols_2-3 laptops-cols_2 tablets-cols_inherit mobiles-cols_1 valign_middle type_default stacking_default\" style=\"--columns-gap:5%;\"><div class=\"wpb_column vc_column_container\"><div class=\"vc_column-inner\"><div class=\"wpb_text_column\"><div class=\"wpb_wrapper\"><h2>Ar-Ge Ekibi<\/h2>\n<p>The backbone of our product excellence lies in our formidable R&amp;D team. Their continuous research into new materials, improved designs, and manufacturing processes ensures our filter bags deliver unmatched performance and reliability every time.<\/p>\n<\/div><\/div><div class=\"w-separator size_medium\"><\/div><div class=\"g-cols wpb_row via_grid cols_3 laptops-cols_inherit tablets-cols_2 mobiles-cols_2 valign_top type_default stacking_default\" style=\"--columns-gap:30px;\"><div class=\"wpb_column vc_column_container\"><div class=\"vc_column-inner\"><div class=\"w-counter us_custom_12056982 color_custom align_none has_font_size\" data-duration=\"1\"><div class=\"w-counter-value\" style=\"color:var(--color-alt-content-primary);\"><span class=\"w-counter-value-part type_text\" data-final=\"\"><\/span><span class=\"w-counter-value-part type_number\" data-final=\"2012\">2000<\/span><span class=\"w-counter-value-part type_text\" data-final=\"\"><\/span><\/div><div class=\"w-counter-title\" style=\"font-size:16px;\">Founded in<\/div><\/div><\/div><\/div><div class=\"wpb_column vc_column_container\"><div class=\"vc_column-inner\"><div class=\"w-counter us_custom_12056982 color_custom align_left has_font_size\" data-duration=\"1\"><div class=\"w-counter-value\" style=\"color:var(--color-alt-content-primary);\"><span class=\"w-counter-value-part type_text\" data-final=\"\"><\/span><span class=\"w-counter-value-part type_number\" data-final=\"10\">1<\/span><span class=\"w-counter-value-part type_text\" data-final=\"+\"><\/span><\/div><div class=\"w-counter-title\" style=\"font-size:16px;\">Senior Engineers<\/div><\/div><\/div><\/div><div class=\"wpb_column vc_column_container\"><div class=\"vc_column-inner\"><div class=\"w-counter us_custom_12056982 color_custom align_left has_font_size\" data-duration=\"1\"><div class=\"w-counter-value\" style=\"color:var(--color-alt-content-primary);\"><span class=\"w-counter-value-part type_text\" data-final=\"\"><\/span><span class=\"w-counter-value-part type_number\" data-final=\"30\">1<\/span><span class=\"w-counter-value-part type_text\" data-final=\"+\"><\/span><\/div><div class=\"w-counter-title\" style=\"font-size:16px;\">Technicians<\/div><\/div><\/div><\/div><\/div><\/div><\/div><div class=\"wpb_column vc_column_container\"><div class=\"vc_column-inner\"><div class=\"w-image us_custom_9cf479d2 has_ratio align_none\"><div class=\"w-image-h\"><div style=\"padding-bottom:56.25%\"><\/div><img decoding=\"async\" width=\"1024\" height=\"683\" src=\"https:\/\/www.aokaifilters.com\/wp-content\/uploads\/research-team-1-1024x683.webp\" class=\"attachment-large size-large\" alt=\"\" loading=\"lazy\" title=\"\"><\/div><\/div><\/div><\/div><\/div><\/div><\/section><section class=\"l-section wpb_row height_custom\" id=\"product-series\"><div class=\"l-section-h i-cf\"><div class=\"g-cols vc_row via_grid cols_1 laptops-cols_inherit tablets-cols_inherit mobiles-cols_1 valign_top type_default stacking_default\"><div class=\"wpb_column vc_column_container\"><div class=\"vc_column-inner\"><div class=\"w-separator size_small\"><\/div><div class=\"wpb_text_column us_custom_fd008dcc\"><div class=\"wpb_wrapper\"><h2 style=\"text-align: left;\">Product Series<\/h2>\n<\/div><\/div><div class=\"w-separator size_small\"><\/div><div class=\"g-cols wpb_row via_grid cols_3 laptops-cols_inherit tablets-cols_2 mobiles-cols_1 valign_top type_default\" style=\"--columns-gap:3rem;\"><div class=\"wpb_column vc_column_container\"><div class=\"vc_column-inner\"><div class=\"wpb_text_column\"><div class=\"wpb_wrapper\"><h5 class=\"w-text us_custom_2774bef1\"><span class=\"w-text-h\"><span class=\"w-text-value\">CareClean\u00ae D\u00fc\u015f\u00fck Diren\u00e7li Filtre Torbalar\u0131<\/span><\/span><\/h5>\n<\/div><\/div><div class=\"w-separator size_small\"><\/div><div class=\"w-image us_custom_9cf479d2 has_ratio align_none\"><div class=\"w-image-h\"><div style=\"padding-bottom:66.6667%\"><\/div><img decoding=\"async\" width=\"1000\" height=\"667\" src=\"https:\/\/www.aokaifilters.com\/wp-content\/uploads\/PE9PS9\u96c6\u5408.jpg\" class=\"attachment-large size-large\" alt=\"Filter bag\" loading=\"lazy\" title=\"\"><\/div><\/div><div class=\"w-separator size_small\"><\/div><div class=\"wpb_text_column\"><div class=\"wpb_wrapper\"><p>With a perfect balance of superior permeability, cleaning efficiency, and high filtration efficiency, CareClean\u00ae Low Resistance Filter Bags can flexibly address a variety of industrial dust collection challenges, delivering value to customers across different scenarios and industries.<\/p>\n<\/div><\/div><div class=\"w-btn-wrapper align_right\"><a class=\"w-btn us-btn-style_8 us_custom_47e68cdb has_text_color icon_atleft\" href=\"\/tr\/products\/filter-bags-by-product-series\/careclean-low-resistance\/\"><i class=\"fas fa-arrow-right\"><\/i><span class=\"w-btn-label\">Learn More<\/span><\/a><\/div><\/div><\/div><div class=\"wpb_column vc_column_container\"><div class=\"vc_column-inner\"><div class=\"wpb_text_column\"><div class=\"wpb_wrapper\"><h5>PaveClean<span class=\"w-text-h\"><span class=\"w-text-value\">\u00ae Low Emission Filter Bags<\/span><\/span><\/h5>\n<\/div><\/div><div class=\"w-separator size_small\"><\/div><div class=\"w-image us_custom_9cf479d2 has_ratio align_none\"><div class=\"w-image-h\"><div style=\"padding-bottom:66.6667%\"><\/div><img decoding=\"async\" width=\"1000\" height=\"667\" src=\"https:\/\/www.aokaifilters.com\/wp-content\/uploads\/\u5e7b\u5f69\u82b3\u7eb6.jpg\" class=\"attachment-large size-large\" alt=\"nomex fabric\" loading=\"lazy\" title=\"\"><\/div><\/div><div class=\"w-separator size_small\"><\/div><div class=\"wpb_text_column\"><div class=\"wpb_wrapper\"><p>PaveClean\u00ae Low Emission Filter Bags are specifically designed for the asphalt industry. Using finer fibers and optimized fiber entanglement manufacturing technology, we can meet any emission requirements at any asphalt plants. Our bags are trusted across all major asphalt brands.<\/p>\n<\/div><\/div><\/div><\/div><div class=\"wpb_column vc_column_container\"><div class=\"vc_column-inner\"><div class=\"wpb_text_column\"><div class=\"wpb_wrapper\"><h5>Cabture<span class=\"w-text-h\"><span class=\"w-text-value\">\u00ae Long Lasting Filter Bags<\/span><\/span><\/h5>\n<\/div><\/div><div class=\"w-separator size_small\"><\/div><div class=\"w-image us_custom_9cf479d2 has_ratio align_none\"><div class=\"w-image-h\"><div style=\"padding-bottom:66.6667%\"><\/div><img decoding=\"async\" width=\"1000\" height=\"666\" src=\"https:\/\/www.aokaifilters.com\/wp-content\/uploads\/Cabture-1.jpg\" class=\"attachment-large size-large\" alt=\"PPS+PTFE Filter Bags\" loading=\"lazy\" title=\"\"><\/div><\/div><div class=\"w-separator size_small\"><\/div><div class=\"wpb_text_column\"><div class=\"wpb_wrapper\"><p>Cabture\u00ae Long Lasting Filter Bags, featuring advanced PTFE filter media (both membrane and non-membrane), are engineered for optimal dust collection performance. They delivers exceptionally high filtration efficiency, a long service life, and effortless cleanability, all of which contribute to significantly lower system energy consumption.<\/p>\n<\/div><\/div><\/div><\/div><\/div><\/div><\/div><\/div><\/div><\/section>","protected":false},"excerpt":{"rendered":"Research &#038; DevelopmentR&amp;D Team Laboratory Product Series Advanced Laboratory Our in-house advanced laboratory is equipped with state-of-the-art instruments, including air permeability testers, tensile strength analyzers, abrasion resistance testers, chemical resistance chambers, filtration efficiency simulation systems, and a scanning electron microscope (SEM) for detailed microstructure analysis. VDI Testing Scanning Electron Microscope Capillary Flow Porometer Permeability Testing...","protected":false},"author":4,"featured_media":0,"parent":979,"menu_order":0,"comment_status":"closed","ping_status":"closed","template":"","meta":{"_acf_changed":false,"footnotes":""},"class_list":["post-15943","page","type-page","status-publish","hentry"],"acf":[],"_links":{"self":[{"href":"https:\/\/www.aokaifilters.com\/tr\/wp-json\/wp\/v2\/pages\/15943","targetHints":{"allow":["GET"]}}],"collection":[{"href":"https:\/\/www.aokaifilters.com\/tr\/wp-json\/wp\/v2\/pages"}],"about":[{"href":"https:\/\/www.aokaifilters.com\/tr\/wp-json\/wp\/v2\/types\/page"}],"author":[{"embeddable":true,"href":"https:\/\/www.aokaifilters.com\/tr\/wp-json\/wp\/v2\/users\/4"}],"replies":[{"embeddable":true,"href":"https:\/\/www.aokaifilters.com\/tr\/wp-json\/wp\/v2\/comments?post=15943"}],"version-history":[{"count":0,"href":"https:\/\/www.aokaifilters.com\/tr\/wp-json\/wp\/v2\/pages\/15943\/revisions"}],"up":[{"embeddable":true,"href":"https:\/\/www.aokaifilters.com\/tr\/wp-json\/wp\/v2\/pages\/979"}],"wp:attachment":[{"href":"https:\/\/www.aokaifilters.com\/tr\/wp-json\/wp\/v2\/media?parent=15943"}],"curies":[{"name":"wp","href":"https:\/\/api.w.org\/{rel}","templated":true}]}}