{"id":11858,"date":"2024-02-05T08:14:09","date_gmt":"2024-02-05T08:14:09","guid":{"rendered":"https:\/\/www.aokaifilters.com\/?page_id=11858"},"modified":"2025-04-29T01:26:23","modified_gmt":"2025-04-29T01:26:23","slug":"get-a-quote","status":"publish","type":"page","link":"https:\/\/www.aokaifilters.com\/tr\/get-a-quote\/","title":{"rendered":"Get a Quote"},"content":{"rendered":"<section class=\"l-section wpb_row height_auto\"><div class=\"l-section-h i-cf\"><div class=\"g-cols vc_row via_grid cols_1 laptops-cols_inherit tablets-cols_inherit mobiles-cols_1 valign_top type_default stacking_default\"><div class=\"wpb_column vc_column_container us_custom_799e4856\"><div class=\"vc_column-inner\"><h1 class=\"w-post-elm post_title us_custom_6745946f has_text_color align_center entry-title\">Get a Quote<\/h1><div class=\"w-separator size_small\"><\/div><div class=\"g-cols wpb_row via_grid cols_2 laptops-cols_inherit tablets-cols_inherit mobiles-cols_1 valign_top type_default stacking_default\" style=\"--columns-gap:5rem;\"><div class=\"wpb_column vc_column_container\"><div class=\"vc_column-inner\"><div class=\"wpb_text_column\"><div class=\"wpb_wrapper\"><h2>Thank You for Choosing Aokai<\/h2>\n<p>Speak with an Aokai filtration specialist to discuss your filtration needs by filling out the form. For speedy response and accurate estimate, you may want to provide Aokai with the following information:<\/p>\n<h4>Baghouse Characteristics<\/h4>\n<ul>\n<li>Baghouse type and cleaning method<\/li>\n<li>Current filter media material and specifications<\/li>\n<li>Current filter bag specifications and quantity<\/li>\n<li>Issues or problems you are currently experiencing<\/li>\n<\/ul>\n<h4>Dust Property<\/h4>\n<ul>\n<li>Particle size and density<\/li>\n<li>Particle size distribution<\/li>\n<li>Chemistry and physical characteristics (corrosion &amp; abrasion)<\/li>\n<li>Temperature and moisture<\/li>\n<li>Combustibility<\/li>\n<\/ul>\n<h4>Key Operational Factor<\/h4>\n<ul>\n<li>Air flow rate<\/li>\n<li>Current air-to-cloth ratio<\/li>\n<li>Differential pressure<\/li>\n<\/ul>\n<\/div><\/div><\/div><\/div><div class=\"wpb_column vc_column_container us_custom_25dcf6bf has_bg_color\"><div class=\"vc_column-inner\"><div class=\"wpb_text_column\"><div class=\"wpb_wrapper\"><h2>Request a Quote:<\/h2>\n<\/div><\/div><div class=\"w-separator size_small\"><\/div><form class=\"w-form  us-field-style_1 us_custom_ade78ddb layout_ver show_message_after_sending for_cform us_form_1\" action=\"https:\/\/www.aokaifilters.com\/tr\/tr\/wp-json\/wp\/v2\/pages\/11858\" method=\"post\" style=\"--fields-gap:1.5rem\" data-trp-original-action=\"https:\/\/www.aokaifilters.com\/tr\/tr\/wp-json\/wp\/v2\/pages\/11858\"><div class=\"w-form-h\"><div class=\"w-form-row for_text required\">\r\n\t\t<div class=\"w-form-row-field\">\r\n\t\t\t\t\t\t<input aria-label=\"Name\" type=\"text\" name=\"us_form_1_text_1\" value placeholder=\"Name *\" data-required=\"true\" aria-required=\"true\"\/>\r\n\t\t\t<\/div>\r\n\t\t<div class=\"w-form-row-state\">Bu alan\u0131 doldurun<\/div>\r\n<\/div>\r\n<div class=\"w-form-row for_email required cols_2\">\r\n\t\t<div class=\"w-form-row-field\">\r\n\t\t\t\t\t\t<input aria-label=\"E-posta\" type=\"email\" name=\"us_form_1_email_1\" value placeholder=\"Email *\" data-required=\"true\" aria-required=\"true\"\/>\r\n\t\t\t<\/div>\r\n\t\t<div class=\"w-form-row-state\">L\u00fctfen ge\u00e7erli bir e-posta adresi yaz\u0131n.<\/div>\r\n<\/div>\r\n<div class=\"w-form-row for_text cols_2\">\r\n\t\t<div class=\"w-form-row-field\">\r\n\t\t\t\t\t\t<input aria-label=\"Phone\" type=\"text\" name=\"us_form_1_text_2\" value placeholder=\"Phone\"\/>\r\n\t\t\t<\/div>\r\n\t\t<div class=\"w-form-row-state\">Bu alan\u0131 doldurun<\/div>\r\n<\/div>\r\n<div class=\"w-form-row for_text required cols_2\">\r\n\t\t<div class=\"w-form-row-field\">\r\n\t\t\t\t\t\t<input aria-label=\"Company\" type=\"text\" name=\"us_form_1_text_3\" value placeholder=\"Company *\" data-required=\"true\" aria-required=\"true\"\/>\r\n\t\t\t<\/div>\r\n\t\t<div class=\"w-form-row-state\">Bu alan\u0131 doldurun<\/div>\r\n<\/div>\r\n<div class=\"w-form-row for_text cols_2\">\r\n\t\t<div class=\"w-form-row-field\">\r\n\t\t\t\t\t\t<input aria-label=\"Location\" type=\"text\" name=\"us_form_1_text_4\" value placeholder=\"Location\"\/>\r\n\t\t\t<\/div>\r\n\t\t<div class=\"w-form-row-state\">Bu alan\u0131 doldurun<\/div>\r\n<\/div>\r\n<div class=\"w-form-row for_text\">\r\n\t\t<div class=\"w-form-row-field\">\r\n\t\t\t\t\t\t<input aria-label=\"Products you are interested in?\" type=\"text\" name=\"us_form_1_text_5\" value placeholder=\"Products you are interested in?\"\/>\r\n\t\t\t<\/div>\r\n\t\t<div class=\"w-form-row-state\">Bu alan\u0131 doldurun<\/div>\r\n<\/div>\r\n<div class=\"w-form-row for_textarea\">\r\n\t\t<div class=\"w-form-row-field\">\r\n\t\t\t\t\t\t<textarea aria-label=\"How can we help you?\" name=\"us_form_1_textarea_1\" placeholder=\"How can we help you?\"><\/textarea>\r\n\t\t\t<\/div>\r\n\t\t<div class=\"w-form-row-state\">Bu alan\u0131 doldurun<\/div>\r\n<\/div>\r\n<input type=\"hidden\" name=\"action\" value=\"us_ajax_cform\" \/>\r\n<input type=\"hidden\" name=\"post_id\" value=\"0\" \/>\r\n<input type=\"hidden\" name=\"form_index\" value=\"1\" \/>\r\n<div class=\"w-form-row for_submit align_justify\">\r\n\t<button class=\"w-btn  us-btn-style_9\" aria-label=\"G\u00f6nder\" type=\"submit\">\r\n\t\t<span class=\"g-preloader type_1\"><\/span>\r\n\t\t\t\t<span class=\"w-btn-label\">G\u00f6nder<\/span>\r\n\t\t\t<\/button>\r\n\t<\/div>\r\n<\/div><div class=\"w-form-message\"><\/div><div class=\"w-form-json hidden\" onclick='return {&quot;ajaxurl&quot;:&quot;https:\\\/\\\/www.aokaifilters.com\\\/wp-admin\\\/admin-ajax.php&quot;,&quot;messages&quot;:{&quot;err_empty&quot;:&quot;Bu alan\\u0131 doldurun&quot;,&quot;err_size&quot;:&quot;Dosya boyutu %s MB&#039;\\u0131 a\\u015famaz&quot;,&quot;err_extension&quot;:&quot;%s dosya t\\u00fcr\\u00fcne izin verilmiyor&quot;,&quot;err_recaptcha_keys&quot;:&quot;reCAPTCHA anahtarlar\\u0131 yanl\\u0131\\u015f&quot;}}'><\/div><input type=\"hidden\" name=\"trp-form-language\" value=\"tr\"\/><\/form><\/div><\/div><\/div><div class=\"w-separator size_medium\"><\/div><\/div><\/div><\/div><\/div><\/section>","protected":false},"excerpt":{"rendered":"Get a QuoteThank You for Choosing Aokai Speak with an Aokai filtration specialist to discuss your filtration needs by filling out the form. For speedy response and accurate estimate, you may want to provide Aokai with the following information: Baghouse Characteristics Baghouse type and cleaning method Current filter media material and specifications Current filter bag...","protected":false},"author":1,"featured_media":0,"parent":0,"menu_order":0,"comment_status":"closed","ping_status":"closed","template":"","meta":{"_acf_changed":false,"footnotes":""},"class_list":["post-11858","page","type-page","status-publish","hentry"],"acf":[],"_links":{"self":[{"href":"https:\/\/www.aokaifilters.com\/tr\/wp-json\/wp\/v2\/pages\/11858","targetHints":{"allow":["GET"]}}],"collection":[{"href":"https:\/\/www.aokaifilters.com\/tr\/wp-json\/wp\/v2\/pages"}],"about":[{"href":"https:\/\/www.aokaifilters.com\/tr\/wp-json\/wp\/v2\/types\/page"}],"author":[{"embeddable":true,"href":"https:\/\/www.aokaifilters.com\/tr\/wp-json\/wp\/v2\/users\/1"}],"replies":[{"embeddable":true,"href":"https:\/\/www.aokaifilters.com\/tr\/wp-json\/wp\/v2\/comments?post=11858"}],"version-history":[{"count":0,"href":"https:\/\/www.aokaifilters.com\/tr\/wp-json\/wp\/v2\/pages\/11858\/revisions"}],"wp:attachment":[{"href":"https:\/\/www.aokaifilters.com\/tr\/wp-json\/wp\/v2\/media?parent=11858"}],"curies":[{"name":"wp","href":"https:\/\/api.w.org\/{rel}","templated":true}]}}