{"id":10853,"date":"2023-10-09T03:22:00","date_gmt":"2023-10-09T03:22:00","guid":{"rendered":"https:\/\/www.aokaifilters.com\/?page_id=10853"},"modified":"2025-03-22T03:10:37","modified_gmt":"2025-03-22T03:10:37","slug":"terms-of-use","status":"publish","type":"page","link":"https:\/\/www.aokaifilters.com\/tr\/terms-of-use\/","title":{"rendered":"Kullan\u0131m Ko\u015fullar\u0131"},"content":{"rendered":"<section class=\"l-section wpb_row height_medium\"><div class=\"l-section-h i-cf\"><div class=\"g-cols vc_row via_grid cols_1 laptops-cols_inherit tablets-cols_inherit mobiles-cols_1 valign_top type_default stacking_default\"><div class=\"wpb_column vc_column_container\"><div class=\"vc_column-inner\"><h2 class=\"w-post-elm post_title us_custom_1ba5c71d has_text_color align_left entry-title color_link_inherit\">Kullan\u0131m Ko\u015fullar\u0131<\/h2><div class=\"w-separator size_small\"><\/div><div class=\"wpb_text_column\"><div class=\"wpb_wrapper\"><div data-slate-type=\"paragraph\">\n<div data-slate-type=\"paragraph\">\n<div data-slate-type=\"paragraph\"><em>Son G\u00fcncelleme 9 Ekim 2023<\/em><\/div>\n<div data-slate-type=\"paragraph\"><em>\u00a0<\/em><\/div>\n<\/div>\n<div data-slate-type=\"paragraph\">\u00a0<\/div>\n<div data-slate-type=\"paragraph\">Ho\u015f geldiniz <a href=\"https:\/\/www.aokaifilters.com\/tr\/\">www.aokaifilters.com<\/a> (\u201cWeb Sitesi\u201d). Bu Kullan\u0131m Ko\u015fullar\u0131, Web Sitesini kullan\u0131m\u0131n\u0131z\u0131 ve Web Sitesine eri\u015fiminizi y\u00f6netir. Bu Web Sitesini kullanarak, bu Kullan\u0131m Ko\u015fullar\u0131na uymay\u0131 ve bunlara ba\u011fl\u0131 kalmay\u0131 kabul etmi\u015f olursunuz. Bu \u015fartlar\u0131 kabul etmiyorsan\u0131z, l\u00fctfen bu Web Sitesini kullanmay\u0131n.<\/div>\n<h3 class=\"wp-block-heading\" data-slate-type=\"paragraph\">Web Sitesine Eri\u015fim ve Kullan\u0131m<\/h3>\n<h4 data-slate-type=\"paragraph\">Ya\u015f S\u0131n\u0131rlamas\u0131<\/h4>\n<div data-slate-type=\"paragraph\">Bu Web Sitesinin kullan\u0131m\u0131, en az 18 ya\u015f\u0131nda olan veya ba\u011flay\u0131c\u0131 s\u00f6zle\u015fmeler yapmak i\u00e7in yasal kapasiteye sahip ki\u015filerle s\u0131n\u0131rl\u0131d\u0131r. Web Sitesine eri\u015ferek ve Web Sitesini kullanarak, bu kriterleri kar\u015f\u0131lad\u0131\u011f\u0131n\u0131z\u0131 beyan etmi\u015f olursunuz.<\/div>\n<h4 data-slate-type=\"paragraph\">Lisans<\/h4>\n<div data-slate-type=\"paragraph\">Bu Kullan\u0131m Ko\u015fullar\u0131na uyman\u0131za ba\u011fl\u0131 olarak, Web Sitesine ki\u015fisel ve ticari ama\u00e7larla eri\u015fmeniz ve kullanman\u0131z i\u00e7in size s\u0131n\u0131rl\u0131, m\u00fcnhas\u0131r olmayan, devredilemez, geri al\u0131nabilir bir lisans veriyoruz.<\/div>\n<h4 data-slate-type=\"paragraph\">Yasaklanm\u0131\u015f Faaliyetler<\/h4>\n<div data-slate-type=\"paragraph\">Web Sitesini yaln\u0131zca yasal ama\u00e7lar i\u00e7in ve bu Kullan\u0131m Ko\u015fullar\u0131na uygun olarak kullanmay\u0131 kabul edersiniz. Yasaklanan faaliyetler a\u015fa\u011f\u0131dakileri i\u00e7erir, ancak bunlarla s\u0131n\u0131rl\u0131 de\u011fildir:<\/div>\n<div data-slate-type=\"paragraph\">\u00a0<\/div>\n<ul>\n<li data-slate-type=\"paragraph\">Y\u00fcr\u00fcrl\u00fckteki herhangi bir yasa veya y\u00f6netmeli\u011fi ihlal etmek.<\/li>\n<li data-slate-type=\"paragraph\">Yanl\u0131\u015f, hatal\u0131 veya yan\u0131lt\u0131c\u0131 bilgi yay\u0131nlamak.<\/li>\n<li data-slate-type=\"paragraph\">Herhangi bir vir\u00fcs, k\u00f6t\u00fc ama\u00e7l\u0131 yaz\u0131l\u0131m veya zararl\u0131 kod y\u00fcklemek veya iletmek.<\/li>\n<li data-slate-type=\"paragraph\">Web Sitesine veya herhangi bir kullan\u0131c\u0131 hesab\u0131na yetkisiz eri\u015fim elde etmeye \u00e7al\u0131\u015fmak.<\/li>\n<li data-slate-type=\"paragraph\">Web Sitesinin i\u015flevselli\u011fine zarar verebilecek, devre d\u0131\u015f\u0131 b\u0131rakabilecek veya bozabilecek veya di\u011fer kullan\u0131c\u0131lar\u0131n Web Sitesine eri\u015fimini engelleyebilecek herhangi bir faaliyette bulunmak.<\/li>\n<li data-slate-type=\"paragraph\">Herhangi bir ki\u015fi veya kurulu\u015fun kimli\u011fine b\u00fcr\u00fcnmek veya herhangi bir ki\u015fi veya kurulu\u015fla olan ili\u015fkinizi yanl\u0131\u015f ifade etmek veya yanl\u0131\u015f tan\u0131tmak.<\/li>\n<\/ul>\n<h4 data-slate-type=\"paragraph\">Fikri M\u00fclkiyet Haklar\u0131<\/h4>\n<div data-slate-type=\"paragraph\">Web sitesi, i\u00e7eri\u011fi (kullan\u0131c\u0131 taraf\u0131ndan olu\u015fturulan i\u00e7erik hari\u00e7), ticari markalar, logolar ve di\u011fer t\u00fcm tescilli materyaller bize aittir veya bize lisansl\u0131d\u0131r. \u00d6nceden yaz\u0131l\u0131 iznimiz olmadan Web Sitemizdeki herhangi bir materyali \u00e7o\u011faltmamal\u0131, da\u011f\u0131tmamal\u0131, de\u011fi\u015ftirmemeli, t\u00fcrev \u00e7al\u0131\u015fmalar olu\u015fturmamal\u0131, kamuya a\u00e7\u0131k olarak sergilememeli, kamuya a\u00e7\u0131k olarak ger\u00e7ekle\u015ftirmemeli, yeniden yay\u0131nlamamal\u0131, indirmemeli, saklamamal\u0131 veya iletmemelisiniz.<\/div>\n<h3 data-slate-type=\"paragraph\">Kullan\u0131c\u0131 Hesab\u0131<\/h3>\n<div data-slate-type=\"paragraph\">Web Sitesinin belirli \u00f6zelliklerine eri\u015fmek i\u00e7in kay\u0131t olman\u0131z ve bir hesap olu\u015fturman\u0131z gerekebilir. Hesap bilgilerinizin gizlili\u011fini korumak sizin sorumlulu\u011funuzdad\u0131r ve hesab\u0131n\u0131z alt\u0131nda ger\u00e7ekle\u015fen t\u00fcm faaliyetlerden tamamen siz sorumlusunuz. Hesab\u0131n\u0131z\u0131n yetkisiz kullan\u0131m\u0131ndan \u015f\u00fcpheleniyorsan\u0131z derhal bize bildirin.<\/div>\n<h3 data-slate-type=\"paragraph\">Kullan\u0131c\u0131 Taraf\u0131ndan Olu\u015fturulan \u0130\u00e7erik<\/h3>\n<h4 data-slate-type=\"paragraph\">Ba\u015fvurular<\/h4>\n<div data-slate-type=\"paragraph\">Web Sitesi, kullan\u0131c\u0131lar\u0131n incelemeler, yorumlar ve referanslar dahil ancak bunlarla s\u0131n\u0131rl\u0131 olmamak \u00fczere i\u00e7erik g\u00f6ndermesine, yay\u0131nlamas\u0131na veya iletmesine olanak tan\u0131yan etkile\u015fimli \u00f6zellikler sunabilir. \u0130\u00e7erik g\u00f6ndererek, i\u00e7eri\u011fi Web Sitesi ile ba\u011flant\u0131l\u0131 olarak \u00e7o\u011faltmak, da\u011f\u0131tmak, g\u00f6r\u00fcnt\u00fclemek ve ger\u00e7ekle\u015ftirmek i\u00e7in bize m\u00fcnhas\u0131r olmayan, geri al\u0131namaz, d\u00fcnya \u00e7ap\u0131nda, telifsiz bir lisans vermi\u015f olursunuz.<\/div>\n<h4 data-slate-type=\"paragraph\">\u0130\u00e7erik i\u00e7in Sorumluluk<\/h4>\n<div data-slate-type=\"paragraph\">G\u00f6nderdi\u011finiz i\u00e7erikten yaln\u0131zca siz sorumlusunuz ve bu i\u00e7erik y\u00fcr\u00fcrl\u00fckteki t\u00fcm yasa ve y\u00f6netmeliklere uygun olmal\u0131d\u0131r. Ba\u015fkalar\u0131n\u0131n haklar\u0131n\u0131 ihlal eden, m\u00fcstehcen, karalay\u0131c\u0131 veya ba\u015fka bir \u015fekilde sak\u0131ncal\u0131 herhangi bir i\u00e7erik g\u00f6ndermeyin. Bu Kullan\u0131m Ko\u015fullar\u0131n\u0131 ihlal eden herhangi bir i\u00e7eri\u011fi kald\u0131rma veya de\u011fi\u015ftirme hakk\u0131m\u0131z\u0131 sakl\u0131 tutar\u0131z.<\/div>\n<h3 data-slate-type=\"paragraph\">Garantilerin Reddi ve Sorumlulu\u011fun S\u0131n\u0131rland\u0131r\u0131lmas\u0131<\/h3>\n<h4 data-slate-type=\"paragraph\">Garanti Yok<\/h4>\n<div data-slate-type=\"paragraph\">Web Sitesi ve i\u00e7eri\u011fi \u201coldu\u011fu gibi\u201d ve \u201cmevcut oldu\u011fu \u015fekilde\u201d sa\u011flanmaktad\u0131r. Web Sitesinin \u00e7al\u0131\u015fmas\u0131 veya kullan\u0131labilirli\u011fi veya i\u00e7eri\u011finin do\u011frulu\u011fu, eksiksizli\u011fi, g\u00fcvenilirli\u011fi veya g\u00fcncelli\u011fi ile ilgili a\u00e7\u0131k veya z\u0131mni hi\u00e7bir beyan veya garanti vermiyoruz.<\/div>\n<h4 data-slate-type=\"paragraph\">Sorumlulu\u011fun S\u0131n\u0131rland\u0131r\u0131lmas\u0131<\/h4>\n<div data-slate-type=\"paragraph\">Biz veya i\u015ftiraklerimiz, bu Kullan\u0131m Ko\u015fullar\u0131ndan veya Web Sitesinin kullan\u0131m\u0131ndan kaynaklanan veya bunlarla ilgili olan do\u011frudan, dolayl\u0131, ar\u0131zi, \u00f6zel, sonu\u00e7 olarak ortaya \u00e7\u0131kan veya cezai zararlardan, bu t\u00fcr zararlar\u0131n olas\u0131l\u0131\u011f\u0131 konusunda bilgilendirilmi\u015f olsak bile, hi\u00e7bir durumda sorumlu olmayaca\u011f\u0131z. Web Sitesi ile ilgili memnuniyetsizli\u011finiz i\u00e7in tek \u00e7\u00f6z\u00fcm yolunuz Web Sitesini kullanmay\u0131 b\u0131rakmakt\u0131r.<\/div>\n<h3 data-slate-type=\"paragraph\">De\u011fi\u015fiklik ve Fesih<\/h3>\n<div data-slate-type=\"paragraph\">Web Sitesini veya herhangi bir b\u00f6l\u00fcm\u00fcn\u00fc \u00f6nceden haber vermeksizin herhangi bir zamanda de\u011fi\u015ftirme, ask\u0131ya alma veya feshetme hakk\u0131m\u0131z\u0131 sakl\u0131 tutar\u0131z. Ayr\u0131ca bu Kullan\u0131m Ko\u015fullar\u0131n\u0131 zaman zaman bildirimde bulunmaks\u0131z\u0131n de\u011fi\u015ftirebiliriz. Herhangi bir de\u011fi\u015fiklik i\u00e7in bu Kullan\u0131m Ko\u015fullar\u0131n\u0131 periyodik olarak g\u00f6zden ge\u00e7irmek sizin sorumlulu\u011funuzdad\u0131r.<\/div>\n<h3 data-slate-type=\"paragraph\">Ge\u00e7erli Hukuk ve Yarg\u0131 Yetkisi<\/h3>\n<div data-slate-type=\"paragraph\">Bu Kullan\u0131m Ko\u015fullar\u0131, \u00c7in Halk Cumhuriyeti yasalar\u0131na g\u00f6re y\u00f6netilecek ve yorumlanacakt\u0131r. Bu Kullan\u0131m Ko\u015fullar\u0131ndan veya Web Sitesini kullan\u0131m\u0131n\u0131zdan kaynaklanan veya bunlarla ilgili herhangi bir yasal i\u015flem veya dava, m\u00fcnhas\u0131ran \u00c7in Halk Cumhuriyeti'nde bulunan uygun mahkemelerde a\u00e7\u0131lacakt\u0131r ve bu mahkemelerin ki\u015fisel yarg\u0131 yetkisine r\u0131za g\u00f6sterirsiniz.<\/div>\n<h3 data-slate-type=\"paragraph\">Bize Ula\u015f\u0131n<\/h3>\n<div data-slate-type=\"paragraph\">Bu Kullan\u0131m Ko\u015fullar\u0131 hakk\u0131nda herhangi bir sorunuz veya endi\u015feniz varsa, l\u00fctfen bizimle \u015fu adresten ileti\u015fime ge\u00e7in <a href=\"mailto:info@aokaifilters.com\">info@aokaifilters.com<\/a>.<\/div>\n<\/div>\n<\/div><\/div><\/div><\/div><\/div><\/div><\/section>","protected":false},"excerpt":{"rendered":"Terms of Use Last Updated: Oct. 9, 2023 \u00a0 \u00a0 Welcome to www.aokaifilters.com (the &#8220;Website&#8221;). These Terms of Use govern your use and access to the Website. By using this Website, you agree to comply with and be bound by these Terms of Use. If you do not agree with these terms, please do not...","protected":false},"author":1,"featured_media":0,"parent":0,"menu_order":0,"comment_status":"closed","ping_status":"closed","template":"","meta":{"_acf_changed":false,"footnotes":""},"class_list":["post-10853","page","type-page","status-publish","hentry"],"acf":[],"_links":{"self":[{"href":"https:\/\/www.aokaifilters.com\/tr\/wp-json\/wp\/v2\/pages\/10853","targetHints":{"allow":["GET"]}}],"collection":[{"href":"https:\/\/www.aokaifilters.com\/tr\/wp-json\/wp\/v2\/pages"}],"about":[{"href":"https:\/\/www.aokaifilters.com\/tr\/wp-json\/wp\/v2\/types\/page"}],"author":[{"embeddable":true,"href":"https:\/\/www.aokaifilters.com\/tr\/wp-json\/wp\/v2\/users\/1"}],"replies":[{"embeddable":true,"href":"https:\/\/www.aokaifilters.com\/tr\/wp-json\/wp\/v2\/comments?post=10853"}],"version-history":[{"count":0,"href":"https:\/\/www.aokaifilters.com\/tr\/wp-json\/wp\/v2\/pages\/10853\/revisions"}],"wp:attachment":[{"href":"https:\/\/www.aokaifilters.com\/tr\/wp-json\/wp\/v2\/media?parent=10853"}],"curies":[{"name":"wp","href":"https:\/\/api.w.org\/{rel}","templated":true}]}}